{"id":2986,"date":"2018-06-28T17:07:56","date_gmt":"2018-06-28T15:07:56","guid":{"rendered":"https:\/\/www.arden-plast.com\/notre-metier\/"},"modified":"2019-05-29T12:51:53","modified_gmt":"2019-05-29T10:51:53","slug":"unser-geschaeft","status":"publish","type":"page","link":"https:\/\/www.arden-plast.com\/de\/unser-geschaeft\/","title":{"rendered":"Unser Gesch\u00e4ft"},"content":{"rendered":"<p>[vc_row full_width=&#8220;stretch_row_content_no_spaces&#8220; css=&#8220;.vc_custom_1559122572660{background-image: url(https:\/\/www.arden-plast.com\/wp-content\/uploads\/2019\/05\/work-line-tt.jpg?id=3181) !important;}&#8220; el_class=&#8220;custom-background&#8220;][vc_column el_class=&#8220;pt-0&#8243;][vc_column_text css=&#8220;.vc_custom_1559127112694{padding-top: 6rem !important;padding-bottom: 6rem !important;}&#8220; el_class=&#8220;m-auto container blue-filter heavy &#8222;]<\/p>\n<h2><span style=\"color: #ffffff;\">Von der Studie bis zur Erstellung, f\u00fcr den Schutz, die Verkeilung, Verpackung Ihres Produkts oder Ihrer Komponenten<\/span><\/h2>\n<p>[\/vc_column_text][\/vc_column][\/vc_row][vc_row][vc_column][vc_column_text el_class=&#8220;listing-style&#8220;]Sobald Sie Ihren Bedarf zum Ausdruck gebracht haben, sucht unser Planungsb\u00fcro nach der besten L\u00f6sung und erm\u00f6glicht Ihnen, mit weniger Mitteln besser zu sch\u00fctzen. Vorstudie, digitale Studie in 2- und 3D von Ihrer digitalen Formdefinition aus, schnelle Prototypenerstellung erm\u00f6glichen Ihnen eine Auswertung ohne Verz\u00f6gerung.<\/p>\n<h3 id=\"wk1\">Konzeption<\/h3>\n<p>Sobald Sie Ihren Bedarf zum Ausdruck gebracht haben, sucht unser Planungsb\u00fcro nach der besten L\u00f6sung und erm\u00f6glicht Ihnen, mit weniger Mitteln besser zu sch\u00fctzen.<br \/>\nPlanungsb\u00fcro nach der besten L\u00f6sung und erm\u00f6glicht Ihnen, mit weniger Mitteln besser zu sch\u00fctzen.<\/p>\n<h3 id=\"wk2\">Extrusion<\/h3>\n<p>Unsere 4 erg\u00e4nzenden Extrusionsanlagen erm\u00f6glichen die schnelle Produktion von Platten und Rollen aus HKP mit spezifischen Formaten, Farben, Zus\u00e4tzen oder Mischungen, spezifischer Markierung, Druck oder Etikettierung am Band f\u00fcr Ihren Bedarf.<\/p>\n<h3 id=\"wk3\">Zuschnitt<\/h3>\n<p>Unsere Vielfalt an Schneidpressen in allen Formaten, fortlaufend oder halbfortlaufend, die Verf\u00fcgbarkeit neuer Werkzeuge innerhalb von 3 Tagen sowie die Koordination mit dem Planungsb\u00fcro und Extrusion in Echtzeit stellen unabh\u00e4ngig vom Volumen eine schnelle und vollst\u00e4ndige Reaktion auf Ihren best\u00e4tigten Bedarf sicher.<\/p>\n<h3 id=\"wk4\">Formung<\/h3>\n<p>Wir biegen, falzen, schwei\u00dfen, kleben, um mit Wendigkeit die gew\u00e4hlte L\u00f6sung mit den gew\u00e4hlten Schablonen und Werkzeugen in Form zu bringen, die wir selbst entwickeln, um Ihnen einen kompletten Service mit der schnellsten und besten Umsetzung zu bieten.<\/p>\n<h3>R\u00fccknahme<\/h3>\n<p>Wir k\u00f6nnen die Produkte, die wir geliefert haben, zur\u00fccknehmen und wiederverwerten.[\/vc_column_text][\/vc_column][\/vc_row][vc_row css_animation=&#8220;bounceInUp&#8220;][vc_column css=&#8220;.vc_custom_1534500816889{margin-top: 2.5rem !important;}&#8220;][\/vc_column][\/vc_row]<\/p>\n","protected":false},"excerpt":{"rendered":"<p>[vc_row full_width=&#8220;stretch_row_content_no_spaces&#8220; css=&#8220;.vc_custom_1559122572660{background-image: url(https:\/\/www.arden-plast.com\/wp-content\/uploads\/2019\/05\/work-line-tt.jpg?id=3181) !important;}&#8220; el_class=&#8220;custom-background&#8220;][vc_column el_class=&#8220;pt-0&#8243;][vc_column_text css=&#8220;.vc_custom_1559127112694{padding-top: 6rem !important;padding-bottom: 6rem !important;}&#8220; el_class=&#8220;m-auto container blue-filter heavy &#8222;] Von der Studie bis zur Erstellung, f\u00fcr den Schutz, die Verkeilung, Verpackung Ihres&#8230;<\/p>\n","protected":false},"author":2,"featured_media":2829,"parent":0,"menu_order":0,"comment_status":"closed","ping_status":"closed","template":"","meta":{"footnotes":""},"class_list":["post-2986","page","type-page","status-publish","has-post-thumbnail","hentry"],"_links":{"self":[{"href":"https:\/\/www.arden-plast.com\/de\/wp-json\/wp\/v2\/pages\/2986\/"}],"collection":[{"href":"https:\/\/www.arden-plast.com\/de\/wp-json\/wp\/v2\/pages\/"}],"about":[{"href":"https:\/\/www.arden-plast.com\/de\/wp-json\/wp\/v2\/types\/page\/"}],"author":[{"embeddable":true,"href":"https:\/\/www.arden-plast.com\/de\/wp-json\/wp\/v2\/users\/2\/"}],"replies":[{"embeddable":true,"href":"https:\/\/www.arden-plast.com\/de\/wp-json\/wp\/v2\/comments\/?post=2986"}],"version-history":[{"count":5,"href":"https:\/\/www.arden-plast.com\/de\/wp-json\/wp\/v2\/pages\/2986\/revisions\/"}],"predecessor-version":[{"id":3281,"href":"https:\/\/www.arden-plast.com\/de\/wp-json\/wp\/v2\/pages\/2986\/revisions\/3281\/"}],"wp:featuredmedia":[{"embeddable":true,"href":"https:\/\/www.arden-plast.com\/de\/wp-json\/wp\/v2\/media\/2829\/"}],"wp:attachment":[{"href":"https:\/\/www.arden-plast.com\/de\/wp-json\/wp\/v2\/media\/?parent=2986"}],"curies":[{"name":"wp","href":"https:\/\/api.w.org\/{rel}","templated":true}]}}