{"id":2994,"date":"2018-06-28T17:08:08","date_gmt":"2018-06-28T15:08:08","guid":{"rendered":"https:\/\/www.arden-plast.com\/developpement-durable\/"},"modified":"2020-02-14T11:43:17","modified_gmt":"2020-02-14T10:43:17","slug":"nachhaltige-entwicklung","status":"publish","type":"page","link":"https:\/\/www.arden-plast.com\/de\/nachhaltige-entwicklung\/","title":{"rendered":"Nachhaltige Entwicklung"},"content":{"rendered":"<p>[vc_row full_width=&#8220;stretch_row_content_no_spaces&#8220;][vc_column][vc_ele_ecology background=&#8220;2859&#8243; content_big=&#8220;JTNDaDIlM0UlM0NzcGFuJTIwc3R5bGUlM0QlMjJjb2xvciUzQSUyMCUyM2ZmZmZmZiUzQiUyMiUzRUFyZGVucGxhc3QlMjBtJUMzJUI2Y2h0ZSUyMGplZGVuJTIwVGFnJTIwYW4lMjBkZXIlMjBuYWNoaGFsdGlnZW4lMjBFbnR3aWNrbHVuZyUyMGRlcyUyMCUzQ3NwYW4lMjBzdHlsZSUzRCUyMmNvbG9yJTNBJTIwJTIzZmNjMDAwJTNCJTIyJTNFR2VtZWlud29obHMlM0MlMkZzcGFuJTNFJTIwYXJiZWl0ZW4lM0MlMkZzcGFuJTNFJTNDJTJGaDIlM0U=&#8220; title1=&#8220;EIN WIEDERVERWENDBARES MATERIAL&#8220; text1=&#8220;Die bevorzugte Wahl eines abwaschbaren und daher nat\u00fcrlich wiederverwendbaren Materials&#8220; title2=&#8220;EIN WIEDERVERWERTBARES MATERIAL&#8220; text2=&#8220;Alle unsere Produkte aus 100 % HKP sind zu 100 % wiederverwertbar&#8220; title3=&#8220;WIEDERVERWENDBARE PRODUKTE&#8220; text3=&#8220;Entwicklung wiederverwendbarer Verpackungsl\u00f6sungen \u00fcber Jahre&#8220; title4=&#8220;EIN VERANTWORTLICHER EINSATZ&#8220; text4=&#8220;Ein dauerhafter kollektiver Einsatz f\u00fcr die Sicherheit und die Verbesserung der Arbeitsbedingungen&#8220; title5=&#8220;EINE WIRTSCHAFTLICHE KONZEPTION&#8220; text5=&#8220;Eine Konzeption, die darauf abzielt, in weniger mehr einzusetzen: besser sch\u00fctzen, l\u00e4nger, mit weniger Material&#8220; title6=&#8220;EINE EINFACHE PRODUKTION&#8220; text6=&#8220;Wir f\u00fchren 100 % der Produktionsabf\u00e4lle der Wiederverwertung und Wiederverwendung am Band oder vor Ort zu.&#8220;][\/vc_ele_ecology][\/vc_column][\/vc_row][vc_row full_width=&#8220;stretch_row&#8220; content_placement=&#8220;middle&#8220; el_class=&#8220;citation&#8220;][vc_column parallax=&#8220;content-moving&#8220; css=&#8220;.vc_custom_1532435501538{background-image: url(https:\/\/www.arden-plast.com\/wp-content\/uploads\/2018\/07\/bg-definition-350.jpg?id=305) !important;background-position: 0 0 !important;background-repeat: no-repeat !important;}&#8220; el_class=&#8220;bg-vertical-center&#8220;][vc_column_text]<\/p>\n<div class=\"container\">\n<p>* Wiederverwendbare Verpackung : &#8222;Eine Verpackung, die entwickelt, erstellt und auf den Markt gebracht wurde, um w\u00e4hrend ihres Lebenszyklus mehrere Strecken oder Umdrehungen ausf\u00fchren zu k\u00f6nnen, indem sie erneut aufgef\u00fcllt oder f\u00fcr einen Gebrauch erneut verwendet wird, der demjenigen gleicht, f\u00fcr den sie entwickelt wurde.&#8220;<\/p>\n<p><em>Quelle: Europ\u00e4ische Verpackungsrichtlinie 2018\/852 vom 30. Mai 2018<\/em><\/p>\n<\/div>\n<p>[\/vc_column_text][\/vc_column][\/vc_row][vc_row][vc_column el_class=&#8220;pt-0&#8243;][vc_column_text el_class=&#8220;m-auto container pt-0 p-0&#8243; css=&#8220;.vc_custom_1581676993992{padding-top: 9rem !important;padding-bottom: 9rem !important;}&#8220;]<\/p>\n<h4 class=\"no-under\" style=\"text-align: center; text-transform: uppercase; position: relative; line-height: 2.5rem;\"><span style=\"color: #000000;\"><em><strong>ES IST BESSER, EIN PRODUKT EINMAL HERZUSTELLEN UND ZU VERKAUFEN, DAS HUNDERTMAL WIEDERVERWENDET WIRD,<br class=\"d-none d-lg-block\" \/>ALS EIN PRODUKT HUNDERTMAL HERZUSTELLEN UND ZU VERKAUFEN, DAS EINMAL VERWENDET WERDEN KANN<br \/>\n<\/strong><\/em><\/span><\/h4>\n<p style=\"text-align: right; padding-right: 33.33%; margin-top: 15px;\"><em><strong>Beno\u00eet d\u2019Harcourt, Generaldirektor<\/strong><br \/>\nMouzon, mars 2018<\/em><\/p>\n<p>[\/vc_column_text][\/vc_column][\/vc_row]<\/p>\n","protected":false},"excerpt":{"rendered":"<p>[vc_row full_width=&#8220;stretch_row_content_no_spaces&#8220;][vc_column][vc_ele_ecology background=&#8220;2859&#8243; content_big=&#8220;JTNDaDIlM0UlM0NzcGFuJTIwc3R5bGUlM0QlMjJjb2xvciUzQSUyMCUyM2ZmZmZmZiUzQiUyMiUzRUFyZGVucGxhc3QlMjBtJUMzJUI2Y2h0ZSUyMGplZGVuJTIwVGFnJTIwYW4lMjBkZXIlMjBuYWNoaGFsdGlnZW4lMjBFbnR3aWNrbHVuZyUyMGRlcyUyMCUzQ3NwYW4lMjBzdHlsZSUzRCUyMmNvbG9yJTNBJTIwJTIzZmNjMDAwJTNCJTIyJTNFR2VtZWlud29obHMlM0MlMkZzcGFuJTNFJTIwYXJiZWl0ZW4lM0MlMkZzcGFuJTNFJTNDJTJGaDIlM0U=&#8220; title1=&#8220;EIN WIEDERVERWENDBARES MATERIAL&#8220; text1=&#8220;Die bevorzugte Wahl eines abwaschbaren und daher nat\u00fcrlich wiederverwendbaren Materials&#8220; title2=&#8220;EIN WIEDERVERWERTBARES MATERIAL&#8220; text2=&#8220;Alle unsere Produkte aus 100 % HKP sind zu 100&#8230;<\/p>\n","protected":false},"author":2,"featured_media":2829,"parent":0,"menu_order":0,"comment_status":"closed","ping_status":"closed","template":"","meta":{"footnotes":""},"class_list":["post-2994","page","type-page","status-publish","has-post-thumbnail","hentry"],"_links":{"self":[{"href":"https:\/\/www.arden-plast.com\/de\/wp-json\/wp\/v2\/pages\/2994\/"}],"collection":[{"href":"https:\/\/www.arden-plast.com\/de\/wp-json\/wp\/v2\/pages\/"}],"about":[{"href":"https:\/\/www.arden-plast.com\/de\/wp-json\/wp\/v2\/types\/page\/"}],"author":[{"embeddable":true,"href":"https:\/\/www.arden-plast.com\/de\/wp-json\/wp\/v2\/users\/2\/"}],"replies":[{"embeddable":true,"href":"https:\/\/www.arden-plast.com\/de\/wp-json\/wp\/v2\/comments\/?post=2994"}],"version-history":[{"count":5,"href":"https:\/\/www.arden-plast.com\/de\/wp-json\/wp\/v2\/pages\/2994\/revisions\/"}],"predecessor-version":[{"id":3385,"href":"https:\/\/www.arden-plast.com\/de\/wp-json\/wp\/v2\/pages\/2994\/revisions\/3385\/"}],"wp:featuredmedia":[{"embeddable":true,"href":"https:\/\/www.arden-plast.com\/de\/wp-json\/wp\/v2\/media\/2829\/"}],"wp:attachment":[{"href":"https:\/\/www.arden-plast.com\/de\/wp-json\/wp\/v2\/media\/?parent=2994"}],"curies":[{"name":"wp","href":"https:\/\/api.w.org\/{rel}","templated":true}]}}