{"id":2998,"date":"2018-06-28T17:08:29","date_gmt":"2018-06-28T15:08:29","guid":{"rendered":"https:\/\/www.arden-plast.com\/valeurs\/"},"modified":"2018-11-21T15:37:19","modified_gmt":"2018-11-21T14:37:19","slug":"werte","status":"publish","type":"page","link":"https:\/\/www.arden-plast.com\/de\/werte\/","title":{"rendered":"Werte"},"content":{"rendered":"<p>[vc_row full_width=&#8220;stretch_row_content_no_spaces&#8220; css=&#8220;.vc_custom_1537456038928{background-image: url(https:\/\/www.arden-plast.com\/wp-content\/uploads\/2018\/09\/arden-plast-valeurs-engagements.jpg?id=1997) !important;background-position: center !important;background-repeat: no-repeat !important;background-size: cover !important;}&#8220;][vc_column el_class=&#8220;pt-0&#8243;][vc_column_text el_class=&#8220;m-auto container blue-filter heavy&#8220; css=&#8220;.vc_custom_1542810722489{margin-top: 10rem !important;margin-bottom: 10rem !important;}&#8220;]<\/p>\n<h2><span style=\"color: #ffffff;\">Arden Plast bringt f\u00fcr seine Kunden eine Industrieerfahrung <br class=\"d-none d-lg-block\" \/><span style=\"color: #ffc000;\">von mehr als 30 Jahren mit<\/span><\/span><\/h2>\n<p>[\/vc_column_text][\/vc_column][\/vc_row][vc_row full_width=&#8220;stretch_row_content_no_spaces&#8220;][vc_column css=&#8220;.vc_custom_1534765723710{margin-bottom: 2rem !important;}&#8220;][vc_column_text el_class=&#8220;container m-auto&#8220; css=&#8220;.vc_custom_1542810737003{margin-bottom: 2rem !important;}&#8220;]<\/p>\n<h3 class=\"no-under\" style=\"text-align: center;\">Unsere Organisation in Verbindung mit der Beteiligung unserer Mitarbeiter erm\u00f6glichen uns, einen hohen Dienstleistungsgrad aufrechtzuerhalten, der auf einer Reihe von Werten beruht.<\/h3>\n<p>[\/vc_column_text][vc_row_inner equal_height=&#8220;yes&#8220; gap=&#8220;35&#8243; el_class=&#8220;container m-auto&#8220;][vc_column_inner el_class=&#8220;val-item&#8220; width=&#8220;1\/3&#8243; css=&#8220;.vc_custom_1536221589426{background-color: #ffffff !important;}&#8220;][vc_single_image image=&#8220;2240&#8243; img_size=&#8220;full&#8220; el_class=&#8220;ico text-center d-flex align-items-center&#8220;][vc_column_text el_class=&#8220;text-justify&#8220;]<\/p>\n<h3>Einfallsreichtum<\/h3>\n<p>Sobald Sie Ihren Bedarf zum Ausdruck gebracht haben, sucht unser Planungsb\u00fcro nach der besten L\u00f6sung und erm\u00f6glicht Ihnen, <strong>mit weniger Mitteln besser zu sch\u00fctzen<\/strong>.<\/p>\n<p>Vorstudie, digitale Studie in 2D und 3D von Ihrer digitalen Formdefinition aus, schnelle Prototypenerstellung erm\u00f6glichen Ihnen eine <strong>Auswertung ohne Zeitverlust<\/strong>.[\/vc_column_text][\/vc_column_inner][vc_column_inner el_class=&#8220;val-item&#8220; width=&#8220;1\/3&#8243; css=&#8220;.vc_custom_1536221597006{background-color: #ffffff !important;}&#8220;][vc_single_image image=&#8220;2242&#8243; img_size=&#8220;full&#8220; el_class=&#8220;ico text-center d-flex align-items-center&#8220;][vc_column_text el_class=&#8220;text-justify&#8220;]<\/p>\n<h3>Reaktionsf\u00e4higkeit<\/h3>\n<p>Die Kapazit\u00e4t unseres Industriestandorts, der an einem Ort ein Planungsb\u00fcro, Konzeption, Extrusion, Zuschnitt und Formung umfasst, erm\u00f6glicht uns, eine <strong>von unseren Kunden anerkannte Reaktionsf\u00e4higkeit<\/strong> zu bieten.[\/vc_column_text][\/vc_column_inner][vc_column_inner el_class=&#8220;val-item&#8220; width=&#8220;1\/3&#8243; css=&#8220;.vc_custom_1536221606977{background-color: #ffffff !important;}&#8220;][vc_single_image image=&#8220;2238&#8243; img_size=&#8220;full&#8220; el_class=&#8220;ico text-center d-flex align-items-center&#8220;][vc_column_text el_class=&#8220;text-justify&#8220;]<\/p>\n<h3>Wendigkeit<\/h3>\n<p>Wir setzen uns ein, um in unseren Konzeptionen, in unserer Organistion, in unseren Prozessen <strong>den \u00dcberfluss<\/strong> <strong>zu vermeiden<\/strong> und unaufh\u00f6rlich einen <strong>&#8222;Lean&#8220;-Betrieb zu f\u00fchren<\/strong>.[\/vc_column_text][\/vc_column_inner][\/vc_row_inner][vc_row_inner equal_height=&#8220;yes&#8220; gap=&#8220;35&#8243; el_class=&#8220;container m-auto&#8220;][vc_column_inner el_class=&#8220;val-item&#8220; width=&#8220;1\/3&#8243; css=&#8220;.vc_custom_1536221580676{background-color: #ffffff !important;}&#8220;][vc_single_image image=&#8220;2243&#8243; img_size=&#8220;full&#8220; el_class=&#8220;ico text-center d-flex align-items-center&#8220;][vc_column_text el_class=&#8220;text-justify&#8220;]<\/p>\n<h3>Service<\/h3>\n<p>Unser Betriebszweck ist die nachhaltige Entwicklung unseres Gebiets; unser Betriebsmittel ist der <strong>nachhaltige Service<\/strong> f\u00fcr unsere Kunden.<\/p>\n<p>Unsere gesamte Energie konzentriert sich darauf, dauerhaft auf ihre eigenen Schutz- und Verpackungsbed\u00fcrfnisse <strong>zu h\u00f6ren, sie zu verstehen und sie zu erf\u00fcllen<\/strong>.<\/p>\n<p>Unsere Wertsch\u00f6pfung muss ihnen <strong>das Leben vereinfachen<\/strong>.[\/vc_column_text][\/vc_column_inner][vc_column_inner el_class=&#8220;val-item&#8220; width=&#8220;1\/3&#8243; css=&#8220;.vc_custom_1536221572379{background-color: #ffffff !important;}&#8220;][vc_single_image image=&#8220;2241&#8243; img_size=&#8220;full&#8220; el_class=&#8220;ico text-center d-flex align-items-center&#8220;][vc_column_text el_class=&#8220;text-justify&#8220;]<\/p>\n<h3>Verantwortung<\/h3>\n<p>Wir setzen uns ein, Ardenplast besiegelt:<\/p>\n<ul>\n<li>seine <strong>Konzeption<\/strong><\/li>\n<li>seine <strong>Produkte<\/strong><\/li>\n<li>seinen <strong>Service<\/strong><\/li>\n<\/ul>\n<p>[\/vc_column_text][\/vc_column_inner][vc_column_inner el_class=&#8220;val-item&#8220; width=&#8220;1\/3&#8243; css=&#8220;.vc_custom_1536221565647{background-color: #ffffff !important;}&#8220;][vc_single_image image=&#8220;2239&#8243; img_size=&#8220;full&#8220; el_class=&#8220;ico text-center d-flex align-items-center&#8220;][vc_column_text el_class=&#8220;text-justify&#8220;]<\/p>\n<h3>Stolz<\/h3>\n<p>Wir f\u00fchlen uns geehrt, von unseren Kunden ausgew\u00e4hlt worden zu sein, um ihnen zu helfen, <strong>die besten zu werden<\/strong>.<\/p>\n<p>Wir bleiben bescheiden gegen\u00fcber den Fortschritten, die wir unaufh\u00f6rlich noch zu machen haben, aber wir m\u00f6chten <strong>jeden Tag stolz darauf sein<\/strong>, was wir erreichen.<\/p>\n<p>Wir arbeiten nur mit <strong>Partnern, Kunden und Lieferanten<\/strong> zusammen, die diesen Stolz zulassen.[\/vc_column_text][\/vc_column_inner][\/vc_row_inner][\/vc_column][\/vc_row]<\/p>\n","protected":false},"excerpt":{"rendered":"<p>[vc_row full_width=&#8220;stretch_row_content_no_spaces&#8220; css=&#8220;.vc_custom_1537456038928{background-image: url(https:\/\/www.arden-plast.com\/wp-content\/uploads\/2018\/09\/arden-plast-valeurs-engagements.jpg?id=1997) !important;background-position: center !important;background-repeat: no-repeat !important;background-size: cover !important;}&#8220;][vc_column el_class=&#8220;pt-0&#8243;][vc_column_text el_class=&#8220;m-auto container blue-filter heavy&#8220; css=&#8220;.vc_custom_1542810722489{margin-top: 10rem !important;margin-bottom: 10rem !important;}&#8220;] Arden Plast bringt f\u00fcr seine Kunden eine Industrieerfahrung von&#8230;<\/p>\n","protected":false},"author":2,"featured_media":2829,"parent":0,"menu_order":0,"comment_status":"closed","ping_status":"closed","template":"","meta":{"footnotes":""},"class_list":["post-2998","page","type-page","status-publish","has-post-thumbnail","hentry"],"_links":{"self":[{"href":"https:\/\/www.arden-plast.com\/de\/wp-json\/wp\/v2\/pages\/2998\/"}],"collection":[{"href":"https:\/\/www.arden-plast.com\/de\/wp-json\/wp\/v2\/pages\/"}],"about":[{"href":"https:\/\/www.arden-plast.com\/de\/wp-json\/wp\/v2\/types\/page\/"}],"author":[{"embeddable":true,"href":"https:\/\/www.arden-plast.com\/de\/wp-json\/wp\/v2\/users\/2\/"}],"replies":[{"embeddable":true,"href":"https:\/\/www.arden-plast.com\/de\/wp-json\/wp\/v2\/comments\/?post=2998"}],"version-history":[{"count":2,"href":"https:\/\/www.arden-plast.com\/de\/wp-json\/wp\/v2\/pages\/2998\/revisions\/"}],"predecessor-version":[{"id":3001,"href":"https:\/\/www.arden-plast.com\/de\/wp-json\/wp\/v2\/pages\/2998\/revisions\/3001\/"}],"wp:featuredmedia":[{"embeddable":true,"href":"https:\/\/www.arden-plast.com\/de\/wp-json\/wp\/v2\/media\/2829\/"}],"wp:attachment":[{"href":"https:\/\/www.arden-plast.com\/de\/wp-json\/wp\/v2\/media\/?parent=2998"}],"curies":[{"name":"wp","href":"https:\/\/api.w.org\/{rel}","templated":true}]}}