{"id":3010,"date":"2018-07-05T09:27:41","date_gmt":"2018-07-05T07:27:41","guid":{"rendered":"https:\/\/www.arden-plast.com\/politique-de-confidentialite\/"},"modified":"2018-11-21T15:54:01","modified_gmt":"2018-11-21T14:54:01","slug":"vertraulichkeitsrichtlinie","status":"publish","type":"page","link":"https:\/\/www.arden-plast.com\/de\/vertraulichkeitsrichtlinie\/","title":{"rendered":"Vertraulichkeitsrichtlinie"},"content":{"rendered":"<p>Willkommen auf der Website von ARDEN PLAST (nachstehend die &#8222;Website&#8220;) genannt, die von der Firma ARDEN PLAST herausgegeben wird.<\/p>\n<p>Unter Verwendung unserer Website k\u00f6nnen Sie an ARDEN PLAST pers\u00f6nliche Daten (Name, Vorname, E-Mail-Adresse usw.) \u00fcbermitteln, insbesondere \u00fcber Bestellformulare und Kontaktformulare, die auf der Website angeboten werden.<\/p>\n<p>&nbsp;<\/p>\n<h3><strong>1. ZWECKE DER VERARBEITUNG PERS\u00d6NLICHER DATEN<\/strong><\/h3>\n<p>Die \u00fcber die Website erhobenen pers\u00f6nlichen Daten sind notwendig, um auf Ihre Nachricht oder Anfrage zu antworten.<\/p>\n<p>Die mit einem Sternchen versehenen Informationen sind notwendig, um auf Ihre Nachrichten oder Anfragen zu antworten, es sei denn, sie sind als unverbindlich angegeben. Wenn die verlangten Informationen nicht gegeben werden, kann ARDEN PLAST die Anfrage nicht ber\u00fccksichtigen.<\/p>\n<p>Diese Informationen werden unter Verantwortung von ARDEN PLAST digitalisiert und sind ausschlie\u00dflich f\u00fcr dieses bestimmt, wenn es f\u00fcr die Beantwortung Ihrer Nachricht oder Anfrage zust\u00e4ndig ist.<\/p>\n<p>Daten pers\u00f6nlicher Art sind nur f\u00fcr zugelassene Personen zug\u00e4nglich.<\/p>\n<h3><strong>2. AUFBEWAHRUNGSDAUER DER DATEN<\/strong><\/h3>\n<p>Gem\u00e4\u00df den geltenden Vorschriften werden Daten pers\u00f6nlicher Art in einer Form, die eine Identifikation zul\u00e4sst, nur \u00fcber einen Zeitraum aufbewahrt, der die Dauer, die f\u00fcr die Zwecke notwendig ist, f\u00fcr die sie erhoben und verarbeitet werden, nicht \u00fcbersteigt.<\/p>\n<p>Zu diesem Zweck werden Daten pers\u00f6nlicher Art, die \u00fcber die Website erhoben werden, w\u00e4hrend der Zeit in einer aktiven Datenbank aufbewahrt, die notwendig ist, um die vorstehend genannten Zwecke zu erf\u00fcllen, und zwar \u00fcber einen Zeitraum von 3 (drei) Jahren nach ihrem letzten Kontakt mit ARDEN PLAST.<\/p>\n<p>&nbsp;<\/p>\n<h3><strong>3. AUS\u00dcBUNG DES ZUGANGS-, BERICHTIGUNGS- UND WIDERSPRUCHSRECHTS GEGEN VERARBEITUNGEN SOWIE VORAUSSICHTLICHE RICHTLINIEN<\/strong><\/h3>\n<p>Gem\u00e4\u00df den geltenden Vorschriften haben Sie ein Zugangs-, Berichtigungs- und L\u00f6schungsrecht in Bezug auf die Daten, die Sie betreffen, das Recht auf Beschr\u00e4nung der Verarbeitung dieser Daten, das Recht auf Widerspruch gegen die Verwendung dieser Daten, das Recht auf Portabilit\u00e4t dieser Daten und das Recht auf Formulierung von Richtlinien in Bezug auf die Aufbewahrung, L\u00f6schung und \u00dcbermittlung Ihrer Daten pers\u00f6nlicher Art nach Ihrem Tod.<\/p>\n<p>Sie k\u00f6nnen Ihre Rechte aus\u00fcben, indem Sie ein Schreiben an ARDEN PLAST, Zone industrielle du Jard \u2013 BP 18, F-08210 MOUZON (Frankreich) oder eine E-Mail an contact@ardenplast.com senden.<\/p>\n<p>Eine Fotokopie oder ein Scan eines Identit\u00e4tsnachweises kann je nach Art Ihrer Anfrage verlangt werden.<\/p>\n<p>Sie haben auch das Recht, eine Beschwerde bei der CNIL (Commission Nationale de l\u2019Informatique et des Libert\u00e9s, Nationale Kommission f\u00fcr Informatik und Freiheiten) vorzubringen.<\/p>\n<p>&nbsp;<\/p>\n<h3><strong>4. COOKIE-RICHTLINIE<\/strong><\/h3>\n<p><strong>WER SIND WIR?<\/strong><\/p>\n<p>Diese Rubrik erm\u00f6glicht Ihnen, mehr \u00fcber den Ursprung und die Verwendung von Navigationsinformationen zu erfahren, die beim Einsehen der Website verarbeitet werden, und \u00fcber Ihre Rechte.<\/p>\n<p>Beim Einsehen der Website k\u00f6nnen Informationen in Bezug auf die Navigation vom Endger\u00e4t der Internetnutzer (Computer, Tablet, Smartphone usw.) aus auf der Website in \u201eCookie\u201c-Dateien, die auf diesem Endger\u00e4t installiert werden, vorbehaltlich der von den Internetnutzern in Bezug auf Cookies zum Ausdruck gebrachten Entscheidungen, die jederzeit ge\u00e4ndert werden k\u00f6nnen, gespeichert werden.<\/p>\n<p><strong>WOZU DIENEN DIE AUF DIESER WEBSITE GESENDETEN COOKIES?<\/strong><\/p>\n<p>Nur der Absender eines Cookies kann die darin enthaltenen Informationen lesen oder \u00e4ndern.<\/p>\n<p><strong>Die auf der Website gesendeten Cookies<\/strong><\/p>\n<p>Wenn ein Internetnutzer sich mit der Website verbindet, kann ARDEN PLAST, unter Vorbehalt der Entscheidungen des Internetnutzers, veranlasst werden, verschiedene Cookies auf seinem Endger\u00e4t zu installieren, die erm\u00f6glichen, den Browser auf seinem Endger\u00e4t w\u00e4hrend der G\u00fcltigkeitsdauer des betreffenden Cookies zu erkennen. Die so gesendeten Cookies werden zu den vorstehend beschriebenen Zwecken unter Vorbehalt der Entscheidungen des Internetnutzers verwendet, die er jederzeit zum Ausdruck bringen kann.<\/p>\n<p><strong>Die gesendeten Cookies erm\u00f6glichen:<\/strong><\/p>\n<p>&#8211; Statistiken und Besucher- und Nutzungszahlen der verschiedenen Elemente zu erstellen, aus denen sich die Website zusammensetzt (besuchte Rubriken und Inhalte, Weg), was ARDEN PLAST erm\u00f6glicht, den Nutzen und die Ergonomie seiner Dienste zu verbessern;<\/p>\n<ul>\n<li>die Darstellung der Website an die Anzeigevorgaben des Endger\u00e4ts des Internetnutzers (verwendete Sprache, Aufl\u00f6sung der Anzeige, verwendetes Betriebssystem usw.) bei seinen Besuchen auf der Webseite je nach Anzeige- oder Leseger\u00e4ten und Software anzupassen, die dieses Endger\u00e4t umfasst;<\/li>\n<li>Informationen in Bezug auf ein vom Internetnutzer auf der Website ausgef\u00fclltes Formular zu speichern;<\/li>\n<\/ul>\n<p>In folgender Tabelle werden die von ARDEN PLAST verwendeten Cookies detailliert angegeben:<\/p>\n<table>\n<tbody>\n<tr>\n<td width=\"217\"><strong>Name des Cookies<\/strong><\/td>\n<td width=\"217\"><strong>Herausgeber des Cookies<\/strong><\/td>\n<td width=\"217\"><strong>Zweck des Cookies<\/strong><\/td>\n<\/tr>\n<tr>\n<td width=\"217\">Google analytics<\/td>\n<td width=\"217\">Google<\/td>\n<td width=\"217\">Das Publikum zu bemessen<\/td>\n<\/tr>\n<tr>\n<td width=\"217\"><\/td>\n<td width=\"217\"><\/td>\n<td width=\"217\"><\/td>\n<\/tr>\n<tr>\n<td width=\"217\"><\/td>\n<td width=\"217\"><\/td>\n<td width=\"217\"><\/td>\n<\/tr>\n<\/tbody>\n<\/table>\n<p>&nbsp;<\/p>\n<p><strong>IHRE ENTSCHEIDUNGEN IN BEZUG AUF COOKIES<\/strong><\/p>\n<p>Gem\u00e4\u00df der Vorschrift mit der Bezeichnung \u201eInformatik und Freiheiten\u201c nimmt ARDEN PLAST die vorherige Zustimmung des Internetnutzers zur Ablage von Cookies zur Publikumsbemessung auf.<\/p>\n<p>Mehrere M\u00f6glichkeiten werden zur Verwaltung von Cookies angeboten. Jede vorgenommene Parametrierung kann die Navigation des Internetnutzers im Internet und seine Zugangsbedingungen zu bestimmten Diensten ver\u00e4ndern, die die Verwendung von Cookies ben\u00f6tigen.<\/p>\n<p>Der Internetnutzer kann jederzeit die Entscheidung treffen, seine W\u00fcnsche hinsichtlich Cookies durch nachstehend beschriebene Mittel zum Ausdruck zu bringen und zu \u00e4ndern.<\/p>\n<p>&nbsp;<\/p>\n<p><strong>Die von der Navigationssoftware angebotenen Entscheidungen<\/strong><\/p>\n<p>Der Internetnutzer kann seine Navigationssoftware so konfigurieren, dass Cookies in seinem Endger\u00e4t gespeichert werden oder dass sie im Gegenteil abgelehnt werden, entweder regelm\u00e4\u00dfig oder je nach Absender. Der Internetnutzer kann seine Navigationssoftware auch so konfigurieren, dass die Annahme oder Ablehung von Cookies ihm punktuell angeboten wird, bevor ein Cookie auf seinem Endger\u00e4t gespeichert werden kann.<\/p>\n<p><strong>Wie \u00fcben Sie Ihre Entscheidungen je nach Browser aus, den Sie verwenden?<\/strong><\/p>\n<p>Zur Verwaltung von Cookies und Ihrer Entscheidungen ist die Konfiguration jedes Browsers unterschiedlich. Sie wird im Hilfemen\u00fc Ihres Browsers beschrieben, das Ihnen erm\u00f6glicht, zu erfahren, auf welche Weise Sie Ihre W\u00fcnsche in Bezug auf Cookies \u00e4ndern k\u00f6nnen.<\/p>\n<p>F\u00fcr Internet Explorer\u2122 : <a href=\"http:\/\/windows.microsoft.com\/fr-FR\/windows-vista\/Block-or-allow-cookies\">http:\/\/windows.microsoft.com\/fr-FR\/windows-vista\/Block-or-allow-cookies<\/a><\/p>\n<p>Safari\u2122 : <a href=\"http:\/\/docs.info.apple.com\/article.html?path=Safari\/3.0\/fr\/9277.html\">http:\/\/docs.info.apple.com\/article.html?path=Safari\/3.0\/fr\/9277.html<\/a>,<\/p>\n<p>Chrome\u2122 : <a href=\"http:\/\/support.google.com\/chrome\/bin\/answer.py?hl=fr&amp;hlrm=en&amp;answer=95647\">http:\/\/support.google.com\/chrome\/bin\/answer.py?hl=fr&amp;hlrm=en&amp;answer=95647<\/a>,<\/p>\n<p>Firefox\u2122 <a href=\"http:\/\/support.mozilla.org\/fr\/kb\/Activer%20et%20d%C3%A9sactiver%20les%20cookies\">http:\/\/support.mozilla.org\/fr\/kb\/Activer%20et%20d%C3%A9sactiver%20les%20cookies<\/a>,<\/p>\n<p>Opera\u2122 : <a href=\"http:\/\/help.opera.com\/Windows\/10.20\/fr\/cookies.html\">http:\/\/help.opera.com\/Windows\/10.20\/fr\/cookies.html<\/a><\/p>\n<p>&nbsp;<\/p>\n<p><strong>Parametrierung des Betriebssystems Ihres Smartphone<\/strong><\/p>\n<p>Sie haben die M\u00f6glichkeit, die Ablage von Cookies auf Ihrem Smartphone in den Regeln des Betriebssystems zu kontrollieren.<\/p>\n<p>Auf iOS : <a href=\"https:\/\/support.apple.com\/fr-fr\/HT201265\">https:\/\/support.apple.com\/fr-fr\/HT201265<\/a><\/p>\n<p>Auf Android : <a href=\"https:\/\/support.google.com\/chrome\/topic\/3434352\">https:\/\/support.google.com\/chrome\/topic\/3434352<\/a><\/p>\n<p>&nbsp;<\/p>\n<p><strong>Ablehnung von Cookies direkt auf der Website des Herausgebers<\/strong><\/p>\n<p>Einige Herausgeber von Cookies, die auf der Website abgelegt sind, bieten Internetnutzern an, die Ablage des Cookies zu parametrieren, den sie anbieten.<\/p>\n<p>&nbsp;<\/p>\n<p><strong>Die von Online-L\u00f6sungen angebotenen Entscheidungen<\/strong><\/p>\n<p>Sie haben auch die M\u00f6glichkeit, sich der Ablage von Cookies zu widersetzen, indem Sie auf die Website\u00a0<a href=\"http:\/\/www.youronlinechoices.com\/fr\/controler-ses-cookies\/\">http:\/\/www.youronlinechoices.com\/fr\/controler-ses-cookies\/<\/a> .<\/p>\n<p>&nbsp;<\/p>\n<p>Um weitere Informationen \u00fcber Cookies zu erhalten, k\u00f6nnen Sie die Website des CNIL einsehen.<\/p>\n","protected":false},"excerpt":{"rendered":"<p>Willkommen auf der Website von ARDEN PLAST (nachstehend die &#8222;Website&#8220;) genannt, die von der Firma ARDEN PLAST herausgegeben wird. Unter Verwendung unserer Website k\u00f6nnen Sie an ARDEN PLAST pers\u00f6nliche Daten&#8230;<\/p>\n","protected":false},"author":2,"featured_media":0,"parent":0,"menu_order":0,"comment_status":"closed","ping_status":"closed","template":"","meta":{"footnotes":""},"class_list":["post-3010","page","type-page","status-publish","hentry"],"_links":{"self":[{"href":"https:\/\/www.arden-plast.com\/de\/wp-json\/wp\/v2\/pages\/3010\/"}],"collection":[{"href":"https:\/\/www.arden-plast.com\/de\/wp-json\/wp\/v2\/pages\/"}],"about":[{"href":"https:\/\/www.arden-plast.com\/de\/wp-json\/wp\/v2\/types\/page\/"}],"author":[{"embeddable":true,"href":"https:\/\/www.arden-plast.com\/de\/wp-json\/wp\/v2\/users\/2\/"}],"replies":[{"embeddable":true,"href":"https:\/\/www.arden-plast.com\/de\/wp-json\/wp\/v2\/comments\/?post=3010"}],"version-history":[{"count":2,"href":"https:\/\/www.arden-plast.com\/de\/wp-json\/wp\/v2\/pages\/3010\/revisions\/"}],"predecessor-version":[{"id":3012,"href":"https:\/\/www.arden-plast.com\/de\/wp-json\/wp\/v2\/pages\/3010\/revisions\/3012\/"}],"wp:attachment":[{"href":"https:\/\/www.arden-plast.com\/de\/wp-json\/wp\/v2\/media\/?parent=3010"}],"curies":[{"name":"wp","href":"https:\/\/api.w.org\/{rel}","templated":true}]}}