{"id":3013,"date":"2018-07-05T09:27:08","date_gmt":"2018-07-05T07:27:08","guid":{"rendered":"https:\/\/www.arden-plast.com\/mentions-legales\/"},"modified":"2018-11-21T16:05:50","modified_gmt":"2018-11-21T15:05:50","slug":"rechtliche-hinweise","status":"publish","type":"page","link":"https:\/\/www.arden-plast.com\/de\/rechtliche-hinweise\/","title":{"rendered":"Rechtliche Hinweise"},"content":{"rendered":"<p>[vc_row][vc_column][vc_column_text]<\/p>\n<div class=\"s-block-item s-repeatable-item s-block-sortable-item rich-text\">\n<div class=\"s-block-item-inner clearfix\">\n<div class=\" columns sixteen\">\n<div class=\"s-component s-text\">\n<div class=\"s-component-content s-font-body\">\n<h3><strong>ARDEN PLAST<\/strong><\/h3>\n<p>Zone industrielle du Jard \u2013 BP 18<br \/>\nF &#8211; 08210 MOUZON (France)<\/p>\n<p>T\u00e9l:\u00a0 \u00a0 \u00a0 \u00a0\u00a0<strong>+ 33 (0)3 24 26 15 13<\/strong><br \/>\nEmail:\u00a0 \u00a0<strong><a href=\"mailto:contact@ardenplast.fr\">contact@ardenplast.fr<\/a><\/strong><\/p>\n<p>&nbsp;<\/p>\n<h3>NUTZUNGSBEDINGUNGEN<\/h3>\n<p>Die \u00fcber folgende URL zug\u00e4ngliche Website: www.arden-plast.com wird unter Einhaltung des franz\u00f6sischen Rechts betrieben. Die Nutzung dieser Website unterliegt den vorliegenden allgemeinen Bedingungen. Indem Sie diese Website nutzen, erkennen Sie an, dass Sie diese Bedingungen zur Kenntnis genommen und akzeptiert haben.<br \/>\nDiese k\u00f6nnen ohne Vorank\u00fcndigung von Arden Plast ge\u00e4ndert werden.<br \/>\nArden Plast kann in keiner Weise f\u00fcr eine fehlerhafte Nutzung des Service verantwortlich gemacht werden.<\/p>\n<p>&nbsp;<\/p>\n<h3>HAFTUNGSBESCHR\u00c4NKUNG<\/h3>\n<p>Die auf dieser Website enthaltenen Informationen sind so genau wie m\u00f6glich, und die Website wird von Zeit zu Zeit aktualisiert, kann jedoch unzutreffende Informationen, Auslassungen oder L\u00fccken enthalten. Wenn Sie eine L\u00fccke, einen Fehler oder eine anscheinend vorliegende Funktionsst\u00f6rung feststellen, geben Sie dies bitte per E-Mail an, indem Sie das Problem so genau wie m\u00f6glich beschreiben (Seite, auf der das Problem besteht, ausl\u00f6sende Handlung, Typ des verwendeten Computers und Browsers usw.).<\/p>\n<p>Jedes Herunterladen von Inhalten erfolgt auf Risiko und Gefahr des Benutzers und auf dessen alleinige Verantwortung. Infolgedessen kann Arden Plast nicht f\u00fcr einen Schaden, den der Computer des Benutzers erleidet, oder f\u00fcr jeglichen Datenverlust infolge des Herunterladens verantwortlich gemacht werden.<\/p>\n<p>Die Fotos sind unverbindlich.<\/p>\n<p>Die im Rahmen der vorliegenden Website eingerichteten Links auf andere Ressourcen im Internet bedingen keine Verantwortung von Arden Plast.<\/p>\n<p>&nbsp;<\/p>\n<h3>STREITF\u00c4LLE<\/h3>\n<p>Die vorliegenden Bedingungen unterliegen franz\u00f6sischem Recht, und jegliche Klagen oder Streitf\u00e4lle, die aus der Auslegung oder Ausf\u00fchrung desselben entstehen k\u00f6nnen, unterliegen der ausschlie\u00dflichen Zust\u00e4ndigkeit der Gerichte, denen Arden Plast untersteht. Die Bezugssprache f\u00fcr die Beilegung eventueller Streitigkeiten ist Franz\u00f6sisch.<\/p>\n<p>&nbsp;<\/p>\n<h3>ZUGANGSRECHT<\/h3>\n<p>In Anwendung dieses Rechts haben Internetnutzer ein Zugangs-, Berichtigungs- und L\u00f6schungsrecht bez\u00fcglich der sie pers\u00f6nlich betreffenden Daten sowie ein Anforderungsrecht auf Widerruf ihrer Zustimmung(en) zur Verwendung der erhobenen Daten. Dieses Recht kann per Post an Arden Plast oder auf elektronischem Weg unter folgender E-Mail-Adresse ausge\u00fcbt werden: contact@ardenplast.fr.<br \/>\nDie erhobenen pers\u00f6nlichen Informationen werden in keinem Fall Dritten mitgeteilt, au\u00dfer eventuell zur ordnungsgem\u00e4\u00dfen Ausf\u00fchrung der vom Internetnutzer bestellten Leistung.<\/p>\n<p>&nbsp;<\/p>\n<h3>VERTRAULICHKEIT<\/h3>\n<p>Ihre pers\u00f6nlichen Daten sind vertraulich und werden in keinem Fall Dritten mitgeteilt, au\u00dfer zur ordnungsgem\u00e4\u00dfen Ausf\u00fchrung der Leistung.<\/p>\n<p>&nbsp;<\/p>\n<h3>GEISTIGES EIGENTUM<\/h3>\n<p>Der gesamte Inhalt der vorliegenden Website, einschlie\u00dflich ohne Einschr\u00e4nkungen Grafiken, Bilder, Texte, Videos, Animationen, Kl\u00e4nge, Logos, Gifs und Symbole sowie ihre Gestaltung sind ausschlie\u00dfliches Eigentum von Arden Plast, mit Ausnahme von Marken, Logos oder Inhalten, die anderen Partnerunternehmen oder Autoren geh\u00f6ren.<br \/>\nJede Vervielf\u00e4ltigung, Verbreitung, \u00c4nderung, Anpassung, Neu\u00fcbermittlung oder Ver\u00f6ffentlichung dieser verschiedenen Elemente, auch teilweise, ist ohne ausdr\u00fcckliche schriftliche Genehmigung von Arden Plast streng verboten. Diese Darstellung oder Vervielf\u00e4ltigung, durch welches Verfahren auch immer, stellt eine F\u00e4lschung dar, die von den Artikeln L.3335-2 ff. des franz\u00f6sischen Gesetzes \u00fcber geistiges Eigentum geahndet wird. Die Nichtbeachtung dieses Verbots stellt eine F\u00e4lschung dar, die eine zivil- und strafrechtliche Haftung des F\u00e4lschers nach sich ziehen kann. Au\u00dferdem k\u00f6nnten die Eigent\u00fcmer kopierter Inhalte rechtliche Schritte gegen Sie einleiten.<\/p>\n<p>Arden Plast ist Inhaber der \u201eHerstellerrechte von Datenbanken\u201c, die in Buch III, Titel IV des franz\u00f6sischen Gesetzes \u00fcber geistiges Eigentum (Gesetz Nr. 98-536 vom 1. Juli 1998) in Bezug auf Urheberrecht und Datenbanken genannt werden.<\/p>\n<p>Die Nutzer und Besucher der Website k\u00f6nnen einen Hyperlink auf diese Website setzen, aber nur auf die Homepage, die unter folgender URL zug\u00e4nglich ist: www.ardenplast.fr, vorausgesetzt, dass dieser Link sich in einem neuen Fenster \u00f6ffnet. Insbesondere ist ein Link auf eine Unterseite (\u201eDeep Link\u201c) verboten, ebenso wie die \u00d6ffnung der vorliegenden Website in einem Rahmen (\u201eFraming\u201c), au\u00dfer bei vorheriger ausdr\u00fccklicher Genehmigung von Arden Plast.<br \/>\nWenden Sie sich f\u00fcr jede Genehmigungs- oder Informationsanfrage bitte per E-Mail an uns: www.ardenplast.fr. Besondere Bedingungen gelten f\u00fcr die Presse.<\/p>\n<p>Au\u00dferdem erforderte die Gestaltung dieser Website den R\u00fcckgriff auf externe Quellen, deren Rechte wir erworben haben oder deren Nutzungsrechte offen sind.<\/p>\n<p>&nbsp;<\/p>\n<h3>GESTALTER DER WEBSITE UND DER GRAFIK<\/h3>\n<p><strong>Business Aptitude<\/strong><br \/>\nForgeval-1er \u00e9tage<br \/>\n30, rue des Fr\u00e8res Danna<br \/>\n59300 Valenciennes<br \/>\nFrance<br \/>\n<a href=\"https:\/\/www.business-aptitude.com\" target=\"_blank\" rel=\"noopener\">www.business-aptitude.com<\/a><\/p>\n<p>&nbsp;<\/p>\n<h3>WEBSITE-HOSTING<\/h3>\n<p><strong>OVH<\/strong><br \/>\n2 rue Kellermann<br \/>\n59100 Roubaix<br \/>\nFrance<\/p>\n<p>&nbsp;<\/p>\n<h3>BILD- UND SYMBOLNACHWEISE<\/h3>\n<p>SHUTTERSTOCK<br \/>\nFLATICON<br \/>\nFONTAWESOME<br \/>\nArden Plast<\/p>\n<p>&nbsp;<\/p>\n<h3>BETRIEBSBEDINGUNGEN<\/h3>\n<p>Diese Website wird in den Bearbeitungssprachen HTML5 und CSS3 angeboten; um einen besseren Nutzungskomfort und eine angenehmere Grafik zu erreichen, empfehlen wir Ihnen, auf moderne Browser wie Safari, Firefox, Chrome usw. zur\u00fcckzugreifen.<\/p>\n<p>&nbsp;<\/p>\n<h3>INFORMATIONEN UND AUSSCHLUSS<\/h3>\n<p>Arden Plast setzt alle Mittel ein, \u00fcber die es verf\u00fcgt, um eine zuverl\u00e4ssige Information und eine zuverl\u00e4ssige Aktualisierung seiner Websites sicherzustellen. Es kann jedoch zu Fehlern oder Auslassungen kommen. Der Internetnutzer muss sich daher vergewissern, dass die Informationen bei Arden Plast zutreffend sind, und alle \u00c4nderungen der Website angeben, die er als n\u00fctzlich beurteilen w\u00fcrde. Arden Plast ist in keinem Fall f\u00fcr die Nutzung dieser Informationen und f\u00fcr jeden direkten oder indirekten Schaden verantwortlich, der sich daraus ergeben kann.<\/p>\n<p>&nbsp;<\/p>\n<h3>COOKIES<\/h3>\n<p>F\u00fcr statistische und Anzeigezwecke verwendet die vorliegende Website Cookies. Es handelt sich um kleine Textdateien, die auf Ihrer Festplatte abgelegt werden, um technische Daten \u00fcber Ihre Navigation zu speichern. Bestimmte Teile dieser Website k\u00f6nnen ohne Annahme von Cookies nicht funktionieren.<\/p>\n<p>Cookies f\u00fcr die Statistiken der Website \u00fcber den Dienst Google Analytics werden auf der Website verwendet. Diese Cookies erm\u00f6glichen, das Publikum der auf der Website vorhandenen Inhalte anonym und zusammengefasst zu messen und deren Betrieb zu verbessern.<\/p>\n<p>Sie haben die M\u00f6glichkeit, Ihre Rechte in Bezug auf die Verwaltung von Cookies \u00fcber die beim ersten Besuch angezeigte Leiste auszu\u00fcben.<br \/>\nEs ist f\u00fcr die Nutzer der Website auch m\u00f6glich, Ihre Wahl in Bezug auf die Verwaltung von Cookies direkt \u00fcber die Parameter ihres Browsers oder ihres Betriebssystems zum Ausdruck zu bringen.<\/p>\n<p>Die Annahme oder Ablehnung von Cookies \u00fcber die beim ersten Besuch der Website angezeigte Leiste wird f\u00fcr die Dauer eines Jahres gespeichert. Wenn Sie Ihre Navigation auf der Website fortsetzen, ohne Ihre Annahme oder Ablehnung von Cookies \u00fcber die Leiste zum Ausdruck zu bringen, akzeptieren Sie die Verwendung von Cookies f\u00fcr die Dauer von 30 Tagen.<\/p>\n<p>&nbsp;<\/p>\n<h3>HYPERLINKS<\/h3>\n<p>Die Website von Arden Plast kann Links auf andere Websites oder andere im Internet verf\u00fcgbare Ressourcen anbieten.<\/p>\n<p>Arden Plast verf\u00fcgt \u00fcber kein Mittel, um die Websites zu kontrollieren, die mit seinen Websites verbunden sind. Arden Plast gew\u00e4hrleistet nicht die Verf\u00fcgbarkeit solcher Websites und externen Quellen und garantiert diese nicht. Es kann f\u00fcr keinen Schaden verantwortlich gemacht werden, welcher Art er auch sei, der sich aus dem Inhalt dieser Websites oder externen Quellen ergibt, insbesondere den Informationen, Produkten oder Dienstleistungen, die sie anbieten, oder jeder m\u00f6glichen Verwendung dieser Elemente. Die Risiken in Verbindung mit dieser Verwendung sind vollst\u00e4ndig dem Internetnutzer zuzurechnen, der sich an ihre Nutzungsbedingungen anpassen muss.<\/p>\n<p>Die Nutzer, Abonnenten und Besucher der Website von Arden Plast k\u00f6nnen ohne vorherige ausdr\u00fcckliche Genehmigung von Arden Plast einen Hyperlink auf diese Website setzen.<\/p>\n<p>Falls ein Nutzer oder Besucher der Website einen Hyperlink auf eine der Websites von Arden Plast setzen m\u00f6chte, ist es seine Sache, eine E-Mail zu versenden, die auf der Website zug\u00e4nglich ist, um seine Anforderung der Einrichtung eines Hyperlinks zu formulieren. Arden Plast beh\u00e4lt sich das Recht vor, einen Hyperlink anzunehmen oder abzulehnen, ohne seine Entscheidung begr\u00fcnden zu m\u00fcssen.<\/p>\n<p>&nbsp;<\/p>\n<h3>SUCHE<\/h3>\n<p>Au\u00dferdem bedeutet der Verweis auf eine Website zur Erg\u00e4nzung einer gesuchten Information in keiner Weise, dass Arden Plast irgendeine Verantwortung in Bezug auf den Inhalt oder die Verwendung der besagten Website \u00fcbernimmt oder akzeptiert.<\/p>\n<p>&nbsp;<\/p>\n<h3>VORSICHTSMASSNAHMEN F\u00dcR DEN GEBRAUCH<\/h3>\n<p>Es ist daher Ihre Sache, die notwendigen Vorsichtsma\u00dfnahmen f\u00fcr den Gebauch zu ergreifen, um sich zu vergewissern, dass das, was Sie sich zu verwenden entscheiden, nicht voller Fehler oder sogar voller Elemente zerst\u00f6rerischer Art ist, wie etwa Viren, Trojaner usw.<\/p>\n<p>&nbsp;<\/p>\n<h3>VERANTWORTUNG<\/h3>\n<p>Dem Klienten wird keine andere Garantie gegeben; diesem kommt die Verpflichtung, seine Anforderungen klar zu formulieren, und die Aufgabe, sich zu informieren, zu. Wenn von Arden Plast bereitgestellte Informationen unzutreffend erscheinen, ist es Sache des Kunden, selbst alle \u00dcberpr\u00fcfungen des Zusammenhangs oder der Wahrscheinlichkeit der erhaltenen Ergebnisse vorzunehmen. Arden Plast ist in keiner Weise gegen\u00fcber Dritten f\u00fcr den Gebrauch von Informationen, die in seinen Produkten, einschlie\u00dflich einer seiner Websites, enthalten sind, durch den Kunden oder f\u00fcr ihr Fehlen verantwortlich.<\/p>\n<p>&nbsp;<\/p>\n<h3>WENDEN SIE SICH AN UNS<\/h3>\n<p>Arden Plast steht Ihnen f\u00fcr alle Ihre Anmerkungen oder Vorschl\u00e4ge zur Verf\u00fcgung.<br \/>\nSie k\u00f6nnen uns auf Franz\u00f6sisch per E-Mail unter: www.ardenplast.fr schreiben und unser Kontaktformular auf unserer Website verwenden.<\/p>\n<\/div>\n<\/div>\n<\/div>\n<\/div>\n<\/div>\n<p>[\/vc_column_text][\/vc_column][\/vc_row]<\/p>\n","protected":false},"excerpt":{"rendered":"<p>[vc_row][vc_column][vc_column_text] ARDEN PLAST Zone industrielle du Jard \u2013 BP 18 F &#8211; 08210 MOUZON (France) T\u00e9l:\u00a0 \u00a0 \u00a0 \u00a0\u00a0+ 33 (0)3 24 26 15 13 Email:\u00a0 \u00a0contact@ardenplast.fr &nbsp; NUTZUNGSBEDINGUNGEN Die&#8230;<\/p>\n","protected":false},"author":2,"featured_media":2829,"parent":0,"menu_order":0,"comment_status":"closed","ping_status":"closed","template":"","meta":{"footnotes":""},"class_list":["post-3013","page","type-page","status-publish","has-post-thumbnail","hentry"],"_links":{"self":[{"href":"https:\/\/www.arden-plast.com\/de\/wp-json\/wp\/v2\/pages\/3013\/"}],"collection":[{"href":"https:\/\/www.arden-plast.com\/de\/wp-json\/wp\/v2\/pages\/"}],"about":[{"href":"https:\/\/www.arden-plast.com\/de\/wp-json\/wp\/v2\/types\/page\/"}],"author":[{"embeddable":true,"href":"https:\/\/www.arden-plast.com\/de\/wp-json\/wp\/v2\/users\/2\/"}],"replies":[{"embeddable":true,"href":"https:\/\/www.arden-plast.com\/de\/wp-json\/wp\/v2\/comments\/?post=3013"}],"version-history":[{"count":2,"href":"https:\/\/www.arden-plast.com\/de\/wp-json\/wp\/v2\/pages\/3013\/revisions\/"}],"predecessor-version":[{"id":3015,"href":"https:\/\/www.arden-plast.com\/de\/wp-json\/wp\/v2\/pages\/3013\/revisions\/3015\/"}],"wp:featuredmedia":[{"embeddable":true,"href":"https:\/\/www.arden-plast.com\/de\/wp-json\/wp\/v2\/media\/2829\/"}],"wp:attachment":[{"href":"https:\/\/www.arden-plast.com\/de\/wp-json\/wp\/v2\/media\/?parent=3013"}],"curies":[{"name":"wp","href":"https:\/\/api.w.org\/{rel}","templated":true}]}}