{"id":3992,"date":"2024-05-16T14:58:09","date_gmt":"2024-05-16T12:58:09","guid":{"rendered":"https:\/\/www.arden-plast.com\/polypropylene-alveolaire\/"},"modified":"2024-05-17T12:15:20","modified_gmt":"2024-05-17T10:15:20","slug":"polypropylene-alveolaire","status":"publish","type":"page","link":"https:\/\/www.arden-plast.com\/de\/polypropylene-alveolaire\/","title":{"rendered":"Polypropyl\u00e8ne alv\u00e9olaire extrud\u00e9 : la solution de protection tout-en-un et sur mesure"},"content":{"rendered":"<p><span style=\"font-weight: 400;\">Connaissez-vous le polypropyl\u00e8ne alv\u00e9olaire extrud\u00e9, souvent appel\u00e9 Akylux\u00ae ?<\/span><\/p>\n<p><span style=\"font-weight: 400;\">L&#8217;Akylux\u00ae est une marque d\u00e9velopp\u00e9e par Kayserberg Plastics (dor\u00e9navant Corplex). Ce terme est devenu un terme g\u00e9n\u00e9rique adopt\u00e9 par de nombreuses entreprises. Il s\u2019agit en fait de polypropyl\u00e8ne alv\u00e9olaire extrud\u00e9 (PPEA ou P.P.E.A.) ; un mat\u00e9riau r\u00e9put\u00e9 pour sa durabilit\u00e9, sa l\u00e9g\u00e8ret\u00e9 et sa r\u00e9sistance. Le terme s\u2019est banalis\u00e9 au point qu\u2019on le trouve orthographi\u00e9 de plusieurs fa\u00e7ons. Par exemple :\u00a0<\/span><\/p>\n<ul>\n<li style=\"font-weight: 400;\" aria-level=\"1\"><span style=\"font-weight: 400;\">Akilux\u00a0<\/span><\/li>\n<li style=\"font-weight: 400;\" aria-level=\"1\"><span style=\"font-weight: 400;\">et Aquilux\u2026<\/span><\/li>\n<\/ul>\n<p><span style=\"font-weight: 400;\">En plus des panneaux publicitaires embl\u00e9matiques que permettent de concevoir ce mat\u00e9riau unique qu\u2019est le polypropyl\u00e8ne alv\u00e9olaire, il est aussi possible d\u2019obtenir des solutions de protection sp\u00e9cifiques \u00e0 vos besoins, d\u00e9veloppables sans d\u00e9lai et r\u00e9alisables en petites et moyennes s\u00e9ries.<\/span><\/p>\n<p>&nbsp;<\/p>\n<p><span style=\"font-weight: 400;\">\u00a0<img loading=\"lazy\" decoding=\"async\" class=\"size-medium wp-image-2189 aligncenter\" src=\"https:\/\/www.arden-plast.com\/wp-content\/uploads\/2018\/09\/arden-plast-eaux-agroalimentaire-4-300x267.jpg\" alt=\"Arden Plast - Eaux et agro alimentaire\" width=\"300\" height=\"267\" srcset=\"https:\/\/www.arden-plast.com\/wp-content\/uploads\/2018\/09\/arden-plast-eaux-agroalimentaire-4-300x267.jpg 300w, https:\/\/www.arden-plast.com\/wp-content\/uploads\/2018\/09\/arden-plast-eaux-agroalimentaire-4-768x683.jpg 768w, https:\/\/www.arden-plast.com\/wp-content\/uploads\/2018\/09\/arden-plast-eaux-agroalimentaire-4.jpg 800w\" sizes=\"auto, (max-width: 300px) 100vw, 300px\" \/><\/span><\/p>\n<p>&nbsp;<\/p>\n<p><span style=\"font-weight: 400;\">Ces solutions peuvent se plier, ce qui assure un gain de place non n\u00e9gligeable en flux retours et r\u00e9duit donc les co\u00fbts et l\u2019impact carbone de votre logistique. Elles sont avant tout <\/span><b>durables et r\u00e9utilisables<\/b><span style=\"font-weight: 400;\"> ! Ce qui, l\u00e0 aussi, permet de r\u00e9duire les co\u00fbts et l\u2019impact carbone de votre logistique.\u00a0\u00a0<\/span><\/p>\n<p><span style=\"font-weight: 400;\">Durant votre lecture, nous vous pr\u00e9senterons en d\u00e9tail les multiples avantages du polypropyl\u00e8ne alv\u00e9olaire ainsi que ses diverses applications.\u00a0\u00a0<\/span><\/p>\n<p>&nbsp;<\/p>\n<p>&nbsp;<\/p>\n<p>&nbsp;<\/p>\n<h2><span style=\"font-weight: 400;\">Qu&#8217;est-ce que le polypropyl\u00e8ne alv\u00e9olaire ?<\/span><\/h2>\n<p><span style=\"font-weight: 400;\">Comme dit plus haut, l&#8217;Akylux\u00ae est, \u00e0 l\u2019origine, une marque d\u00e9velopp\u00e9e par la soci\u00e9t\u00e9 Kaysersberg (devenue Corplex), et le Propyflex\u00ae une marque d\u00e9velopp\u00e9e par la soci\u00e9t\u00e9 Ardenplast. Dans les deux cas, il s\u2019agit de <\/span><b>polypropyl\u00e8ne alv\u00e9olaire<\/b><span style=\"font-weight: 400;\">.\u00a0<\/span><\/p>\n<p><span style=\"font-weight: 400;\">Ce mat\u00e9riau est durable, l\u00e9ger et r\u00e9sistant. Il est aujourd\u2019hui largement utilis\u00e9 dans la cha\u00eene logistique sous forme d\u2019intercalaires, de contenants ou d\u2019am\u00e9nagements permettant le transport et la protection de pi\u00e8ces, composants ou produits finis.<\/span><\/p>\n<p><span style=\"font-weight: 400;\">Ce mat\u00e9riau est constitu\u00e9 de <\/span><b>deux couches de polypropyl\u00e8ne <\/b><span style=\"font-weight: 400;\">reli\u00e9es par des cannelures, ce qui lui conf\u00e8re \u00e0 la fois une grande rigidit\u00e9 et r\u00e9sistance, tout en \u00e9tant l\u00e9ger, abordable et ayant un faible impact carbone.<\/span><\/p>\n<p>&nbsp;<\/p>\n<p><span style=\"font-weight: 400;\">Le polypropyl\u00e8ne alv\u00e9olaire peut se retrouver sous des formes vari\u00e9es :\u00a0<\/span><\/p>\n<ul>\n<li style=\"font-weight: 400;\" aria-level=\"1\"><span style=\"font-weight: 400;\">Intercalaires,<\/span><\/li>\n<li style=\"font-weight: 400;\" aria-level=\"1\"><span style=\"font-weight: 400;\">Plaques et rouleaux de protection<\/span><\/li>\n<li style=\"font-weight: 400;\" aria-level=\"1\"><span style=\"font-weight: 400;\">Caisses am\u00e9ricaines,<\/span><\/li>\n<li style=\"font-weight: 400;\" aria-level=\"1\"><span style=\"font-weight: 400;\">Barquettes et bo\u00eetes,<\/span><\/li>\n<li style=\"font-weight: 400;\" aria-level=\"1\"><span style=\"font-weight: 400;\">Am\u00e9nagement de containers,<\/span><\/li>\n<li style=\"font-weight: 400;\" aria-level=\"1\"><span style=\"font-weight: 400;\">Bacs de kitting,<\/span><\/li>\n<li style=\"font-weight: 400;\" aria-level=\"1\"><span style=\"font-weight: 400;\">Mais aussi plaques et feuilles imprimables.<\/span><\/li>\n<\/ul>\n<p>&nbsp;<\/p>\n<p><a href=\"https:\/\/ardenplast.fr\/contact\/\"><img loading=\"lazy\" decoding=\"async\" class=\"aligncenter wp-image-3999 size-full\" src=\"https:\/\/www.arden-plast.com\/wp-content\/uploads\/2024\/05\/arden-plast-cta-1.png\" alt=\"\" width=\"171\" height=\"26\" \/><\/a><\/p>\n<p>&nbsp;<\/p>\n<h2><span style=\"font-weight: 400;\">Polypropyl\u00e8ne alv\u00e9olaire : ne tombez pas dans le panneau<\/span><\/h2>\n<p><span style=\"font-weight: 400;\">Certes, le Polypropyl\u00e8ne alv\u00e9olaire extrud\u00e9 permet de disposer de panneaux imprim\u00e9s que l\u2019on peut laisser \u00e0 l\u2019ext\u00e9rieur, gr\u00e2ce \u00e0 leur haute r\u00e9sistance \u00e0 l\u2019humidit\u00e9. Mais ne croyez pas que ce soit l\u00e0 sa seule utilisation ! La polyvalence de cette mati\u00e8re est vaste, en raison de sa r\u00e9sistance \u00e0 l\u2019usage et de sa souplesse d\u2019utilisation.\u00a0<\/span><\/p>\n<p><span style=\"font-weight: 400;\">Elle permet d\u2019offrir des solutions de protection, conditionnement ou transport, durables, r\u00e9utilisables, pliables si n\u00e9cessaires, toujours sp\u00e9cifiques \u00e0 vos besoins.\u00a0<\/span><\/p>\n<p><span style=\"font-weight: 400;\">Par exemple :\u00a0<\/span><\/p>\n<p>&nbsp;<\/p>\n<ul>\n<li style=\"font-weight: 400;\" aria-level=\"1\"><span style=\"font-weight: 400;\">Les intercalaires de palettisation permettront de s\u00e9parer les couches de produits palettis\u00e9s et de <\/span><b>stabiliser le chargement<\/b><span style=\"font-weight: 400;\">. La mati\u00e8re du polypropyl\u00e8ne alv\u00e9olaire permet \u00e9galement de<\/span><b> r\u00e9duire les vibrations<\/b><span style=\"font-weight: 400;\"> et risques de chocs lors des transports sur palette. \ud83d\ude9a<\/span><\/li>\n<li style=\"font-weight: 400;\" aria-level=\"1\"><span style=\"font-weight: 400;\">Les plaques et rouleaux serviront \u00e0 <\/span><b>prot\u00e9ger sols et cloisons <\/b><span style=\"font-weight: 400;\">pendant des chantiers.<\/span><\/li>\n<li style=\"font-weight: 400;\" aria-level=\"1\"><span style=\"font-weight: 400;\">Les conteneurs et leurs am\u00e9nagements internes sur-mesure am\u00e9lioreront le <\/span><b>maintien des pi\u00e8ces <\/b><span style=\"font-weight: 400;\">pendant leur transport tout en facilitant leur pr\u00e9hension ult\u00e9rieure par les op\u00e9rateurs.<\/span><\/li>\n<li style=\"font-weight: 400;\" aria-level=\"1\"><span style=\"font-weight: 400;\">Les <\/span><b>caisses navettes<\/b><span style=\"font-weight: 400;\"> effectueront des rotations r\u00e9currentes d\u00e9di\u00e9es entre sous-traitants et assembleurs.<\/span><\/li>\n<li style=\"font-weight: 400;\" aria-level=\"1\"><span style=\"font-weight: 400;\">Des barquettes avec croisillons maintiendront des flaconnages ou <\/span><b>tubes pour la pharmacie<\/b><span style=\"font-weight: 400;\"> pendant leur passage dans des \u00e9tuves de st\u00e9rilisation.<\/span><\/li>\n<li style=\"font-weight: 400;\" aria-level=\"1\"><span style=\"font-weight: 400;\">Des r\u00e9servations serviront \u00e0 <\/span><b>cr\u00e9er des coffrages <\/b><span style=\"font-weight: 400;\">pour fondation<\/span><\/li>\n<li style=\"font-weight: 400;\" aria-level=\"1\"><span style=\"font-weight: 400;\">Des bo\u00eetes ou caisses \u00e0 archives permettront le <\/span><b>stockage durable de documents<\/b><span style=\"font-weight: 400;\">, papiers, textiles, etc<\/span><\/li>\n<li style=\"font-weight: 400;\" aria-level=\"1\"><span style=\"font-weight: 400;\">Et tant d\u2019autres applications encore.<\/span><\/li>\n<\/ul>\n<p>&nbsp;<\/p>\n<p><span style=\"font-weight: 400;\">Si cela s\u2019av\u00e8re pertinent, des traitements ou propri\u00e9t\u00e9s compl\u00e9mentaires peuvent \u00eatre apport\u00e9s :\u00a0<\/span><\/p>\n<ul>\n<li style=\"font-weight: 400;\" aria-level=\"1\"><span style=\"font-weight: 400;\">Le <\/span><b>traitement Corona <\/b><span style=\"font-weight: 400;\">pour assurer une imprimabilit\u00e9 durable.<\/span><\/li>\n<li style=\"font-weight: 400;\" aria-level=\"1\"><span style=\"font-weight: 400;\">Le <\/span><b>traitement ESD<\/b><span style=\"font-weight: 400;\">, pour donner des propri\u00e9t\u00e9s antistatiques ou dissipatives.<\/span><\/li>\n<li style=\"font-weight: 400;\" aria-level=\"1\"><span style=\"font-weight: 400;\">Le <\/span><b>traitement<\/b> <b>anti-UV,<\/b><span style=\"font-weight: 400;\"> en cas de besoin de stockage prolong\u00e9 au soleil.<\/span><\/li>\n<li style=\"font-weight: 400;\" aria-level=\"1\"><span style=\"font-weight: 400;\">Le<\/span><b> traitement ignifugeant<\/b><span style=\"font-weight: 400;\">, pour une r\u00e9sistance am\u00e9lior\u00e9e \u00e0 l\u2019inflammation spontan\u00e9e et au feu de mani\u00e8re g\u00e9n\u00e9rale (classement M1, M2, M3, M4, selon les cas).<\/span><\/li>\n<\/ul>\n<p>&nbsp;<\/p>\n<h2><span style=\"font-weight: 400;\">6 avantages du polypropyl\u00e8ne alv\u00e9olaire<\/span><\/h2>\n<p>&nbsp;<\/p>\n<h3><b>1. R\u00e9employabilit\u00e9<\/b><\/h3>\n<p><span style=\"font-weight: 400;\">Le caract\u00e8re r\u00e9utilisable permet de r\u00e9duire les co\u00fbts et l\u2019impact environnemental de vos activit\u00e9s, notamment en cas de flux de production \u00e9lev\u00e9. Comme dit pr\u00e9c\u00e9demment, les produits faits de polypropyl\u00e8ne peuvent \u00eatre <\/span><b>pliables<\/b><span style=\"font-weight: 400;\">, ce qui facilite le stockage et la perspective d\u2019un r\u00e9emploi.\u00a0<\/span><\/p>\n<p>&nbsp;<\/p>\n<p><span style=\"font-weight: 400;\">R\u00e9employez vos solutions de conditionnement permet non seulement\u00a0 de r\u00e9duire les co\u00fbts d\u2019achats li\u00e9s aux emballages, mais \u00e9galement de <b>g\u00e9n\u00e9rer moins de d\u00e9chets. <\/b><\/span><\/p>\n<p style=\"text-align: center;\">\n<table class=\" aligncenter\">\n<tbody>\n<tr>\n<td>\n<blockquote><p><b>Conclusion \ud83d\ude0f<\/b><span style=\"font-weight: 400;\"><br \/>\n<\/span><i><span style=\"font-weight: 400;\">Des contenants et produits r\u00e9utilisables = moins de co\u00fbts, un impact carbone r\u00e9duit.<\/span><\/i><\/p>\n<p style=\"text-align: center;\"><i><span style=\"font-weight: 400;\">Des contenants et produits recyclables en direct par le fabricant = un impact carbone encore plus r\u00e9duit !<\/span><\/i><\/p>\n<\/blockquote>\n<\/td>\n<\/tr>\n<\/tbody>\n<\/table>\n<p style=\"text-align: center;\">\n<p><span style=\"font-weight: 400;\">La nature recyclable de ces solutions vous permet en outre de vous aligner sur la <\/span><b>politique RSE<\/b><span style=\"font-weight: 400;\"> de votre entreprise.<\/span><\/p>\n<p>&nbsp;<\/p>\n<p style=\"text-align: center;\"><b><i>Le saviez-vous ?\u00a0<\/i><\/b><\/p>\n<p style=\"text-align: center;\"><span style=\"font-weight: 400;\">Le polypropyl\u00e8ne alv\u00e9olaire contribue \u00e0 r\u00e9duire les \u00e9missions de gaz \u00e0 effet de serre, notamment dans la cat\u00e9gorie <\/span><b>Scope 3<\/b><span style=\"font-weight: 400;\">, gr\u00e2ce \u00e0 sa r\u00e9utilisabilit\u00e9 et sa recyclabilit\u00e9.<\/span><\/p>\n<p style=\"text-align: center;\"><span style=\"font-weight: 400;\">En effet ce polym\u00e8re (class\u00e9 5 dans le ruban de Moebius) est un polyol\u00e9fine constitu\u00e9 de longues mol\u00e9cules faciles \u00e0 rompre et donc ce polyol\u00e9fine thermoplastique le rend facilement recyclable<\/span><\/p>\n<p style=\"text-align: center;\"><span style=\"font-weight: 400;\">Il est en g\u00e9n\u00e9ral utilis\u00e9 seul (applications <\/span><b>mono-mat\u00e9riau) <\/b><span style=\"font-weight: 400;\">ce qui l\u00e0 aussi facilite son recyclage<\/span><\/p>\n<p style=\"text-align: center;\"><span style=\"font-weight: 400;\">Son recyclage peut \u00eatre effectu\u00e9 en<\/span><b> boucle courte,<\/b><span style=\"font-weight: 400;\"> directement aupr\u00e8s du fabricant, s\u2019il n\u2019est pas souill\u00e9.\u00a0<\/span><\/p>\n<p style=\"text-align: center;\"><span style=\"font-weight: 400;\">Le fait d\u2019<\/span><b>\u00e9viter ainsi les boucles longues passant par les centres de tri multimat\u00e9riaux <\/b><span style=\"font-weight: 400;\">favorise un bilan carbone encore plus positif. \ud83c\udf0f\ud83d\udc4d<\/span><\/p>\n<h3><b>2. Rentabilit\u00e9\u00a0\u00a0<\/b><\/h3>\n<p><span style=\"font-weight: 400;\">Le polypropyl\u00e8ne alv\u00e9olaire offre un excellent retour sur investissement. Son co\u00fbt abordable, combin\u00e9 \u00e0 sa durabilit\u00e9 et \u00e0 sa r\u00e9utilisabilit\u00e9, en fait un mat\u00e9riau \u00e0 consid\u00e9rer en priorit\u00e9 pour des <\/span><b>conditionnements, protections, contenants de stockage,\u00a0 durables et \u00e9conomiques. \ud83c\udfaf<\/b><\/p>\n<p>&nbsp;<\/p>\n<h3><b>3. Facilit\u00e9 de stockage et de manipulation<\/b><\/h3>\n<p><span style=\"font-weight: 400;\">Gr\u00e2ce \u00e0 leur l\u00e9g\u00e8ret\u00e9 et leur flexibilit\u00e9, les produits en polypropyl\u00e8ne alv\u00e9olaire sont faciles \u00e0 stocker et \u00e0 transporter. Qu\u2019il s\u2019agisse de :\u00a0<\/span><\/p>\n<ul>\n<li style=\"font-weight: 400;\" aria-level=\"1\"><span style=\"font-weight: 400;\">Rouleaux,\u00a0<\/span><\/li>\n<li style=\"font-weight: 400;\" aria-level=\"1\"><span style=\"font-weight: 400;\">Corni\u00e8res,\u00a0<\/span><\/li>\n<li style=\"font-weight: 400;\" aria-level=\"1\"><span style=\"font-weight: 400;\">Intercalaires,\u00a0<\/span><\/li>\n<li style=\"font-weight: 400;\" aria-level=\"1\"><span style=\"font-weight: 400;\">Bacs,\u00a0<\/span><\/li>\n<li style=\"font-weight: 400;\" aria-level=\"1\"><span style=\"font-weight: 400;\">Bo\u00eetes,\u00a0<\/span><\/li>\n<li style=\"font-weight: 400;\" aria-level=\"1\"><span style=\"font-weight: 400;\">etc.\u00a0<\/span><\/li>\n<\/ul>\n<p>&nbsp;<\/p>\n<p><span style=\"font-weight: 400;\">Le polypropyl\u00e8ne alv\u00e9olaire offre une <\/span><b>maniabilit\u00e9 <\/b><span style=\"font-weight: 400;\">incomparable.\u00a0<\/span><\/p>\n<p>&nbsp;<\/p>\n<p><span style=\"font-weight: 400;\">De plus, le <\/span><b>poids l\u00e9ger<\/b><span style=\"font-weight: 400;\"> de ce mat\u00e9riau facilite la manipulation pour les employ\u00e9s charg\u00e9s du chargement et du d\u00e9chargement des marchandises. La <\/span><b>prise en main <\/b><span style=\"font-weight: 400;\">des pi\u00e8ces par l\u2019op\u00e9rateur est facilit\u00e9e. Cette caract\u00e9ristique ergonomique r\u00e9duit significativement les risques d&#8217;accidents du travail ou de d\u00e9t\u00e9rioration des produits. De plus, sa conception adaptable facilite les manipulations et d\u00e9palettisations robotis\u00e9es.<\/span><\/p>\n<p>&nbsp;<\/p>\n<h3><b>4. 100% sur mesure !<\/b><\/h3>\n<p><span style=\"font-weight: 400;\">Les possibilit\u00e9s d\u2019adaptation sont quasiment illimit\u00e9es. Chez ArdenPlast, nous adaptons nos solutions et d\u00e9clinons votre utilisation du PPEA en fonction de vos besoins sp\u00e9cifiques.<\/span><\/p>\n<p>&nbsp;<\/p>\n<h3><\/h3>\n<h3><b>5. Solidit\u00e9 et protection renforc\u00e9e de la marchandise\u00a0<\/b><\/h3>\n<p><span style=\"font-weight: 400;\">Gr\u00e2ce \u00e0 sa l\u00e9g\u00e8ret\u00e9 et sa robustesse, le PPEA offre une protection optimale tout en facilitant la manipulation et l\u2019exp\u00e9dition. Les produits, livr\u00e9s sans dommage, contribuent \u00e0 l\u2019<\/span><b>am\u00e9lioration de la satisfaction clients<\/b><span style=\"font-weight: 400;\">.\u00a0<\/span><\/p>\n<p>&nbsp;<\/p>\n<p><span style=\"font-weight: 400;\">Le polypropyl\u00e8ne alv\u00e9olaire est extr\u00eamement r\u00e9sistant aux chocs pouvant survenir durant les phases de stockage et le transport de marchandises. <\/span><\/p>\n<p>&nbsp;<\/p>\n<h3><\/h3>\n<h3><b>6. Absence de PFAS<\/b><\/h3>\n<p><span style=\"font-weight: 400;\">L&#8217;absence de PFAS (acides perfluoro alkyliques) avec le polypropyl\u00e8ne alv\u00e9olaire m\u00e9rite d\u2019\u00eatre rappel\u00e9e. Les PFAS sont des compos\u00e9s chimiques non d\u00e9gradables utilis\u00e9s pour\u00a0 donner des propri\u00e9t\u00e9s hydrofuges et anti adh\u00e9sives. Mais le PPEA est naturellement hydrofuge et r\u00e9sistant \u00e0 l\u2019humidit\u00e9, et naturellement difficilement adh\u00e9sivable &#8211; donc pas concern\u00e9 par ces PFAS, contrairement \u00e0 d\u2019autres mat\u00e9riaux d\u2019emballage tr\u00e8s courants.<\/span><\/p>\n<p>&nbsp;<\/p>\n<blockquote><p><b>ArdenPlast vous proposent une solution qui r\u00e9pond aux normes les plus \u00e9lev\u00e9es en mati\u00e8re de sant\u00e9 et d&#8217;environnement, tout en r\u00e9pondant aux besoins fonctionnels de tous ses clients.<\/b><\/p><\/blockquote>\n<p>&nbsp;<\/p>\n<h2><span style=\"font-weight: 400;\">Le polypropyl\u00e8ne alv\u00e9olaire est utilis\u00e9 dans de nombreux secteurs<\/span><\/h2>\n<p>&nbsp;<\/p>\n<p><span style=\"font-weight: 400;\">Les produits faits de polypropyl\u00e8ne alv\u00e9olaire trouvent leur place dans de nombreux secteurs d&#8217;activit\u00e9, par exemple les industries de :<\/span><\/p>\n<p>&nbsp;<\/p>\n<ul>\n<li aria-level=\"1\">l\u2019Agriculture<\/li>\n<\/ul>\n<ul>\n<li aria-level=\"1\">du B\u00e2timent et la Construction<\/li>\n<\/ul>\n<ul>\n<li aria-level=\"1\">la Cosm\u00e9tique<\/li>\n<\/ul>\n<ul>\n<li aria-level=\"1\">l&#8217;\u00c9lectronique<\/li>\n<\/ul>\n<ul>\n<li aria-level=\"1\">l\u2019Impression et la Communication<\/li>\n<\/ul>\n<ul>\n<li aria-level=\"1\">la Logistique<\/li>\n<\/ul>\n<ul>\n<li aria-level=\"1\">la M\u00e9tallurgie<\/li>\n<\/ul>\n<ul>\n<li aria-level=\"1\">Pharmaceutique<\/li>\n<\/ul>\n<ul>\n<li aria-level=\"1\">Transport<\/li>\n<\/ul>\n<ul>\n<li aria-level=\"1\">Verrerie et Flaconnage<\/li>\n<\/ul>\n<ul>\n<li aria-level=\"1\">l\u2019A\u00e9ronautique<\/li>\n<\/ul>\n<p><span style=\"font-weight: 400;\">Mais aussi dans<\/span><b> la Conservation Mus\u00e9ale et l\u2019Archivage.<\/b><\/p>\n<p>&nbsp;<\/p>\n<h2><span style=\"font-weight: 400;\">Quelle est la dur\u00e9e de vie du polypropyl\u00e8ne alv\u00e9olaire ?<\/span><\/h2>\n<p>&nbsp;<\/p>\n<p><span style=\"font-weight: 400;\">Le polypropyl\u00e8ne alv\u00e9olaire est r\u00e9put\u00e9 pour <\/span><b>r\u00e9sister aux assauts ext\u00e9rieurs<\/b><span style=\"font-weight: 400;\">, comme la pollution ou les intemp\u00e9ries. Vos solutions en PPEA peuvent, de ce fait, subir des conditions climatiques vari\u00e9es sans que leur r\u00e9sistance ne soit impact\u00e9e. \ud83c\udf29\ufe0f Cette dur\u00e9e de vie exceptionnelle en fait un investissement rentable \u00e0 long terme.\u00a0<\/span><\/p>\n<p>&nbsp;<\/p>\n<blockquote>\n<p style=\"text-align: center;\"><i><span style=\"font-weight: 400;\">\u201cMIEUX VAUT PRODUIRE ET VENDRE 1 FOIS UN PRODUIT\u00a0<\/span><\/i><\/p>\n<p style=\"text-align: center;\"><i><span style=\"font-weight: 400;\">QUI SERA R\u00c9UTILIS\u00c9 100 FOIS,<\/span><\/i><\/p>\n<p style=\"text-align: center;\"><i><span style=\"font-weight: 400;\">QUE PRODUIRE ET VENDRE 100 FOIS UN PRODUIT UTILISABLE 1 FOIS.\u201d<\/span><\/i><\/p>\n<p style=\"text-align: center;\">\n<\/blockquote>\n<p style=\"text-align: center;\"><i><span style=\"font-weight: 400;\">Beno\u00eet d\u2019Harcourt, pr\u00e9sident<\/span><\/i><i><span style=\"font-weight: 400;\"><br \/>\n<\/span><\/i><i><span style=\"font-weight: 400;\">Mouzon, mars 2018<\/span><\/i><\/p>\n<p>&nbsp;<\/p>\n<p><span style=\"font-weight: 400;\">Stock\u00e9s \u00e0 l\u2019abri du soleil, vos emballages ou protections en PPEA ont une dur\u00e9e d\u2019utilisation de <\/span><b>plusieurs dizaines d\u2019ann\u00e9es<\/b><span style=\"font-weight: 400;\">.<\/span><\/p>\n<p><span style=\"font-weight: 400;\">De surcro\u00eet, le polypropyl\u00e8ne alv\u00e9olaire est <\/span><b>insensible \u00e0 l&#8217;humidit\u00e9<\/b><span style=\"font-weight: 400;\"> et <\/span><b>r\u00e9sistant \u00e0 la d\u00e9chirure<\/b><span style=\"font-weight: 400;\">, ce qui en fait une protection durable et plus robuste que du carton ondul\u00e9.<\/span><\/p>\n<p>&nbsp;<\/p>\n<h2><span style=\"font-weight: 400;\">\u00c0 quoi servent les cannelures du polypropyl\u00e8ne alv\u00e9olaire extrud\u00e9 ?<\/span><\/h2>\n<p>&nbsp;<\/p>\n<p>&nbsp;<\/p>\n<p><span style=\"font-weight: 400;\">Les cannelures du PPEA jouent un r\u00f4le de <\/span><b>maintien de la structure <\/b><span style=\"font-weight: 400;\">g\u00e9n\u00e9rale. Comme celles du carton ondul\u00e9, elles conf\u00e8rent au mat\u00e9riau sa l\u00e9g\u00e8ret\u00e9 tout en assurant sa rigidit\u00e9 et sa r\u00e9sistance aux chocs.\u00a0<\/span><\/p>\n<p><span style=\"font-weight: 400;\">Cette caract\u00e9ristique garantit une protection efficace \u00e0 moindre co\u00fbt, car moins de mat\u00e9riau est n\u00e9cessaire, ce qui r\u00e9duit en outre le poids \u00e0 transporter tout en assurant une protection \u00e9quivalente.<\/span><\/p>\n<p>&nbsp;<\/p>\n<h2><b>Pour conclure<\/b><\/h2>\n<p><span style=\"font-weight: 400;\">Le polypropyl\u00e8ne alv\u00e9olaire pr\u00e9sente un caract\u00e8re polyvalent.\u00a0<\/span><\/p>\n<p><span style=\"font-weight: 400;\">Ses principales forces sont :\u00a0<\/span><\/p>\n<ul>\n<li style=\"font-weight: 400;\" aria-level=\"1\"><span style=\"font-weight: 400;\">Sa durabilit\u00e9 et sa r\u00e9sistance,\u00a0<\/span><\/li>\n<li style=\"font-weight: 400;\" aria-level=\"1\"><span style=\"font-weight: 400;\">Son caract\u00e8re recyclable en fin de vie,<\/span><\/li>\n<li style=\"font-weight: 400;\" aria-level=\"1\"><span style=\"font-weight: 400;\">Sa rentabilit\u00e9,<\/span><\/li>\n<li style=\"font-weight: 400;\" aria-level=\"1\"><span style=\"font-weight: 400;\">Son aspect \u00e9cologique,<\/span><\/li>\n<li style=\"font-weight: 400;\" aria-level=\"1\"><span style=\"font-weight: 400;\">Sa facilit\u00e9 de stockage et de manipulation,\u00a0<\/span><\/li>\n<li style=\"font-weight: 400;\" aria-level=\"1\"><span style=\"font-weight: 400;\">Ses possibilit\u00e9s d\u2019adaptation multiples et sa polyvalence.<\/span><\/li>\n<\/ul>\n<p>&nbsp;<\/p>\n<p style=\"text-align: center;\"><b>Optimisez votre cha\u00eene logistique et prot\u00e9gez vos pi\u00e8ces et produits durant leur manipulation, leur transport ou bien dans votre processus industriel, avec des solutions sp\u00e9cifiques et r\u00e9ellement adapt\u00e9es.\u00a0<\/b><\/p>\n<p style=\"text-align: center;\"><b>Pr\u00eat \u00e0 r\u00e9duire les co\u00fbts et optimiser votre bilan carbone ?<\/b><\/p>\n<p style=\"text-align: center;\"><b>Chez ArdenPlast, nous nous occupons de tout ! \ud83d\udc4a<\/b><\/p>\n<p style=\"text-align: center;\"><b>L\u2019analyse de vos produits et nos techniques de mod\u00e9lisation num\u00e9rique en 2D et 3D reproduites \u00e0 partir de vos donn\u00e9es nous permettent de prototyper rapidement vos solutions en polypropyl\u00e8ne.<\/b><\/p>\n<p>&nbsp;<\/p>\n<p><a href=\"https:\/\/www.arden-plast.com\/de\/kontakt\/\"><img loading=\"lazy\" decoding=\"async\" class=\"size-full wp-image-3979 aligncenter\" src=\"https:\/\/www.arden-plast.com\/wp-content\/uploads\/2024\/05\/arden-plast-cta.png\" alt=\"arden plast cta\" width=\"171\" height=\"26\" \/><\/a><\/p>\n","protected":false},"excerpt":{"rendered":"<p>Connaissez-vous le polypropyl\u00e8ne alv\u00e9olaire extrud\u00e9, souvent appel\u00e9 Akylux\u00ae ? L&#8217;Akylux\u00ae est une marque d\u00e9velopp\u00e9e par Kayserberg Plastics (dor\u00e9navant Corplex). Ce terme est devenu un terme g\u00e9n\u00e9rique adopt\u00e9 par de nombreuses&#8230;<\/p>\n","protected":false},"author":3,"featured_media":3977,"parent":0,"menu_order":0,"comment_status":"closed","ping_status":"closed","template":"","meta":{"footnotes":""},"class_list":["post-3992","page","type-page","status-publish","has-post-thumbnail","hentry"],"_links":{"self":[{"href":"https:\/\/www.arden-plast.com\/de\/wp-json\/wp\/v2\/pages\/3992\/"}],"collection":[{"href":"https:\/\/www.arden-plast.com\/de\/wp-json\/wp\/v2\/pages\/"}],"about":[{"href":"https:\/\/www.arden-plast.com\/de\/wp-json\/wp\/v2\/types\/page\/"}],"author":[{"embeddable":true,"href":"https:\/\/www.arden-plast.com\/de\/wp-json\/wp\/v2\/users\/3\/"}],"replies":[{"embeddable":true,"href":"https:\/\/www.arden-plast.com\/de\/wp-json\/wp\/v2\/comments\/?post=3992"}],"version-history":[{"count":2,"href":"https:\/\/www.arden-plast.com\/de\/wp-json\/wp\/v2\/pages\/3992\/revisions\/"}],"predecessor-version":[{"id":4005,"href":"https:\/\/www.arden-plast.com\/de\/wp-json\/wp\/v2\/pages\/3992\/revisions\/4005\/"}],"wp:featuredmedia":[{"embeddable":true,"href":"https:\/\/www.arden-plast.com\/de\/wp-json\/wp\/v2\/media\/3977\/"}],"wp:attachment":[{"href":"https:\/\/www.arden-plast.com\/de\/wp-json\/wp\/v2\/media\/?parent=3992"}],"curies":[{"name":"wp","href":"https:\/\/api.w.org\/{rel}","templated":true}]}}