{"id":2602,"date":"2018-06-29T10:17:00","date_gmt":"2018-06-29T08:17:00","guid":{"rendered":"https:\/\/www.arden-plast.com\/entreprise\/"},"modified":"2021-06-28T09:54:35","modified_gmt":"2021-06-28T07:54:35","slug":"the-company","status":"publish","type":"page","link":"https:\/\/www.arden-plast.com\/en\/the-company\/","title":{"rendered":"Who we are"},"content":{"rendered":"<p>[vc_row full_width=&#8221;stretch_row_content_no_spaces&#8221; css=&#8221;.vc_custom_1539599869414{background-image: url(https:\/\/www.arden-plast.com\/wp-content\/uploads\/2018\/10\/Arden-Plast-qualit\u00e9-basse-3990.jpg?id=2340) !important;background-position: center !important;background-repeat: no-repeat !important;background-size: cover !important;}&#8221;][vc_column el_class=&#8221;pt-0&#8243;][vc_column_text el_class=&#8221;pt-5 pb-5 mt-5 mb-5 ml-auto mr-auto container blue-filter heavy&#8221; css=&#8221;.vc_custom_1624866870812{margin-top: 10rem !important;margin-bottom: 10rem !important;}&#8221;]<\/p>\n<h2><span style=\"color: #ffffff;\">Arden Plast, a 30-year experience in <span style=\"color: #ffc000;\">sustainable, reusable, recyclable, specific protection and packaging<\/span><\/span><\/h2>\n<p>[\/vc_column_text][\/vc_column][\/vc_row][vc_row][vc_column][vc_row_inner equal_height=&#8221;yes&#8221; content_placement=&#8221;top&#8221;][vc_column_inner width=&#8221;1\/2&#8243;][vc_column_text]<strong>Arden Plast<\/strong> was founded in 1986 in Mouzon (Ardennes), heart of the felt industry and the Sommer factories.<\/p>\n<p><strong>Our excellence: specific\u00a0 rigid packaging and protection in small and medium production runs<\/strong>, thanks to our expertise in the extrusion and processing of <strong>corrugated ( fluted ) polypropylene .<\/strong>\u00a0 We have been continuously exhibiting at the Paris Villepinte Packaging Exhibition (All4Pack) since 1990 !<\/p>\n<p>We are constantly investing to always be in possession of <strong>a cutting edge industrial tool<\/strong>, in each of our technologies and with regard to recycling. Our latest expansion has increased the built surface to 10,200 m\u00b2.<\/p>\n<p>Our organisation, Iso 9001 certified, our will for continuous progress and the involvement of our employees allow us to maintain the <strong>agility<\/strong>, <strong>reactivity<\/strong> and the <strong>high level of service<\/strong> which explain the loyalty of our customers and our sustainable growth.<\/p>\n<p>Our direct customers include such groups as\u00a0<strong>PSA\/Opel, Renault Nissan Alliance, Toyota, Valeo, Robert Bosch <\/strong>in automotive industry, <strong>GlaxoSmithKline <\/strong>in pharmaceutics, <strong>L&#8217;Or\u00e9al <\/strong>in cosmetics,\u00a0 <strong>ArcelorMittal <\/strong>in metallurgy, as well as numerous medium and small-size companies experts in their field.<\/p>\n<p>Through its preservation and archiving products, ArdenPlast is also present in the largest museums and cultural institutions in France. In 2017, ArdenPlast was a<strong> patron of EPICO&#8217;s European symposium<\/strong> organised by the <strong>Ch\u00e2teau de Versailles<\/strong> to demonstrate its commitment towards sustainable protection and conservation.[\/vc_column_text][\/vc_column_inner][vc_column_inner width=&#8221;1\/2&#8243;][vc_column_text el_class=&#8221;max-150-cs&#8221;]<\/p>\n<div style=\"display: flex; align-items: center;\"><img loading=\"lazy\" decoding=\"async\" class=\"alignleft wp-image-3310 size-medium\" src=\"https:\/\/www.arden-plast.com\/wp-content\/uploads\/2021\/06\/logo-l-Europe-sengage-en-Champagne-Ardenne.jpg\" alt=\"\" width=\"300\" height=\"210\" \/><span style=\"text-transform: none; font-style: italic; color: #313f95; line-height: 1.25rem;\">Thanks to EU supporting us with 220K\u20ac for our brand new extrusion line<\/span><\/div>\n<p>[\/vc_column_text][vc_single_image image=&#8221;2337&#8243; img_size=&#8221;medium&#8221; alignment=&#8221;center&#8221; style=&#8221;vc_box_outline&#8221; border_color=&#8221;orange&#8221;][\/vc_column_inner][\/vc_row_inner][\/vc_column][\/vc_row][vc_row][vc_column][\/vc_column][\/vc_row][vc_row full_width=&#8221;stretch_row_content_no_spaces&#8221; disable_element=&#8221;yes&#8221; css=&#8221;.vc_custom_1536068313911{margin-top: 2rem !important;margin-bottom: 2rem !important;background-color: #ffc000 !important;background-position: center !important;background-repeat: no-repeat !important;background-size: cover !important;}&#8221;][vc_column css=&#8221;.vc_custom_1535010080888{padding-top: 0px !important;padding-bottom: 0px !important;}&#8221;][vc_row_inner content_placement=&#8221;middle&#8221; gap=&#8221;10&#8243; el_class=&#8221;m-auto row-iso container&#8221; css=&#8221;.vc_custom_1534930318399{padding-top: 0px !important;padding-bottom: 0px !important;}&#8221;][vc_column_inner width=&#8221;1\/6&#8243; css=&#8221;.vc_custom_1534930208401{padding-top: 1rem !important;padding-bottom: 1rem !important;}&#8221;][vc_single_image image=&#8221;1440&#8243; el_class=&#8221;mb-0 ico&#8221;][\/vc_column_inner][vc_column_inner width=&#8221;5\/6&#8243;][vc_column_text el_class=&#8221;mb-0 text-align-center-dmd&#8221; css=&#8221;.vc_custom_1535010271399{padding-top: 1rem !important;padding-bottom: 1rem !important;}&#8221;]<\/p>\n<h4 class=\"no-under\" style=\"text-transform: uppercase; position: relative; line-height: 2.5rem;\"><em><strong><span style=\"color: #ffffff;\">Chaque ann\u00e9e, une enqu\u00eate v\u00e9rifie le degr\u00e9 de satisfaction de nos clients afin de continuer \u00e0 progresser dans le respect de <a title=\"D\u00e9couvrir nos valeurs\" href=\"\/?page_id=19\">nos valeurs<\/a><\/span><\/strong><\/em><\/h4>\n<p>[\/vc_column_text][\/vc_column_inner][\/vc_row_inner][\/vc_column][\/vc_row][vc_row full_width=&#8221;stretch_row_content_no_spaces&#8221; gap=&#8221;35&#8243; equal_height=&#8221;yes&#8221; content_placement=&#8221;middle&#8221; disable_element=&#8221;yes&#8221; css=&#8221;.vc_custom_1536067485733{background-position: 0 0 !important;background-repeat: no-repeat !important;}&#8221;][vc_column][vc_column_text el_class=&#8221;container m-auto&#8221; css=&#8221;.vc_custom_1534940661697{margin-bottom: 2rem !important;}&#8221;]<\/p>\n<h3><span style=\"color: #000000;\"><strong>Arden Plast<\/strong> compte parmi ses clients r\u00e9currents directs :<\/span><\/h3>\n<p>[\/vc_column_text][vc_row_inner content_placement=&#8221;middle&#8221; el_class=&#8221;container m-auto&#8221;][vc_column_inner width=&#8221;1\/12&#8243;][vc_icon icon_fontawesome=&#8221;fa fa-bar-chart&#8221; color=&#8221;custom&#8221; size=&#8221;lg&#8221; css_animation=&#8221;fadeInUp&#8221; custom_color=&#8221;#ffc000&#8243; el_class=&#8221;text-align-center-dxs&#8221;][\/vc_column_inner][vc_column_inner width=&#8221;11\/12&#8243;][vc_column_text css_animation=&#8221;fadeInUp&#8221; el_class=&#8221;text-align-center-dxs&#8221;]<\/p>\n<h5>Les groupes industriels du\u00a0<strong>CAC40<\/strong><\/h5>\n<p>[\/vc_column_text][\/vc_column_inner][\/vc_row_inner][vc_row_inner content_placement=&#8221;middle&#8221; el_class=&#8221;container m-auto&#8221;][vc_column_inner width=&#8221;1\/12&#8243;][\/vc_column_inner][vc_column_inner el_class=&#8221;text-align-center-dmd&#8221; width=&#8221;1\/12&#8243;][vc_icon icon_fontawesome=&#8221;fa fa-car&#8221; color=&#8221;custom&#8221; size=&#8221;lg&#8221; css_animation=&#8221;fadeInUp&#8221; custom_color=&#8221;#ffc000&#8243; el_class=&#8221;text-align-center-dxs&#8221;][\/vc_column_inner][vc_column_inner width=&#8221;10\/12&#8243;][vc_column_text css_animation=&#8221;fadeInUp&#8221; el_class=&#8221;text-align-center-dxs&#8221;]<\/p>\n<h5>Certains des plus grands groupes mondiaux de l\u2019<strong>automobile<\/strong><\/h5>\n<p>[\/vc_column_text][\/vc_column_inner][\/vc_row_inner][vc_row_inner content_placement=&#8221;middle&#8221; el_class=&#8221;container m-auto&#8221;][vc_column_inner width=&#8221;1\/12&#8243;][vc_icon icon_fontawesome=&#8221;fa fa-flask&#8221; color=&#8221;custom&#8221; size=&#8221;lg&#8221; css_animation=&#8221;fadeInUp&#8221; custom_color=&#8221;#ffc000&#8243; el_id=&#8221;text-align-center-dmd&#8221; el_class=&#8221;text-align-center-dxs&#8221;][\/vc_column_inner][vc_column_inner width=&#8221;11\/12&#8243;][vc_column_text css_animation=&#8221;fadeInUp&#8221; el_class=&#8221;text-align-center-dxs&#8221;]<\/p>\n<h5>Les leaders de l\u2019industrie\u00a0<strong>pharmaceutique<\/strong><\/h5>\n<p>[\/vc_column_text][\/vc_column_inner][\/vc_row_inner][vc_row_inner content_placement=&#8221;middle&#8221; el_class=&#8221;container m-auto&#8221;][vc_column_inner width=&#8221;1\/12&#8243;][\/vc_column_inner][vc_column_inner width=&#8221;1\/12&#8243;][vc_icon icon_fontawesome=&#8221;fa fa-address-card&#8221; color=&#8221;custom&#8221; size=&#8221;lg&#8221; css_animation=&#8221;fadeInUp&#8221; custom_color=&#8221;#ffc000&#8243; el_class=&#8221;text-align-center-dxs&#8221;][\/vc_column_inner][vc_column_inner width=&#8221;10\/12&#8243;][vc_column_text css_animation=&#8221;fadeInUp&#8221; el_class=&#8221;text-align-center-dxs&#8221;]<\/p>\n<h5>Nombreux autres\u00a0<strong>clients de toute taille et de tout secteur d\u2019activit\u00e9<\/strong>, en France et en Europe<\/h5>\n<p>[\/vc_column_text][\/vc_column_inner][\/vc_row_inner][\/vc_column][\/vc_row]<\/p>\n","protected":false},"excerpt":{"rendered":"<p>[vc_row full_width=&#8221;stretch_row_content_no_spaces&#8221; css=&#8221;.vc_custom_1539599869414{background-image: url(https:\/\/www.arden-plast.com\/wp-content\/uploads\/2018\/10\/Arden-Plast-qualit\u00e9-basse-3990.jpg?id=2340) !important;background-position: center !important;background-repeat: no-repeat !important;background-size: cover !important;}&#8221;][vc_column el_class=&#8221;pt-0&#8243;][vc_column_text el_class=&#8221;pt-5 pb-5 mt-5 mb-5 ml-auto mr-auto container blue-filter heavy&#8221; css=&#8221;.vc_custom_1624866870812{margin-top: 10rem !important;margin-bottom: 10rem !important;}&#8221;] Arden Plast, a 30-year&#8230;<\/p>\n","protected":false},"author":2,"featured_media":2503,"parent":0,"menu_order":0,"comment_status":"closed","ping_status":"closed","template":"","meta":{"footnotes":""},"class_list":["post-2602","page","type-page","status-publish","has-post-thumbnail","hentry"],"_links":{"self":[{"href":"https:\/\/www.arden-plast.com\/en\/wp-json\/wp\/v2\/pages\/2602\/"}],"collection":[{"href":"https:\/\/www.arden-plast.com\/en\/wp-json\/wp\/v2\/pages\/"}],"about":[{"href":"https:\/\/www.arden-plast.com\/en\/wp-json\/wp\/v2\/types\/page\/"}],"author":[{"embeddable":true,"href":"https:\/\/www.arden-plast.com\/en\/wp-json\/wp\/v2\/users\/2\/"}],"replies":[{"embeddable":true,"href":"https:\/\/www.arden-plast.com\/en\/wp-json\/wp\/v2\/comments\/?post=2602"}],"version-history":[{"count":15,"href":"https:\/\/www.arden-plast.com\/en\/wp-json\/wp\/v2\/pages\/2602\/revisions\/"}],"predecessor-version":[{"id":3540,"href":"https:\/\/www.arden-plast.com\/en\/wp-json\/wp\/v2\/pages\/2602\/revisions\/3540\/"}],"wp:featuredmedia":[{"embeddable":true,"href":"https:\/\/www.arden-plast.com\/en\/wp-json\/wp\/v2\/media\/2503\/"}],"wp:attachment":[{"href":"https:\/\/www.arden-plast.com\/en\/wp-json\/wp\/v2\/media\/?parent=2602"}],"curies":[{"name":"wp","href":"https:\/\/api.w.org\/{rel}","templated":true}]}}