{"id":2606,"date":"2018-06-28T17:07:56","date_gmt":"2018-06-28T15:07:56","guid":{"rendered":"https:\/\/www.arden-plast.com\/notre-metier\/"},"modified":"2019-05-29T12:51:45","modified_gmt":"2019-05-29T10:51:45","slug":"about-us","status":"publish","type":"page","link":"https:\/\/www.arden-plast.com\/en\/about-us\/","title":{"rendered":"What we do"},"content":{"rendered":"<p>[vc_row full_width=&#8221;stretch_row_content_no_spaces&#8221; css=&#8221;.vc_custom_1559122476688{background-image: url(https:\/\/www.arden-plast.com\/wp-content\/uploads\/2019\/05\/work-line-tt.jpg?id=3180) !important;}&#8221; el_class=&#8221;custom-background&#8221;][vc_column el_class=&#8221;pt-0&#8243;][vc_column_text css=&#8221;.vc_custom_1559127103707{padding-top: 6rem !important;padding-bottom: 6rem !important;}&#8221; el_class=&#8221;m-auto container blue-filter heavy &#8220;]<\/p>\n<h2><span style=\"color: #ffffff;\">From design to execution, to <span style=\"color: #ffc000;\">protect<\/span>, <span style=\"color: #ffc000;\">prop up or<\/span>\u00a0<span style=\"color: #ffc000;\">pack\u00a0<\/span><\/span><br \/>\n<span style=\"color: #ffffff;\">\u00a0your product and your components<\/span><\/h2>\n<p>[\/vc_column_text][\/vc_column][\/vc_row][vc_row][vc_column][vc_column_text el_class=&#8221;listing-style&#8221;]Based on your requirements, our design office will look for the best solution and will help you in offering better protection with less. Preliminary design, 2D and 3D digital design based on your DFN and rapid prototyping will enable you to validate instantly.<\/p>\n<h3 id=\"wk1\">Design<\/h3>\n<p>Starting from your requirements, our design office will look for the best solution and will help you in offering better protection with less.\u00a0Preliminary design, 2D and 3D digital design and rapid prototyping will enable you to validate without loss of time.<\/p>\n<h3 id=\"wk2\">Extrusion<\/h3>\n<p>Our 4 complementary extrusion lines allow fast production of corrugated sheets and rolls with specific formats, colours, additives or mixtures, on-line marking, printing or labelling specific to your needs.<\/p>\n<h3 id=\"wk3\">Cutting<\/h3>\n<p>Thanks to our variety of cutting presses of all formats, continuous or semi-continuous, to availability of new tools within 3 days,\u00a0 to real-time coordination with the technical and production departments, you get a quick and complete answer to your validated request.<\/p>\n<h3 id=\"wk4\">Conversion<\/h3>\n<p>We bend, fold, weld, glue, to shape the chosen solution with agility, thanks to the specific templates and tools that we design ourselves to provide our customers full service with fast and reliable execution.<\/p>\n<h3>Take-back<\/h3>\n<p>We can take back and recycle the products we have delivered.[\/vc_column_text][\/vc_column][\/vc_row][vc_row equal_height=&#8221;yes&#8221; content_placement=&#8221;middle&#8221; disable_element=&#8221;yes&#8221; css=&#8221;.vc_custom_1536065712867{margin-top: 2.5rem !important;}&#8221; el_class=&#8221;overflow-hidden&#8221;][vc_column width=&#8221;1\/6&#8243;][vc_icon icon_fontawesome=&#8221;fa fa-handshake-o&#8221; color=&#8221;custom&#8221; background_style=&#8221;rounded-outline&#8221; background_color=&#8221;custom&#8221; size=&#8221;xl&#8221; align=&#8221;center&#8221; css_animation=&#8221;bounceInLeft&#8221; custom_color=&#8221;#ffc000&#8243; el_class=&#8221;mb-0 cpadding heavy&#8221; custom_background_color=&#8221;#ffc000&#8243;][\/vc_column][vc_column width=&#8221;4\/6&#8243;][vc_column_text css_animation=&#8221;bounceInRight&#8221; el_class=&#8221;cpmargin&#8221; css=&#8221;.vc_custom_1534767288247{margin-bottom: 0px !important;}&#8221;]<\/p>\n<h3>Conception<\/h3>\n<p>\u00c0 partir de l&#8217;expression de votre besoin, notre bureau d&#8217;\u00e9tudes cherchera la meilleure solution et vous permettra de prot\u00e9ger mieux avec moins.<br \/>\nPr\u00e9\u00e9tude, \u00e9tude num\u00e9rique 2 et 3D \u00e0 partir de votre DFN, prototypage rapide, vous permettent de valider sans d\u00e9lai.[\/vc_column_text][\/vc_column][vc_column width=&#8221;1\/6&#8243;][\/vc_column][\/vc_row][vc_row equal_height=&#8221;yes&#8221; content_placement=&#8221;middle&#8221; disable_element=&#8221;yes&#8221; css=&#8221;.vc_custom_1536065718108{margin-top: 2.5rem !important;}&#8221;][vc_column width=&#8221;1\/6&#8243;][\/vc_column][vc_column width=&#8221;1\/6&#8243;][vc_icon icon_fontawesome=&#8221;fa fa-cube&#8221; color=&#8221;custom&#8221; background_style=&#8221;rounded-outline&#8221; background_color=&#8221;custom&#8221; size=&#8221;xl&#8221; align=&#8221;center&#8221; css_animation=&#8221;bounceInLeft&#8221; custom_color=&#8221;#ffc000&#8243; el_class=&#8221;mb-0 cpadding&#8221; custom_background_color=&#8221;#ffc000&#8243;][\/vc_column][vc_column width=&#8221;4\/6&#8243;][vc_column_text css_animation=&#8221;bounceInRight&#8221; el_class=&#8221;cpmargin&#8221; css=&#8221;.vc_custom_1534498363771{margin-bottom: 0px !important;}&#8221;]<\/p>\n<h3>Extrusion<\/h3>\n<p>Nos 4 lignes d&#8217;extrusion compl\u00e9mentaires permettent la production rapide des plaques et rouleaux en PPEA\u00a0avec formats, coloris, additifs ou m\u00e9langes sp\u00e9cifiques, marquage, impression ou \u00e9tiquetage en ligne sp\u00e9cifiques \u00e0 votre besoin.[\/vc_column_text][\/vc_column][\/vc_row][vc_row equal_height=&#8221;yes&#8221; content_placement=&#8221;middle&#8221; disable_element=&#8221;yes&#8221; css=&#8221;.vc_custom_1536065723347{margin-top: 2.5rem !important;}&#8221;][vc_column width=&#8221;1\/6&#8243;][vc_icon icon_fontawesome=&#8221;fa fa-scissors&#8221; color=&#8221;custom&#8221; background_style=&#8221;rounded-outline&#8221; background_color=&#8221;custom&#8221; size=&#8221;xl&#8221; align=&#8221;center&#8221; css_animation=&#8221;bounceInLeft&#8221; custom_color=&#8221;#ffc000&#8243; el_class=&#8221;mb-0 cpadding heavy&#8221; custom_background_color=&#8221;#ffc000&#8243;][\/vc_column][vc_column width=&#8221;4\/6&#8243;][vc_column_text css_animation=&#8221;bounceInRight&#8221; el_class=&#8221;cpmargin&#8221; css=&#8221;.vc_custom_1534498371972{margin-bottom: 0px !important;}&#8221;]<\/p>\n<h3>D\u00e9coupe<\/h3>\n<p>Notre vari\u00e9t\u00e9 de presses de d\u00e9coupe, de tous formats, continue ou semi-continue,\u00a0la disponibilit\u00e9 sous 3 jours des nouveaux outillages ainsi que\u00a0la coordination en temps r\u00e9el avec bureau d&#8217;\u00e9tude et extrusion assurent\u00a0quel que soit le volume une r\u00e9ponse rapide et compl\u00e8te \u00e0 votre demande valid\u00e9e.[\/vc_column_text][\/vc_column][vc_column width=&#8221;1\/6&#8243;][\/vc_column][\/vc_row][vc_row equal_height=&#8221;yes&#8221; content_placement=&#8221;middle&#8221; disable_element=&#8221;yes&#8221; css=&#8221;.vc_custom_1536065729180{margin-top: 2.5rem !important;}&#8221;][vc_column width=&#8221;1\/6&#8243;][\/vc_column][vc_column width=&#8221;1\/6&#8243;][vc_icon icon_fontawesome=&#8221;fa fa-archive&#8221; color=&#8221;custom&#8221; background_style=&#8221;rounded-outline&#8221; background_color=&#8221;custom&#8221; size=&#8221;xl&#8221; align=&#8221;center&#8221; css_animation=&#8221;bounceInLeft&#8221; custom_color=&#8221;#ffc000&#8243; el_class=&#8221;mb-0 cpadding&#8221; custom_background_color=&#8221;#ffc000&#8243;][\/vc_column][vc_column width=&#8221;4\/6&#8243;][vc_column_text css_animation=&#8221;bounceInRight&#8221; el_class=&#8221;cpmargin&#8221; css=&#8221;.vc_custom_1534498378413{margin-bottom: 0px !important;}&#8221;]<\/p>\n<h3>Fa\u00e7onnage<\/h3>\n<p>Nous plions, replions, soudons, collons, pour mettre en forme avec agilit\u00e9 la solution retenue\u00a0gr\u00e2ce aux gabarits et outillages sp\u00e9cifiques que nous concevons nous-m\u00eame pour\u00a0vous d\u00e9livrer un service complet avec la meilleure r\u00e9alisation au plus vite et au mieux.[\/vc_column_text][\/vc_column][\/vc_row][vc_row css_animation=&#8221;bounceInUp&#8221;][vc_column css=&#8221;.vc_custom_1534500816889{margin-top: 2.5rem !important;}&#8221;][\/vc_column][\/vc_row][vc_row css_animation=&#8221;bounceInUp&#8221; disable_element=&#8221;yes&#8221;][vc_column css=&#8221;.vc_custom_1534500816889{margin-top: 2.5rem !important;}&#8221;][vc_separator color=&#8221;custom&#8221; border_width=&#8221;2&#8243; css_animation=&#8221;bounceInUp&#8221; accent_color=&#8221;#f8f8f8&#8243;][\/vc_column][\/vc_row][vc_row equal_height=&#8221;yes&#8221; content_placement=&#8221;middle&#8221; css_animation=&#8221;bounceInUp&#8221; disable_element=&#8221;yes&#8221; css=&#8221;.vc_custom_1536065751633{margin-bottom: 6rem !important;}&#8221;][vc_column width=&#8221;1\/6&#8243; offset=&#8221;vc_hidden-sm vc_hidden-xs&#8221;][vc_icon icon_fontawesome=&#8221;fa fa-info-circle&#8221; color=&#8221;custom&#8221; size=&#8221;xl&#8221; align=&#8221;right&#8221; css_animation=&#8221;none&#8221; custom_color=&#8221;#ffc000&#8243; el_class=&#8221;mt-auto mb-auto&#8221;][\/vc_column][vc_column width=&#8221;4\/6&#8243; css=&#8221;.vc_custom_1534501148217{margin-top: 0px !important;}&#8221;][vc_column_text css_animation=&#8221;none&#8221; el_class=&#8221;cpmargin&#8221; css=&#8221;.vc_custom_1534500932100{margin-top: 0px !important;margin-bottom: 0px !important;padding-top: 0px !important;padding-bottom: 0px !important;}&#8221;]<\/p>\n<h3>Reprise<\/h3>\n<p>Nous pouvons reprendre et recycler les produits que nous avons livr\u00e9s.[\/vc_column_text][\/vc_column][vc_column width=&#8221;1\/6&#8243;][\/vc_column][\/vc_row]<\/p>\n","protected":false},"excerpt":{"rendered":"<p>[vc_row full_width=&#8221;stretch_row_content_no_spaces&#8221; css=&#8221;.vc_custom_1559122476688{background-image: url(https:\/\/www.arden-plast.com\/wp-content\/uploads\/2019\/05\/work-line-tt.jpg?id=3180) !important;}&#8221; el_class=&#8221;custom-background&#8221;][vc_column el_class=&#8221;pt-0&#8243;][vc_column_text css=&#8221;.vc_custom_1559127103707{padding-top: 6rem !important;padding-bottom: 6rem !important;}&#8221; el_class=&#8221;m-auto container blue-filter heavy &#8220;] From design to execution, to protect, prop up or\u00a0pack\u00a0 \u00a0your product and your&#8230;<\/p>\n","protected":false},"author":2,"featured_media":2503,"parent":0,"menu_order":0,"comment_status":"closed","ping_status":"closed","template":"","meta":{"footnotes":""},"class_list":["post-2606","page","type-page","status-publish","has-post-thumbnail","hentry"],"_links":{"self":[{"href":"https:\/\/www.arden-plast.com\/en\/wp-json\/wp\/v2\/pages\/2606\/"}],"collection":[{"href":"https:\/\/www.arden-plast.com\/en\/wp-json\/wp\/v2\/pages\/"}],"about":[{"href":"https:\/\/www.arden-plast.com\/en\/wp-json\/wp\/v2\/types\/page\/"}],"author":[{"embeddable":true,"href":"https:\/\/www.arden-plast.com\/en\/wp-json\/wp\/v2\/users\/2\/"}],"replies":[{"embeddable":true,"href":"https:\/\/www.arden-plast.com\/en\/wp-json\/wp\/v2\/comments\/?post=2606"}],"version-history":[{"count":9,"href":"https:\/\/www.arden-plast.com\/en\/wp-json\/wp\/v2\/pages\/2606\/revisions\/"}],"predecessor-version":[{"id":3280,"href":"https:\/\/www.arden-plast.com\/en\/wp-json\/wp\/v2\/pages\/2606\/revisions\/3280\/"}],"wp:featuredmedia":[{"embeddable":true,"href":"https:\/\/www.arden-plast.com\/en\/wp-json\/wp\/v2\/media\/2503\/"}],"wp:attachment":[{"href":"https:\/\/www.arden-plast.com\/en\/wp-json\/wp\/v2\/media\/?parent=2606"}],"curies":[{"name":"wp","href":"https:\/\/api.w.org\/{rel}","templated":true}]}}