{"id":2623,"date":"2018-07-05T09:27:41","date_gmt":"2018-07-05T07:27:41","guid":{"rendered":"https:\/\/www.arden-plast.com\/politique-de-confidentialite\/"},"modified":"2018-11-20T11:28:24","modified_gmt":"2018-11-20T10:28:24","slug":"privacy-policy","status":"publish","type":"page","link":"https:\/\/www.arden-plast.com\/en\/privacy-policy\/","title":{"rendered":"Privacy policy"},"content":{"rendered":"<p>Welcome to the website of ARDEN PLAST (hereinafter referred to as the &#8220;Site&#8221;), published by ARDEN PLAST.<\/p>\n<p>By using our Site, you may send personal data (surname, first name, e-mail address, etc.) to ARDEN PLAST, including through the order forms and contact forms offered on the Site.<\/p>\n<p>&nbsp;<\/p>\n<h3>1. PURPOSES OF PROCESSING THE PERSONAL DATA<\/h3>\n<p>The personal data collected via the Site is necessary to answer your message or request.<\/p>\n<p>The information marked with an asterisk is mandatory to answer your messages or requests unless marked as optional. In the event of failure to provide the requested information, ARDEN PLAST cannot take the request into consideration.<\/p>\n<p>This information is processed by computer, under the responsibility of ARDEN PLAST, and is only intended for it\u2019s own purpose in order to respond to your message or request.<\/p>\n<p>Personal data is only accessible to the authorised staff.<\/p>\n<p>&nbsp;<\/p>\n<h3>2. DURATION OF DATA STORAGE<\/h3>\n<p>In accordance with the applicable regulations, personal data shall be stored in a form that allows identification only for a period not exceeding the time necessary for the reasons for which it has been collected and processed.<\/p>\n<p>As such, the personal data that is collected via the Site is kept in the active database for the time required to fulfil the reasons mentioned above and for a period of 3 (three) years after the entity\u2019s last contact with ARDEN PLAST.<\/p>\n<p>&nbsp;<\/p>\n<h3>3. EXERCISE OF RIGHTS OF ACCESS, RECTIFICATION AND OBJECTION TO ADVANCE TREATMENTS AND DIRECTIVES<\/h3>\n<p>In accordance with the applicable regulations, you have a right to access, rectify, erase data concerning you, the right to limit processing on such data, the right to object to the use of this data, the right to portability of such data, and the right to formulate guidelines for the storage, deletion and communication of your personal data after your death.<\/p>\n<p>You can exercise your rights by sending an email to ARDEN PLAST Zone Industrial Jard &#8211; BP 18 F-08210 MOUZON (France), or an email to contact@ardenplast.com.<\/p>\n<p>A photocopy or scan of an ID may be requested depending on the nature of your request.<\/p>\n<p>You also have the right to lodge a complaint with the CNIL.<\/p>\n<p>&nbsp;<\/p>\n<h3>4. COOKIES POLICY<\/h3>\n<p>WHO ARE WE?<\/p>\n<p>This section allows you to know more about the source and use of the browsing information processed while the Site is being browsed and its rights.<\/p>\n<p>While viewing the Site, information relating to browsing on the Site of the Internet user\u2019s terminal (computer, tablet, smartphone, etc.) may be recorded in the &#8220;Cookies&#8221; files installed on the terminal in line with the choices made by Internet users regarding Cookies and which can be modified at any time.<\/p>\n<p>HOW ARE THE COOKIES ISSUED ON THIS SITE USED?<\/p>\n<p>Only the issuer of a cookie may read or modify information contained therein.<\/p>\n<p>Cookies issued on the Site :<\/p>\n<p>When a user connects to the Site, then subject to the choices made by the Internet user, ARDEN PLAST may be required to install various cookies in his terminal for recognising his terminal\u2019s browser during the validity period of the cookie in question. The Cookies thus issued are used for the purposes described below, subject to the choices made by the Internet user, which he may make at any time.<\/p>\n<p>The issued Cookies allow :<\/p>\n<ul>\n<li>compiling the statistics and volumes of frequenting and using the various components of the Site (sections and contents visited, routes), thus enabling ARDEN PLAST to improve the interest and the ergonomics of its services;<\/li>\n<li>adapting the Site\u2019s presentation to the display preferences of the user&#8217;s terminal (language used, display resolution, operating system used, etc.) when he visits the Site in accordance with this terminal\u2019s hardware and software for viewing or reading;<\/li>\n<li>memorising information relating to a form filled in by the internet user on the Website;<\/li>\n<\/ul>\n<p>The following table details the cookies used by ARDEN PLAST :<\/p>\n<table>\n<tbody>\n<tr>\n<td width=\"217\"><strong>Cookie name<\/strong><\/td>\n<td width=\"217\"><strong>Cookie<\/strong><\/td>\n<td width=\"217\"><strong>Purpose of the Cookie<\/strong><\/td>\n<\/tr>\n<tr>\n<td width=\"217\">Google analytics<\/td>\n<td width=\"217\">Google<\/td>\n<td width=\"217\">Measure the audience<\/td>\n<\/tr>\n<tr>\n<td width=\"217\"><\/td>\n<td width=\"217\"><\/td>\n<td width=\"217\"><\/td>\n<\/tr>\n<tr>\n<td width=\"217\"><\/td>\n<td width=\"217\"><\/td>\n<td width=\"217\"><\/td>\n<\/tr>\n<\/tbody>\n<\/table>\n<p>&nbsp;<\/p>\n<p><strong>YOUR CHOICES RELATED TO COOKIES<\/strong><\/p>\n<p>In accordance with the Information Technology and Freedom (\u201cInformatique et Libert\u00e9s&#8221;) regulation, ARDEN PLAST takes prior consent from the Internet user for storing the audience measuring cookies.<\/p>\n<p>Several options are offered to manage the cookies. Any settings that are selected may change the Internet user&#8217;s browsing on the Internet and his conditions of access to certain services that required the use of Cookies.<\/p>\n<p>The Internet user can at any time express and modify his wishes with regard to the cookies, as described below.<\/p>\n<p>&nbsp;<\/p>\n<p><strong><u>Les choix offerts par le logiciel de navigation<\/u><\/strong><\/p>\n<p>The Internet user can configure his browser so that cookies are saved in his terminal or, to the contrary, are rejected, either systematically or depending on the issuer. The Internet user can also configure his browser so that from time to time he is asked whether he wants to accept or refuse the cookies, before a cookie may be saved in his terminal.<\/p>\n<p>How to exercise your choices, depending on the browser you use?<\/p>\n<p>Each browser has a different configuration for managing the cookies and your choices. It is described in your browser&#8217;s help menu, which will allow you to know how to change your requirements with regard to the cookies.<\/p>\n<p>For Internet Explorer\u2122 : <a href=\"http:\/\/windows.microsoft.com\/fr-FR\/windows-vista\/Block-or-allow-cookies\">http:\/\/windows.microsoft.com\/fr-FR\/windows-vista\/Block-or-allow-cookies<\/a><\/p>\n<p>Safari\u2122 : <a href=\"http:\/\/docs.info.apple.com\/article.html?path=Safari\/3.0\/fr\/9277.html\">http:\/\/docs.info.apple.com\/article.html?path=Safari\/3.0\/fr\/9277.html<\/a>,<\/p>\n<p>Chrome\u2122 : <a href=\"http:\/\/support.google.com\/chrome\/bin\/answer.py?hl=fr&amp;hlrm=en&amp;answer=95647\">http:\/\/support.google.com\/chrome\/bin\/answer.py?hl=fr&amp;hlrm=en&amp;answer=95647<\/a>,<\/p>\n<p>Firefox\u2122 <a href=\"http:\/\/support.mozilla.org\/fr\/kb\/Activer%20et%20d%C3%A9sactiver%20les%20cookies\">http:\/\/support.mozilla.org\/fr\/kb\/Activer%20et%20d%C3%A9sactiver%20les%20cookies<\/a>,<\/p>\n<p>Opera\u2122 : <a href=\"http:\/\/help.opera.com\/Windows\/10.20\/fr\/cookies.html\">http:\/\/help.opera.com\/Windows\/10.20\/fr\/cookies.html<\/a><\/p>\n<p>&nbsp;<\/p>\n<p><strong>Setting up the operating system of your smartphone<\/strong><\/p>\n<p>You can manage the storing of Cookies on your smartphone in the operating system rules.<\/p>\n<p>On iOS : <a href=\"https:\/\/support.apple.com\/fr-fr\/HT201265\">https:\/\/support.apple.com\/fr-fr\/HT201265<\/a><\/p>\n<p>On Android : <a href=\"https:\/\/support.google.com\/chrome\/topic\/3434352\">https:\/\/support.google.com\/chrome\/topic\/3434352<\/a><\/p>\n<p>&nbsp;<\/p>\n<p><strong>Refusal of cookies directly on the publisher&#8217;s website<\/strong><\/p>\n<p>Certains \u00e9diteurs de cookie d\u00e9pos\u00e9s sur le Site proposent aux internautes de param\u00e9trer le d\u00e9p\u00f4t du cookie qu\u2019ils proposent.<\/p>\n<p>&nbsp;<\/p>\n<p><strong><u>Les choix offerts par les solutions en ligne<\/u><\/strong><\/p>\n<p>VRefusal of cookies directly on the publisher&#8217;s website\u00a0<a href=\"http:\/\/www.youronlinechoices.com\/fr\/controler-ses-cookies\/\">http:\/\/www.youronlinechoices.com\/fr\/controler-ses-cookies\/<\/a> .<\/p>\n<p>&nbsp;<\/p>\n<p>For more information about cookies, you can consult the CNIL website.<\/p>\n","protected":false},"excerpt":{"rendered":"<p>Welcome to the website of ARDEN PLAST (hereinafter referred to as the &#8220;Site&#8221;), published by ARDEN PLAST. By using our Site, you may send personal data (surname, first name, e-mail&#8230;<\/p>\n","protected":false},"author":2,"featured_media":0,"parent":0,"menu_order":0,"comment_status":"closed","ping_status":"closed","template":"","meta":{"footnotes":""},"class_list":["post-2623","page","type-page","status-publish","hentry"],"_links":{"self":[{"href":"https:\/\/www.arden-plast.com\/en\/wp-json\/wp\/v2\/pages\/2623\/"}],"collection":[{"href":"https:\/\/www.arden-plast.com\/en\/wp-json\/wp\/v2\/pages\/"}],"about":[{"href":"https:\/\/www.arden-plast.com\/en\/wp-json\/wp\/v2\/types\/page\/"}],"author":[{"embeddable":true,"href":"https:\/\/www.arden-plast.com\/en\/wp-json\/wp\/v2\/users\/2\/"}],"replies":[{"embeddable":true,"href":"https:\/\/www.arden-plast.com\/en\/wp-json\/wp\/v2\/comments\/?post=2623"}],"version-history":[{"count":2,"href":"https:\/\/www.arden-plast.com\/en\/wp-json\/wp\/v2\/pages\/2623\/revisions\/"}],"predecessor-version":[{"id":2627,"href":"https:\/\/www.arden-plast.com\/en\/wp-json\/wp\/v2\/pages\/2623\/revisions\/2627\/"}],"wp:attachment":[{"href":"https:\/\/www.arden-plast.com\/en\/wp-json\/wp\/v2\/media\/?parent=2623"}],"curies":[{"name":"wp","href":"https:\/\/api.w.org\/{rel}","templated":true}]}}