{"id":4047,"date":"2024-05-30T15:50:29","date_gmt":"2024-05-30T13:50:29","guid":{"rendered":"https:\/\/www.arden-plast.com\/polypropylene-alveolaire\/intercalaires-palettisation-polypropylene-alveolaire\/"},"modified":"2024-05-30T16:16:54","modified_gmt":"2024-05-30T14:16:54","slug":"intercalaires-palettisation-polypropylene-alveolaire","status":"publish","type":"page","link":"https:\/\/www.arden-plast.com\/en\/polypropylene-alveolaire\/intercalaires-palettisation-polypropylene-alveolaire\/","title":{"rendered":"Pourquoi utiliser des intercalaires de palettisation ?"},"content":{"rendered":"<p><span style=\"font-weight: 400;\">En logistique, la s\u00e9curisation et l\u2019optimisation des actions de palettisation fait partie d\u2019une des missions phares dans la gestion des entrep\u00f4ts. D\u00e9couvrons ensemble les avantages \u00e0 utiliser des intercalaires de palettisation dans ce contexte et les diff\u00e9rents types d\u2019intercalaires disponibles sur le march\u00e9.\u00a0<\/span><\/p>\n<p>&nbsp;<\/p>\n<h2><span style=\"font-weight: 400;\">Int\u00e9r\u00eat des intercalaires de palettisation<\/span><\/h2>\n<p>&nbsp;<\/p>\n<ul>\n<li style=\"font-weight: 400;\" aria-level=\"1\">\n<h3><span style=\"font-weight: 400;\">Renforcement de la stabilit\u00e9 des palettes<\/span><\/h3>\n<\/li>\n<\/ul>\n<p><span style=\"font-weight: 400;\">Les intercalaires de palettisation permettent de renforcer la stabilit\u00e9 des palettes. Ils ajoutent une couche protectrice entre chaque palette ce qui emp\u00eache ces derni\u00e8res de glisser durant le transport et la manutention. L\u2019ensemble du chargement est plus stable, plus solide et <\/span><b>moins accidentog\u00e8ne<\/b><span style=\"font-weight: 400;\">.\u00a0<\/span><\/p>\n<p>&nbsp;<\/p>\n<ul>\n<li style=\"font-weight: 400;\" aria-level=\"1\">\n<h3><span style=\"font-weight: 400;\">Protection des produits<\/span><\/h3>\n<\/li>\n<\/ul>\n<p><span style=\"font-weight: 400;\">Outre la stabilit\u00e9 des palettes, les intercalaires offrent une protection suppl\u00e9mentaire aux produits eux-m\u00eames. Ils agissent comme des <\/span><b>barri\u00e8res contre les impacts<\/b><span style=\"font-weight: 400;\">, les vibrations et les frottements. Un d\u00e9tail qui a son importance lors du transport de marchandises fragiles. En utilisant des intercalaires, vous r\u00e9duisez donc les risques de d\u00e9t\u00e9rioration ainsi que les co\u00fbts li\u00e9s aux retours de produits et leurs remplacements.<\/span><\/p>\n<p>&nbsp;<\/p>\n<ul>\n<li style=\"font-weight: 400;\" aria-level=\"1\">\n<h3><span style=\"font-weight: 400;\">Optimisation de l&#8217;espace de stockage<\/span><\/h3>\n<\/li>\n<\/ul>\n<p><span style=\"font-weight: 400;\">Saviez-vous que les intercalaires permettent \u00e9galement d\u2019optimiser votre espace de stockage ? En stabilisant vos palettes entre elles, vous renforcez aussi leur pouvoir d\u2019<\/span><b>empilabilit\u00e9<\/b><span style=\"font-weight: 400;\">, ce qui vous permet de cr\u00e9er des piles de palettes plus hautes et de <\/span><b>gagner de la surface<\/b><span style=\"font-weight: 400;\"> au sol.\u00a0\u00a0<\/span><\/p>\n<p>&nbsp;<\/p>\n<p><span style=\"font-weight: 400;\">\u2192 Cons\u00e9quences : une meilleure organisation de votre entrep\u00f4t et une plus grande capacit\u00e9 de stockage ! \ud83d\udcc8<\/span><\/p>\n<p>&nbsp;<\/p>\n<h2><span style=\"font-weight: 400;\">3 types d&#8217;intercalaires possibles pour vos palettes<\/span><\/h2>\n<p>&nbsp;<\/p>\n<p><span style=\"font-weight: 400;\">Int\u00e9ressons-nous maintenant aux intercalaires disponibles sur le march\u00e9 et examinons leurs avantages et leurs inconv\u00e9nients.<\/span><\/p>\n<p>&nbsp;<\/p>\n<ul>\n<li style=\"font-weight: 400;\" aria-level=\"1\">\n<h3><span style=\"font-weight: 400;\">Intercalaires en carton<\/span><\/h3>\n<\/li>\n<\/ul>\n<p><span style=\"font-weight: 400;\">Les intercalaires en carton sont largement utilis\u00e9s en raison de leur faible co\u00fbt. Ils sont l\u00e9gers et souvent faits en mati\u00e8re recycl\u00e9e, ce qui est per\u00e7u comme \u00e9cologique malgr\u00e9 le m\u00e9diocre bilan carbone du recyclage du carton. Ils ont une<\/span><b> r\u00e9sistance limit\u00e9e \u00e0 l&#8217;humidit\u00e9<\/b><span style=\"font-weight: 400;\"> et peuvent se d\u00e9chirer facilement, et ne sont donc pas durables.<\/span><\/p>\n<p>&nbsp;<\/p>\n<ul>\n<li style=\"font-weight: 400;\" aria-level=\"1\">\n<h3><span style=\"font-weight: 400;\">Intercalaires en bois<\/span><\/h3>\n<\/li>\n<\/ul>\n<p><span style=\"font-weight: 400;\">Les intercalaires en bois sont robustes et peuvent supporter des charges lourdes. Ils sont souvent utilis\u00e9s pour des applications sp\u00e9cifiques n\u00e9cessitant une grande r\u00e9sistance. Toutefois, leur <\/span><b>poids cons\u00e9quent <\/b><span style=\"font-weight: 400;\">et leur <\/span><b>manque de flexibilit\u00e9<\/b><span style=\"font-weight: 400;\"> posent de r\u00e9els contraintes au quotidien en termes d\u2019ergonomie et de logistique.<\/span><\/p>\n<p>&nbsp;<\/p>\n<ul>\n<li style=\"font-weight: 400;\" aria-level=\"1\">\n<h3><span style=\"font-weight: 400;\">Intercalaires en polypropyl\u00e8ne alv\u00e9olaire extrud\u00e9<\/span><\/h3>\n<\/li>\n<\/ul>\n<p><span style=\"font-weight: 400;\">Les intercalaires en polypropyl\u00e8ne alv\u00e9olaire extrud\u00e9 (aussi appel\u00e9s PPEA ou Propyflex) sont<\/span><b> les plus r\u00e9sistants<\/b><span style=\"font-weight: 400;\">. Contrairement au carton, ils ne se d\u00e9chirent pas et ne prennent pas l\u2019humidit\u00e9, ce qui les rend id\u00e9aux pour des conditions exigeantes comme du stockage en ext\u00e9rieur. Leur durabilit\u00e9 et leur <\/span><b>r\u00e9utilisabilit\u00e9 <\/b><span style=\"font-weight: 400;\">vous offrent un excellent retour sur investissement. \ud83d\udcb0<\/span><\/p>\n<p>&nbsp;<\/p>\n<h2><span style=\"font-weight: 400;\">En bref<\/span><\/h2>\n<ul>\n<li style=\"font-weight: 400;\" aria-level=\"1\"><span style=\"font-weight: 400;\">Les intercalaires de palettisation sont essentiels pour am\u00e9liorer la stabilit\u00e9 des palettes, prot\u00e9ger la marchandise et optimiser l&#8217;espace de stockage.\u00a0<\/span><\/li>\n<li style=\"font-weight: 400;\" aria-level=\"1\"><span style=\"font-weight: 400;\">Parmi les mat\u00e9riaux disponibles, le <\/span><b>carton <\/b><span style=\"font-weight: 400;\">est \u00e9conomique \ud83d\udce6 mais fragile et sa dur\u00e9e de vie r\u00e9duite en comparaison du PPEA. \u274c Le <\/span><b>bois <\/b><span style=\"font-weight: 400;\">est quant \u00e0 lui r\u00e9serv\u00e9 aux applications pour lesquelles sa robustesse est n\u00e9cessaire.\u00a0<\/span><\/li>\n<\/ul>\n<p><span style=\"font-weight: 400;\">Le PPEA offre une r\u00e9sistance \u00e9lev\u00e9e et une grande r\u00e9utilisabilit\u00e9. \u2705 Dans la dur\u00e9e, les intercalaires en <\/span><b>polypropyl\u00e8ne alv\u00e9olaire extrud\u00e9<\/b><span style=\"font-weight: 400;\"> sont donc les plus \u00e9conomiques \u00e0 l\u2019utilisation. Ils ne se d\u00e9chirent pas et ne prennent pas l\u2019humidit\u00e9. \ud83d\udca6<\/span><\/p>\n","protected":false},"excerpt":{"rendered":"<p>En logistique, la s\u00e9curisation et l\u2019optimisation des actions de palettisation fait partie d\u2019une des missions phares dans la gestion des entrep\u00f4ts. D\u00e9couvrons ensemble les avantages \u00e0 utiliser des intercalaires de&#8230;<\/p>\n","protected":false},"author":3,"featured_media":4017,"parent":3991,"menu_order":0,"comment_status":"closed","ping_status":"closed","template":"","meta":{"footnotes":""},"class_list":["post-4047","page","type-page","status-publish","has-post-thumbnail","hentry"],"_links":{"self":[{"href":"https:\/\/www.arden-plast.com\/en\/wp-json\/wp\/v2\/pages\/4047\/"}],"collection":[{"href":"https:\/\/www.arden-plast.com\/en\/wp-json\/wp\/v2\/pages\/"}],"about":[{"href":"https:\/\/www.arden-plast.com\/en\/wp-json\/wp\/v2\/types\/page\/"}],"author":[{"embeddable":true,"href":"https:\/\/www.arden-plast.com\/en\/wp-json\/wp\/v2\/users\/3\/"}],"replies":[{"embeddable":true,"href":"https:\/\/www.arden-plast.com\/en\/wp-json\/wp\/v2\/comments\/?post=4047"}],"version-history":[{"count":1,"href":"https:\/\/www.arden-plast.com\/en\/wp-json\/wp\/v2\/pages\/4047\/revisions\/"}],"predecessor-version":[{"id":4050,"href":"https:\/\/www.arden-plast.com\/en\/wp-json\/wp\/v2\/pages\/4047\/revisions\/4050\/"}],"up":[{"embeddable":true,"href":"https:\/\/www.arden-plast.com\/en\/wp-json\/wp\/v2\/pages\/3991\/"}],"wp:featuredmedia":[{"embeddable":true,"href":"https:\/\/www.arden-plast.com\/en\/wp-json\/wp\/v2\/media\/4017\/"}],"wp:attachment":[{"href":"https:\/\/www.arden-plast.com\/en\/wp-json\/wp\/v2\/media\/?parent=4047"}],"curies":[{"name":"wp","href":"https:\/\/api.w.org\/{rel}","templated":true}]}}