{"id":2661,"date":"2018-06-28T16:11:02","date_gmt":"2018-06-28T14:11:02","guid":{"rendered":"https:\/\/www.arden-plast.com\/accueil\/"},"modified":"2019-12-02T11:10:47","modified_gmt":"2019-12-02T10:10:47","slug":"accueil","status":"publish","type":"page","link":"https:\/\/www.arden-plast.com\/es\/","title":{"rendered":"Inicio"},"content":{"rendered":"<p>[vc_row full_width=\u00bbstretch_row_content_no_spaces\u00bb][vc_column][vc_ele_slider_home nb_slide=\u00bb3&#8243;][vc_ele_slider_home_item image_id=\u00bb3262&#8243; text=\u00bbcdcuycifv\u00bb]<\/p>\n<h1 class=\"lower\">Soluciones espec\u00edficas de <span style=\"color: #313f95;\">protecci\u00f3n<\/span> y <span style=\"color: #313f95;\">envase<\/span><\/h1>\n<p>[\/vc_ele_slider_home_item][vc_ele_slider_home_item image_id=\u00bb3315&#8243; text=\u00bbcdcuycifv\u00bb]<\/p>\n<h1 class=\"lower\"><span style=\"color: #ffffff;\">Dise\u00f1ador<\/span> y <span style=\"color: #ffffff;\">fabricante<\/span><\/h1>\n<p>[\/vc_ele_slider_home_item][vc_ele_slider_home_item image_id=\u00bb3266&#8243; text=\u00bbcdcuycifv\u00bb]<\/p>\n<h1 class=\"lower\">Protecci\u00f3n duradera de sus <span style=\"color: #313f95;\">productos<\/span> y <span style=\"color: #313f95;\">componentes<\/span><\/h1>\n<p>[\/vc_ele_slider_home_item][vc_ele_slider_home_item image_id=\u00bb3270&#8243; text=\u00bbcdcuycifv\u00bb]<\/p>\n<h1 class=\"lower\">Soluciones flexibles, semirr\u00edgidas, r\u00edgidas, plegables, reutilizables o reciclables, seg\u00fan <span style=\"color: #313f95;\">sus necesidades<\/span><\/h1>\n<p>[\/vc_ele_slider_home_item][\/vc_ele_slider_home][\/vc_column][\/vc_row][vc_row full_width=\u00bbstretch_row_content_no_spaces\u00bb disable_element=\u00bbyes\u00bb][vc_column][vc_ele_contact img=\u00bb239&#8243; title=\u00bbUN PROJET, UNE QUESTION ?\u00bb text=\u00bbContactez nos \u00e9quipes pour \u00e9changer sur votre projet.\u00bb][\/vc_column][\/vc_row][vc_row full_width=\u00bbstretch_row_content_no_spaces\u00bb][vc_column el_class=\u00bbpt-0&#8243;][vc_ele_bureau img=\u00bb102&#8243; title=\u00bbNuestra labor\u00bb baseline=\u00bbEmpieza en el estudio y culmina en la realizaci\u00f3n, para proteger, equilibrar, envasar o embalar sus productos y sus componentes\u00bb][\/vc_column][\/vc_row][vc_row full_width=\u00bbstretch_row_content_no_spaces\u00bb][vc_column el_class=\u00bbpt-0&#8243;][vc_ele_workline first=\u00bbdise\u00f1ar\u00bb first_link=\u00bburl:https%3A%2F%2Fwww.arden-plast.com%2Fes%2Fnuestra-actividad%2F|||\u00bb second=\u00bbextruir\u00bb second_link=\u00bburl:https%3A%2F%2Fwww.arden-plast.com%2Fes%2Fnuestra-actividad%2F|||\u00bb third=\u00bbcortar\u00bb third_link=\u00bburl:https%3A%2F%2Fwww.arden-plast.com%2Fes%2Fnuestra-actividad%2F|||\u00bb fourth=\u00bbconformar\u00bb fourth_link=\u00bburl:https%3A%2F%2Fwww.arden-plast.com%2Fes%2Fnuestra-actividad%2F|||\u00bb][\/vc_column][\/vc_row][vc_row full_width=\u00bbstretch_row_content_no_spaces\u00bb css=\u00bb.vc_custom_1534510270688{background-color: #fcfcfc !important;}\u00bb][vc_column][vc_ele_areas title=\u00bbAplicaciones\u00bb][\/vc_column][\/vc_row][vc_row full_width=\u00bbstretch_row_content_no_spaces\u00bb css=\u00bb.vc_custom_1534848067645{background-color: #bababa !important;}\u00bb][vc_column el_class=\u00bbpt-0&#8243;][vc_ele_apps title=\u00bbSectores de actividad\u00bb][\/vc_column][\/vc_row][vc_row full_width=\u00bbstretch_row_content_no_spaces\u00bb][vc_column css=\u00bb.vc_custom_1535021652374{padding-top: 0px !important;}\u00bb][vc_ele_products title=\u00bbPPEA\u00bb paragraphe=\u00bbEl PPEA, polipropileno alveolar extruido, material de referencia para la protecci\u00f3n y el envase espec\u00edficos, en series peque\u00f1as y medianas, puntuales o recurrentes, en bucles log\u00edsticos o de un solo uso. El PPEA es 100% reciclable, de clase 5 en la clasificaci\u00f3n de calidad de reciclado de pl\u00e1sticos.\u00bb][\/vc_column][\/vc_row][vc_row full_width=\u00bbstretch_row_content_no_spaces\u00bb][vc_column][vc_ele_ecology title=\u00bbDESARROLLO SOSTENIBLE\u00bb background=\u00bb2845&#8243; is_link=\u00bbtrue\u00bb title1=\u00bbUN MATERIAL REUTILIZABLE\u00bb link1=\u00bburl:https%3A%2F%2Fwww.arden-plast.com%2Fes%2Fdesarrollo-sostenible%3F%23e1|||\u00bb title2=\u00bbUN MATERIAL RECICLABLE\u00bb link2=\u00bburl:https%3A%2F%2Fwww.arden-plast.com%2Fes%2Fdesarrollo-sostenible%3F%23e2|||\u00bb title3=\u00bbPRODUCTOS REUTILIZABLES\u00bb link3=\u00bburl:https%3A%2F%2Fwww.arden-plast.com%2Fes%2Fdesarrollo-sostenible%3F%23e3|||\u00bb title4=\u00bbDISE\u00d1O ENFOCADO AL AHORRO\u00bb link4=\u00bburl:https%3A%2F%2Fwww.arden-plast.com%2Fes%2Fdesarrollo-sostenible%3F%23e4|||\u00bb title5=\u00bbPRODUCCI\u00d3N AUSTERA\u00bb link5=\u00bburl:https%3A%2F%2Fwww.arden-plast.com%2Fes%2Fdesarrollo-sostenible%3F%23e5|||\u00bb title6=\u00bbCOMPROMISO RESPONSABLE\u00bb link6=\u00bburl:https%3A%2F%2Fwww.arden-plast.com%2Fes%2Fdesarrollo-sostenible%3F%23e6|||\u00bb]Arden Plast se adhiere a la directiva europea 2018\/852 del 30 de mayo de 2018 relativa a envases que determina el objetivo de \u00ab<em>fomentar un aumento de la proporci\u00f3n de envases reutilizables comercializados\u00bb<\/em>.[\/vc_ele_ecology][\/vc_column][\/vc_row][vc_row full_width=\u00bbstretch_row_content_no_spaces\u00bb][vc_column][vc_ele_reass title=\u00bbValores\u00bb][vc_ele_reass_item title=\u00bbIngenio\u00bb image_id=\u00bb1966&#8243;][vc_ele_reass_item title=\u00bbReactividad\u00bb image_id=\u00bb161&#8243;][vc_ele_reass_item title=\u00bbAgilidad\u00bb image_id=\u00bb159&#8243; titl=\u00bbdzddzzd\u00bb image_i=\u00bb165&#8243;][vc_ele_reass_item title=\u00bbServicio\u00bb image_id=\u00bb165&#8243;][vc_ele_reass_item title=\u00bbResponsabilidad\u00bb image_id=\u00bb401&#8243;][vc_ele_reass_item title=\u00bbOrgullo\u00bb image_id=\u00bb164&#8243;][\/vc_ele_reass][\/vc_column][\/vc_row]<\/p>\n","protected":false},"excerpt":{"rendered":"<p>[vc_row full_width=\u00bbstretch_row_content_no_spaces\u00bb][vc_column][vc_ele_slider_home nb_slide=\u00bb3&#8243;][vc_ele_slider_home_item image_id=\u00bb3262&#8243; text=\u00bbcdcuycifv\u00bb] Soluciones espec\u00edficas de protecci\u00f3n y envase [\/vc_ele_slider_home_item][vc_ele_slider_home_item image_id=\u00bb3315&#8243; text=\u00bbcdcuycifv\u00bb] Dise\u00f1ador y fabricante [\/vc_ele_slider_home_item][vc_ele_slider_home_item image_id=\u00bb3266&#8243; text=\u00bbcdcuycifv\u00bb] Protecci\u00f3n duradera de sus productos y componentes [\/vc_ele_slider_home_item][vc_ele_slider_home_item image_id=\u00bb3270&#8243; text=\u00bbcdcuycifv\u00bb]&#8230;<\/p>\n","protected":false},"author":2,"featured_media":2663,"parent":0,"menu_order":0,"comment_status":"closed","ping_status":"closed","template":"","meta":{"footnotes":""},"class_list":["post-2661","page","type-page","status-publish","has-post-thumbnail","hentry"],"_links":{"self":[{"href":"https:\/\/www.arden-plast.com\/es\/wp-json\/wp\/v2\/pages\/2661\/"}],"collection":[{"href":"https:\/\/www.arden-plast.com\/es\/wp-json\/wp\/v2\/pages\/"}],"about":[{"href":"https:\/\/www.arden-plast.com\/es\/wp-json\/wp\/v2\/types\/page\/"}],"author":[{"embeddable":true,"href":"https:\/\/www.arden-plast.com\/es\/wp-json\/wp\/v2\/users\/2\/"}],"replies":[{"embeddable":true,"href":"https:\/\/www.arden-plast.com\/es\/wp-json\/wp\/v2\/comments\/?post=2661"}],"version-history":[{"count":15,"href":"https:\/\/www.arden-plast.com\/es\/wp-json\/wp\/v2\/pages\/2661\/revisions\/"}],"predecessor-version":[{"id":3320,"href":"https:\/\/www.arden-plast.com\/es\/wp-json\/wp\/v2\/pages\/2661\/revisions\/3320\/"}],"wp:featuredmedia":[{"embeddable":true,"href":"https:\/\/www.arden-plast.com\/es\/wp-json\/wp\/v2\/media\/2663\/"}],"wp:attachment":[{"href":"https:\/\/www.arden-plast.com\/es\/wp-json\/wp\/v2\/media\/?parent=2661"}],"curies":[{"name":"wp","href":"https:\/\/api.w.org\/{rel}","templated":true}]}}