{"id":2778,"date":"2018-06-28T17:07:56","date_gmt":"2018-06-28T15:07:56","guid":{"rendered":"https:\/\/www.arden-plast.com\/notre-metier\/"},"modified":"2019-05-29T12:52:03","modified_gmt":"2019-05-29T10:52:03","slug":"nuestra-actividad","status":"publish","type":"page","link":"https:\/\/www.arden-plast.com\/es\/nuestra-actividad\/","title":{"rendered":"Nuestra actividad"},"content":{"rendered":"<p>[vc_row full_width=\u00bbstretch_row_content_no_spaces\u00bb css=\u00bb.vc_custom_1559122643751{background-image: url(https:\/\/www.arden-plast.com\/wp-content\/uploads\/2019\/05\/work-line-tt.jpg?id=3182) !important;}\u00bb el_class=\u00bbcustom-background\u00bb][vc_column el_class=\u00bbpt-0&#8243;][vc_column_text css=\u00bb.vc_custom_1559127121198{padding-top: 6rem !important;padding-bottom: 6rem !important;}\u00bb el_class=\u00bbm-auto container blue-filter heavy \u00ab]<\/p>\n<h2><span style=\"color: #ffffff;\">Empezando por el estudio y culminando en la realizaci\u00f3n, para <span style=\"color: #ffc000;\">proteger<\/span>, <span style=\"color: #ffc000;\">equilibrar<\/span>, <span style=\"color: #ffc000;\">envasar<\/span>,<\/span><br \/>\n<span style=\"color: #ffffff;\"><span style=\"color: #ffc000;\">embalar<\/span>, sus productos y componentes<\/span><\/h2>\n<p>[\/vc_column_text][\/vc_column][\/vc_row][vc_row][vc_column][vc_column_text el_class=\u00bblisting-style\u00bb]Cuando transmita a nuestra oficina t\u00e9cnica sus necesidades, buscaremos la mejor soluci\u00f3n que le permita proteger m\u00e1s con menos. El proyecto previo, el proyecto digital 2 y 3D con su DFN y el prototipo r\u00e1pido le permitir\u00e1n avanzar sin demora.<\/p>\n<h3 id=\"wk1\">Dise\u00f1o<\/h3>\n<p>Cuando transmita a nuestra oficina t\u00e9cnica sus necesidades, buscaremos la mejor soluci\u00f3n que le permita proteger m\u00e1s con menos.<br \/>\nNuestros proyectos previos, proyectos 2D y 3D con su DFN, prototipos r\u00e1pidos, le permitir\u00e1n validar sin p\u00e9rdida de tiempo.<\/p>\n<h3 id=\"wk2\">Extrusi\u00f3n<\/h3>\n<p>Nuestras cuatro l\u00edneas de extrusi\u00f3n complementarias permiten la producci\u00f3n r\u00e1pida de planchas y rodillos de PPEA con formato, color, aditivos o mezclas espec\u00edficos. Marcas, impresiones o etiquetados en l\u00ednea espec\u00edficos seg\u00fan su necesidad.<\/p>\n<h3 id=\"wk3\">Corte<\/h3>\n<p>La variedad de nuestras prensas de corte, de todos los formatos, continuas o semicontinuas, la disponibilidad en 3 d\u00edas de nuevos \u00fatiles y la coordinaci\u00f3n en tiempo real con nuestra oficina t\u00e9cnica y extrusi\u00f3n garantizan la respuesta r\u00e1pida y completa a su petici\u00f3n validada, cualquiera que sea el volumen.<\/p>\n<h3 id=\"wk4\">Conformado<\/h3>\n<p>Plegamos, replegamos, soldamos y pegamos para dar forma con agilidad a la soluci\u00f3n elegida gracias a los g\u00e1libos y \u00fatiles espec\u00edficos que dise\u00f1amos nosotros mismos para ofrecerle un servicio completo con la mejor realizaci\u00f3n en el menor tiempo y nuestro mejor hacer.<\/p>\n<h3>Recogida<\/h3>\n<p>Podemos recoger y reciclar los productos que hemos entregado.[\/vc_column_text][\/vc_column][\/vc_row][vc_row equal_height=\u00bbyes\u00bb content_placement=\u00bbmiddle\u00bb disable_element=\u00bbyes\u00bb css=\u00bb.vc_custom_1536065712867{margin-top: 2.5rem !important;}\u00bb el_class=\u00bboverflow-hidden\u00bb][vc_column width=\u00bb1\/6&#8243;][vc_icon icon_fontawesome=\u00bbfa fa-handshake-o\u00bb color=\u00bbcustom\u00bb background_style=\u00bbrounded-outline\u00bb background_color=\u00bbcustom\u00bb size=\u00bbxl\u00bb align=\u00bbcenter\u00bb css_animation=\u00bbbounceInLeft\u00bb custom_color=\u00bb#ffc000&#8243; el_class=\u00bbmb-0 cpadding heavy\u00bb custom_background_color=\u00bb#ffc000&#8243;][\/vc_column][vc_column width=\u00bb4\/6&#8243;][vc_column_text css_animation=\u00bbbounceInRight\u00bb el_class=\u00bbcpmargin\u00bb css=\u00bb.vc_custom_1534767288247{margin-bottom: 0px !important;}\u00bb]<\/p>\n<h3>Conception<\/h3>\n<p>\u00c0 partir de l&#8217;expression de votre besoin, notre bureau d&#8217;\u00e9tudes cherchera la meilleure solution et vous permettra de prot\u00e9ger mieux avec moins.<br \/>\nPr\u00e9\u00e9tude, \u00e9tude num\u00e9rique 2 et 3D \u00e0 partir de votre DFN, prototypage rapide, vous permettent de valider sans d\u00e9lai.[\/vc_column_text][\/vc_column][vc_column width=\u00bb1\/6&#8243;][\/vc_column][\/vc_row][vc_row equal_height=\u00bbyes\u00bb content_placement=\u00bbmiddle\u00bb disable_element=\u00bbyes\u00bb css=\u00bb.vc_custom_1536065718108{margin-top: 2.5rem !important;}\u00bb][vc_column width=\u00bb1\/6&#8243;][\/vc_column][vc_column width=\u00bb1\/6&#8243;][vc_icon icon_fontawesome=\u00bbfa fa-cube\u00bb color=\u00bbcustom\u00bb background_style=\u00bbrounded-outline\u00bb background_color=\u00bbcustom\u00bb size=\u00bbxl\u00bb align=\u00bbcenter\u00bb css_animation=\u00bbbounceInLeft\u00bb custom_color=\u00bb#ffc000&#8243; el_class=\u00bbmb-0 cpadding\u00bb custom_background_color=\u00bb#ffc000&#8243;][\/vc_column][vc_column width=\u00bb4\/6&#8243;][vc_column_text css_animation=\u00bbbounceInRight\u00bb el_class=\u00bbcpmargin\u00bb css=\u00bb.vc_custom_1534498363771{margin-bottom: 0px !important;}\u00bb]<\/p>\n<h3>Extrusion<\/h3>\n<p>Nos 4 lignes d&#8217;extrusion compl\u00e9mentaires permettent la production rapide des plaques et rouleaux en PPEA\u00a0avec formats, coloris, additifs ou m\u00e9langes sp\u00e9cifiques, marquage, impression ou \u00e9tiquetage en ligne sp\u00e9cifiques \u00e0 votre besoin.[\/vc_column_text][\/vc_column][\/vc_row][vc_row equal_height=\u00bbyes\u00bb content_placement=\u00bbmiddle\u00bb disable_element=\u00bbyes\u00bb css=\u00bb.vc_custom_1536065723347{margin-top: 2.5rem !important;}\u00bb][vc_column width=\u00bb1\/6&#8243;][vc_icon icon_fontawesome=\u00bbfa fa-scissors\u00bb color=\u00bbcustom\u00bb background_style=\u00bbrounded-outline\u00bb background_color=\u00bbcustom\u00bb size=\u00bbxl\u00bb align=\u00bbcenter\u00bb css_animation=\u00bbbounceInLeft\u00bb custom_color=\u00bb#ffc000&#8243; el_class=\u00bbmb-0 cpadding heavy\u00bb custom_background_color=\u00bb#ffc000&#8243;][\/vc_column][vc_column width=\u00bb4\/6&#8243;][vc_column_text css_animation=\u00bbbounceInRight\u00bb el_class=\u00bbcpmargin\u00bb css=\u00bb.vc_custom_1534498371972{margin-bottom: 0px !important;}\u00bb]<\/p>\n<h3>D\u00e9coupe<\/h3>\n<p>Notre vari\u00e9t\u00e9 de presses de d\u00e9coupe, de tous formats, continue ou semi-continue,\u00a0la disponibilit\u00e9 sous 3 jours des nouveaux outillages ainsi que\u00a0la coordination en temps r\u00e9el avec bureau d&#8217;\u00e9tude et extrusion assurent\u00a0quel que soit le volume une r\u00e9ponse rapide et compl\u00e8te \u00e0 votre demande valid\u00e9e.[\/vc_column_text][\/vc_column][vc_column width=\u00bb1\/6&#8243;][\/vc_column][\/vc_row][vc_row equal_height=\u00bbyes\u00bb content_placement=\u00bbmiddle\u00bb disable_element=\u00bbyes\u00bb css=\u00bb.vc_custom_1536065729180{margin-top: 2.5rem !important;}\u00bb][vc_column width=\u00bb1\/6&#8243;][\/vc_column][vc_column width=\u00bb1\/6&#8243;][vc_icon icon_fontawesome=\u00bbfa fa-archive\u00bb color=\u00bbcustom\u00bb background_style=\u00bbrounded-outline\u00bb background_color=\u00bbcustom\u00bb size=\u00bbxl\u00bb align=\u00bbcenter\u00bb css_animation=\u00bbbounceInLeft\u00bb custom_color=\u00bb#ffc000&#8243; el_class=\u00bbmb-0 cpadding\u00bb custom_background_color=\u00bb#ffc000&#8243;][\/vc_column][vc_column width=\u00bb4\/6&#8243;][vc_column_text css_animation=\u00bbbounceInRight\u00bb el_class=\u00bbcpmargin\u00bb css=\u00bb.vc_custom_1534498378413{margin-bottom: 0px !important;}\u00bb]<\/p>\n<h3>Fa\u00e7onnage<\/h3>\n<p>Nous plions, replions, soudons, collons, pour mettre en forme avec agilit\u00e9 la solution retenue\u00a0gr\u00e2ce aux gabarits et outillages sp\u00e9cifiques que nous concevons nous-m\u00eame pour\u00a0vous d\u00e9livrer un service complet avec la meilleure r\u00e9alisation au plus vite et au mieux.[\/vc_column_text][\/vc_column][\/vc_row][vc_row css_animation=\u00bbbounceInUp\u00bb][vc_column css=\u00bb.vc_custom_1534500816889{margin-top: 2.5rem !important;}\u00bb][\/vc_column][\/vc_row][vc_row css_animation=\u00bbbounceInUp\u00bb disable_element=\u00bbyes\u00bb][vc_column css=\u00bb.vc_custom_1534500816889{margin-top: 2.5rem !important;}\u00bb][vc_separator color=\u00bbcustom\u00bb border_width=\u00bb2&#8243; css_animation=\u00bbbounceInUp\u00bb accent_color=\u00bb#f8f8f8&#8243;][\/vc_column][\/vc_row][vc_row equal_height=\u00bbyes\u00bb content_placement=\u00bbmiddle\u00bb css_animation=\u00bbbounceInUp\u00bb disable_element=\u00bbyes\u00bb css=\u00bb.vc_custom_1536065751633{margin-bottom: 6rem !important;}\u00bb][vc_column width=\u00bb1\/6&#8243; offset=\u00bbvc_hidden-sm vc_hidden-xs\u00bb][vc_icon icon_fontawesome=\u00bbfa fa-info-circle\u00bb color=\u00bbcustom\u00bb size=\u00bbxl\u00bb align=\u00bbright\u00bb css_animation=\u00bbnone\u00bb custom_color=\u00bb#ffc000&#8243; el_class=\u00bbmt-auto mb-auto\u00bb][\/vc_column][vc_column width=\u00bb4\/6&#8243; css=\u00bb.vc_custom_1534501148217{margin-top: 0px !important;}\u00bb][vc_column_text css_animation=\u00bbnone\u00bb el_class=\u00bbcpmargin\u00bb css=\u00bb.vc_custom_1534500932100{margin-top: 0px !important;margin-bottom: 0px !important;padding-top: 0px !important;padding-bottom: 0px !important;}\u00bb]<\/p>\n<h3>Reprise<\/h3>\n<p>Nous pouvons reprendre et recycler les produits que nous avons livr\u00e9s.[\/vc_column_text][\/vc_column][vc_column width=\u00bb1\/6&#8243;][\/vc_column][\/vc_row]<\/p>\n","protected":false},"excerpt":{"rendered":"<p>[vc_row full_width=\u00bbstretch_row_content_no_spaces\u00bb css=\u00bb.vc_custom_1559122643751{background-image: url(https:\/\/www.arden-plast.com\/wp-content\/uploads\/2019\/05\/work-line-tt.jpg?id=3182) !important;}\u00bb el_class=\u00bbcustom-background\u00bb][vc_column el_class=\u00bbpt-0&#8243;][vc_column_text css=\u00bb.vc_custom_1559127121198{padding-top: 6rem !important;padding-bottom: 6rem !important;}\u00bb el_class=\u00bbm-auto container blue-filter heavy \u00ab] Empezando por el estudio y culminando en la realizaci\u00f3n, para proteger, equilibrar, envasar,&#8230;<\/p>\n","protected":false},"author":2,"featured_media":2663,"parent":0,"menu_order":0,"comment_status":"closed","ping_status":"closed","template":"","meta":{"footnotes":""},"class_list":["post-2778","page","type-page","status-publish","has-post-thumbnail","hentry"],"_links":{"self":[{"href":"https:\/\/www.arden-plast.com\/es\/wp-json\/wp\/v2\/pages\/2778\/"}],"collection":[{"href":"https:\/\/www.arden-plast.com\/es\/wp-json\/wp\/v2\/pages\/"}],"about":[{"href":"https:\/\/www.arden-plast.com\/es\/wp-json\/wp\/v2\/types\/page\/"}],"author":[{"embeddable":true,"href":"https:\/\/www.arden-plast.com\/es\/wp-json\/wp\/v2\/users\/2\/"}],"replies":[{"embeddable":true,"href":"https:\/\/www.arden-plast.com\/es\/wp-json\/wp\/v2\/comments\/?post=2778"}],"version-history":[{"count":6,"href":"https:\/\/www.arden-plast.com\/es\/wp-json\/wp\/v2\/pages\/2778\/revisions\/"}],"predecessor-version":[{"id":3282,"href":"https:\/\/www.arden-plast.com\/es\/wp-json\/wp\/v2\/pages\/2778\/revisions\/3282\/"}],"wp:featuredmedia":[{"embeddable":true,"href":"https:\/\/www.arden-plast.com\/es\/wp-json\/wp\/v2\/media\/2663\/"}],"wp:attachment":[{"href":"https:\/\/www.arden-plast.com\/es\/wp-json\/wp\/v2\/media\/?parent=2778"}],"curies":[{"name":"wp","href":"https:\/\/api.w.org\/{rel}","templated":true}]}}