{"id":2782,"date":"2018-06-28T17:07:43","date_gmt":"2018-06-28T15:07:43","guid":{"rendered":"https:\/\/www.arden-plast.com\/le-p-p-e-a\/"},"modified":"2019-05-29T13:00:12","modified_gmt":"2019-05-29T11:00:12","slug":"le-p-p-e-a","status":"publish","type":"page","link":"https:\/\/www.arden-plast.com\/es\/le-p-p-e-a\/","title":{"rendered":"P.P.E.A."},"content":{"rendered":"<p>[vc_row full_width=\u00bbstretch_row_content_no_spaces\u00bb css=\u00bb.vc_custom_1537455274661{background-image: url(https:\/\/www.arden-plast.com\/wp-content\/uploads\/2018\/09\/arden-plast-ppea-propyflex.jpg?id=1990) !important;background-position: center !important;background-repeat: no-repeat !important;background-size: cover !important;}\u00bb][vc_column css=\u00bb.vc_custom_1536071115588{padding-top: 0px !important;}\u00bb][vc_column_text el_class=\u00bbm-auto container blue-filter heavy\u00bb css=\u00bb.vc_custom_1542724121463{margin-top: 10rem !important;margin-bottom: 10rem !important;}\u00bb]<\/p>\n<h2><span style=\"color: #ffffff;\">El <span style=\"color: #ffc000;\">Propiflex<\/span>, un polipropileno alveolar extruido<\/span><\/h2>\n<p>[\/vc_column_text][\/vc_column][\/vc_row][vc_row content_placement=\u00bbmiddle\u00bb css=\u00bb.vc_custom_1537256851152{background-position: 0 0 !important;background-repeat: no-repeat !important;}\u00bb el_class=\u00bbbg-leaf\u00bb][vc_column width=\u00bb2\/3&#8243;][vc_row_inner el_class=\u00bbcontainer m-auto\u00bb][vc_column_inner][vc_column_text]Este material se adapta a m\u00faltiples aplicaciones de envasado y protecci\u00f3n, en bucles log\u00edsticos o de un solo uso :<\/p>\n<ul>\n<li>Ligero y r\u00edgido<\/li>\n<li>Inalterable con la humedad, esterilizable en horno<\/li>\n<li>Resistente a los impactos<\/li>\n<li>No genera polvo<\/li>\n<li>Plegable y resistente al desgarro de manera indefinida<\/li>\n<li>Inerte a las grasas y a la mayor parte de productos qu\u00edmicos<\/li>\n<li>Puede imprimirse<\/li>\n<li>Alimentario<\/li>\n<li>Reutilizable<\/li>\n<li>100% reciclable<\/li>\n<li>Aislante ac\u00fastico<\/li>\n<li>Puede combinarse con otros materiales (no tejido, textil, etc.) para aplicaciones particulares<\/li>\n<\/ul>\n<p>[\/vc_column_text][\/vc_column_inner][\/vc_row_inner][\/vc_column][vc_column width=\u00bb1\/3&#8243;][vc_single_image image=\u00bb2259&#8243; img_size=\u00bbmedium\u00bb alignment=\u00bbcenter\u00bb style=\u00bbvc_box_outline_circle_2&#8243; border_color=\u00bborange\u00bb][vc_single_image image=\u00bb3294&#8243; img_size=\u00bbmedium\u00bb alignment=\u00bbcenter\u00bb style=\u00bbvc_box_rounded\u00bb][\/vc_column][\/vc_row][vc_row content_placement=\u00bbtop\u00bb css=\u00bb.vc_custom_1537192443890{background-position: 0 0 !important;background-repeat: no-repeat !important;}\u00bb el_class=\u00bbbg-leaf\u00bb][vc_column width=\u00bb2\/3&#8243;][vc_row_inner el_class=\u00bbcontainer m-auto\u00bb][vc_column_inner][vc_column_text]Si es necesario puede ser :<\/p>\n<ul>\n<li>Antiest\u00e1tico<\/li>\n<li>Disipador (ESD)<\/li>\n<li>Base de impresi\u00f3n (tratamiento Corona 2 caras)<\/li>\n<li>Ign\u00edfugo (M1, M2)<\/li>\n<li>Resistente a los UV<\/li>\n<li>A la corrosi\u00f3n (VCI)<\/li>\n<\/ul>\n<p>Ofrecemos tambi\u00e9n soluciones de protecci\u00f3n y embalaje en otros materiales r\u00edgidos (espumas PPE, termoformadas) o flexibles (textiles, no tejidos, espumas PE) cuando ofrecen una mejor respuesta a la necesidad.[\/vc_column_text][\/vc_column_inner][\/vc_row_inner][\/vc_column][vc_column width=\u00bb1\/3&#8243;][vc_row_inner equal_height=\u00bbyes\u00bb][vc_column_inner][vc_single_image image=\u00bb3286&#8243; img_size=\u00bbmedium\u00bb alignment=\u00bbcenter\u00bb][\/vc_column_inner][\/vc_row_inner][\/vc_column][\/vc_row][vc_row full_width=\u00bbstretch_row_content_no_spaces\u00bb equal_height=\u00bbyes\u00bb css_animation=\u00bbnone\u00bb disable_element=\u00bbyes\u00bb css=\u00bb.vc_custom_1536070138847{margin-bottom: 6rem !important;background-image: url(https:\/\/www.arden-plast.com\/wp-content\/uploads\/2018\/07\/arden-plast-2.jpg?id=132) !important;background-position: center !important;background-repeat: no-repeat !important;background-size: cover !important;}\u00bb][vc_column width=\u00bb1\/4&#8243; el_class=\u00bbpt-0 blue-filter light\u00bb css=\u00bb.vc_custom_1534766618414{background-image: url(https:\/\/www.arden-plast.com\/wp-content\/uploads\/2018\/08\/DSC_7277.jpg?id=636) !important;background-position: center !important;background-repeat: no-repeat !important;background-size: cover !important;}\u00bb offset=\u00bbvc_hidden-xs\u00bb][vc_column_text el_class=\u00bbblue-filter light\u00bb][\/vc_column_text][\/vc_column][vc_column width=\u00bb3\/4&#8243; el_class=\u00bbblue-filter heavy p-0&#8243; offset=\u00bbvc_col-xs-12&#8243;][vc_row_inner equal_height=\u00bbyes\u00bb][vc_column_inner width=\u00bb1\/6&#8243; offset=\u00bbvc_col-xs-4&#8243;][vc_icon icon_fontawesome=\u00bbfa fa-paper-plane-o\u00bb color=\u00bbcustom\u00bb align=\u00bbcenter\u00bb custom_color=\u00bb#ffc000&#8243; css=\u00bb.vc_custom_1534431189966{margin-bottom: 0px !important;}\u00bb][vc_column_text]<\/p>\n<p style=\"text-align: center;\"><strong><span style=\"color: #ffffff;\">l\u00e9ger<br \/>\net rigide<\/span><\/strong><\/p>\n<p>[\/vc_column_text][\/vc_column_inner][vc_column_inner width=\u00bb1\/6&#8243; offset=\u00bbvc_col-xs-4&#8243;][vc_icon icon_fontawesome=\u00bbfa fa-umbrella\u00bb color=\u00bbcustom\u00bb align=\u00bbcenter\u00bb custom_color=\u00bb#ffc000&#8243; css=\u00bb.vc_custom_1534431222422{margin-bottom: 0px !important;}\u00bb][vc_column_text]<\/p>\n<p style=\"text-align: center;\"><strong><span style=\"color: #ffffff;\">insensible<br \/>\n\u00e0 l&#8217;humidit\u00e9<\/span><\/strong><\/p>\n<p>[\/vc_column_text][\/vc_column_inner][vc_column_inner width=\u00bb1\/6&#8243; offset=\u00bbvc_col-xs-4&#8243;][vc_icon icon_fontawesome=\u00bbfa fa-circle-o-notch\u00bb color=\u00bbcustom\u00bb align=\u00bbcenter\u00bb custom_color=\u00bb#ffc000&#8243; css=\u00bb.vc_custom_1534431427237{margin-bottom: 0px !important;}\u00bb][vc_column_text]<\/p>\n<p style=\"text-align: center;\"><span style=\"color: #ffffff;\"><strong>st\u00e9rilisable<br \/>\nen \u00e9tuve<\/strong><\/span><\/p>\n<p>[\/vc_column_text][\/vc_column_inner][vc_column_inner width=\u00bb1\/6&#8243; offset=\u00bbvc_col-xs-4&#8243;][vc_icon icon_fontawesome=\u00bbfa fa-gavel\u00bb color=\u00bbcustom\u00bb align=\u00bbcenter\u00bb custom_color=\u00bb#ffc000&#8243; css=\u00bb.vc_custom_1534493139165{margin-bottom: 0px !important;}\u00bb][vc_column_text]<\/p>\n<p style=\"text-align: center;\"><span style=\"color: #ffffff;\"><strong>r\u00e9sistant aux<br \/>\nchocs et d\u00e9chirement<\/strong><\/span><\/p>\n<p>[\/vc_column_text][\/vc_column_inner][vc_column_inner width=\u00bb1\/6&#8243; offset=\u00bbvc_col-xs-4&#8243;][vc_icon icon_fontawesome=\u00bbfa fa-dot-circle-o\u00bb color=\u00bbcustom\u00bb align=\u00bbcenter\u00bb custom_color=\u00bb#ffc000&#8243; css=\u00bb.vc_custom_1534431533202{margin-bottom: 0px !important;}\u00bb][vc_column_text]<\/p>\n<p style=\"text-align: center;\"><span style=\"color: #ffffff;\"><strong>non g\u00e9n\u00e9rateur<br \/>\nde poussi\u00e8re<\/strong><\/span><\/p>\n<p>[\/vc_column_text][\/vc_column_inner][vc_column_inner width=\u00bb1\/6&#8243; offset=\u00bbvc_col-xs-4&#8243;][vc_icon icon_fontawesome=\u00bbfa fa-star-o\u00bb color=\u00bbcustom\u00bb align=\u00bbcenter\u00bb custom_color=\u00bb#ffc000&#8243; css=\u00bb.vc_custom_1534431579653{margin-bottom: 0px !important;}\u00bb][vc_column_text]<\/p>\n<p style=\"text-align: center;\"><span style=\"color: #ffffff;\"><strong>ind\u00e9finiment<br \/>\npliable<\/strong><\/span><\/p>\n<p>[\/vc_column_text][\/vc_column_inner][\/vc_row_inner][vc_row_inner equal_height=\u00bbyes\u00bb][vc_column_inner width=\u00bb1\/6&#8243; offset=\u00bbvc_col-xs-4&#8243;][vc_icon type=\u00bbentypo\u00bb icon_entypo=\u00bbentypo-icon entypo-icon-water\u00bb color=\u00bbcustom\u00bb align=\u00bbcenter\u00bb custom_color=\u00bb#ffc000&#8243; css=\u00bb.vc_custom_1534491147372{margin-bottom: 0px !important;}\u00bb][vc_column_text]<\/p>\n<p style=\"text-align: center;\"><span style=\"color: #ffffff;\">inerte aux graisses et \u00e0 la<\/span><br \/>\n<span style=\"color: #ffffff;\">plupart des produits chimiques<\/span><\/p>\n<p>[\/vc_column_text][\/vc_column_inner][vc_column_inner width=\u00bb1\/6&#8243; offset=\u00bbvc_col-xs-4&#8243;][vc_icon icon_fontawesome=\u00bbfa fa-sticky-note\u00bb color=\u00bbcustom\u00bb align=\u00bbcenter\u00bb custom_color=\u00bb#ffc000&#8243; css=\u00bb.vc_custom_1534491493939{margin-bottom: 0px !important;}\u00bb][vc_column_text]<\/p>\n<p style=\"text-align: center;\"><span style=\"color: #ffffff;\">Imprimable<\/span><\/p>\n<p>[\/vc_column_text][\/vc_column_inner][vc_column_inner width=\u00bb1\/6&#8243; offset=\u00bbvc_col-xs-4&#8243;][vc_icon icon_fontawesome=\u00bbfa fa-cutlery\u00bb color=\u00bbcustom\u00bb align=\u00bbcenter\u00bb custom_color=\u00bb#ffc000&#8243; css=\u00bb.vc_custom_1534491538429{margin-bottom: 0px !important;}\u00bb][vc_column_text]<\/p>\n<p style=\"text-align: center;\"><span style=\"color: #ffffff;\">alimentaire<\/span><\/p>\n<p>[\/vc_column_text][\/vc_column_inner][vc_column_inner width=\u00bb1\/6&#8243; offset=\u00bbvc_col-xs-4&#8243;][vc_icon icon_fontawesome=\u00bbfa fa-refresh\u00bb color=\u00bbcustom\u00bb align=\u00bbcenter\u00bb custom_color=\u00bb#ffc000&#8243; css=\u00bb.vc_custom_1534491592403{margin-bottom: 0px !important;}\u00bb][vc_column_text]<\/p>\n<p style=\"text-align: center;\"><span style=\"color: #ffffff;\">r\u00e9utilisable<\/span><\/p>\n<p>[\/vc_column_text][\/vc_column_inner][vc_column_inner width=\u00bb1\/6&#8243; offset=\u00bbvc_col-xs-4&#8243;][vc_icon icon_fontawesome=\u00bbfa fa-envira\u00bb color=\u00bbcustom\u00bb align=\u00bbcenter\u00bb custom_color=\u00bb#ffc000&#8243; css=\u00bb.vc_custom_1534861837539{margin-bottom: 0px !important;}\u00bb][vc_column_text]<\/p>\n<p style=\"text-align: center;\"><span style=\"color: #ffffff;\">100%<br \/>\nrecyclable<\/span><\/p>\n<p>[\/vc_column_text][\/vc_column_inner][vc_column_inner width=\u00bb1\/6&#8243; offset=\u00bbvc_col-xs-4&#8243;][vc_icon icon_fontawesome=\u00bbfa fa-headphones\u00bb color=\u00bbcustom\u00bb align=\u00bbcenter\u00bb custom_color=\u00bb#ffc000&#8243; css=\u00bb.vc_custom_1534491791628{margin-bottom: 0px !important;}\u00bb][vc_column_text]<\/p>\n<p style=\"text-align: center;\"><span style=\"color: #ffffff;\">isolant<br \/>\nphonique<\/span><\/p>\n<p>[\/vc_column_text][\/vc_column_inner][\/vc_row_inner][vc_row_inner equal_height=\u00bbyes\u00bb][vc_column_inner width=\u00bb1\/6&#8243; offset=\u00bbvc_col-xs-4&#8243;][vc_icon icon_fontawesome=\u00bbfa fa-cubes\u00bb color=\u00bbcustom\u00bb align=\u00bbcenter\u00bb custom_color=\u00bb#ffc000&#8243; css=\u00bb.vc_custom_1534491872749{margin-bottom: 0px !important;}\u00bb][vc_column_text]<\/p>\n<p style=\"text-align: center;\"><span style=\"color: #ffffff;\">combinable avec<br \/>\nd&#8217;autres mat\u00e9riaux<\/span><\/p>\n<p>[\/vc_column_text][\/vc_column_inner][vc_column_inner width=\u00bb1\/6&#8243; offset=\u00bbvc_col-xs-4&#8243;][vc_icon icon_fontawesome=\u00bbfa fa-bolt\u00bb color=\u00bbcustom\u00bb align=\u00bbcenter\u00bb custom_color=\u00bb#ffc000&#8243; css=\u00bb.vc_custom_1534492366519{margin-bottom: 0px !important;}\u00bb][vc_column_text]<\/p>\n<p style=\"text-align: center;\"><span style=\"color: #ffffff;\">anti<br \/>\nstatique<\/span><\/p>\n<p>[\/vc_column_text][\/vc_column_inner][vc_column_inner width=\u00bb1\/6&#8243; offset=\u00bbvc_col-xs-4&#8243;][vc_icon type=\u00bbentypo\u00bb icon_entypo=\u00bbentypo-icon entypo-icon-air\u00bb color=\u00bbcustom\u00bb align=\u00bbcenter\u00bb custom_color=\u00bb#ffc000&#8243; css=\u00bb.vc_custom_1534492827262{margin-bottom: 0px !important;}\u00bb][vc_column_text]<\/p>\n<p style=\"text-align: center;\"><span style=\"color: #ffffff;\">dissipatif<br \/>\n(ESD)<\/span><\/p>\n<p>[\/vc_column_text][\/vc_column_inner][vc_column_inner width=\u00bb1\/6&#8243; offset=\u00bbvc_col-xs-4&#8243;][vc_icon icon_fontawesome=\u00bbfa fa-fire\u00bb color=\u00bbcustom\u00bb align=\u00bbcenter\u00bb custom_color=\u00bb#ffc000&#8243; css=\u00bb.vc_custom_1534861860161{margin-bottom: 0px !important;}\u00bb][vc_column_text]<\/p>\n<p style=\"text-align: center;\"><span style=\"color: #ffffff;\">ignifug\u00e9<br \/>\n(M1 M2)<\/span><\/p>\n<p>[\/vc_column_text][\/vc_column_inner][vc_column_inner width=\u00bb1\/6&#8243; offset=\u00bbvc_col-xs-4&#8243;][vc_icon icon_fontawesome=\u00bbfa fa-sun-o\u00bb color=\u00bbcustom\u00bb align=\u00bbcenter\u00bb custom_color=\u00bb#ffc000&#8243; css=\u00bb.vc_custom_1534492865906{margin-bottom: 0px !important;}\u00bb][vc_column_text]<\/p>\n<p style=\"text-align: center;\"><span style=\"color: #ffffff;\">r\u00e9sistant<br \/>\naux UV<\/span><\/p>\n<p>[\/vc_column_text][\/vc_column_inner][vc_column_inner width=\u00bb1\/6&#8243; offset=\u00bbvc_col-xs-4&#8243;][vc_icon icon_fontawesome=\u00bbfa fa-shield\u00bb color=\u00bbcustom\u00bb align=\u00bbcenter\u00bb custom_color=\u00bb#ffc000&#8243; css=\u00bb.vc_custom_1532498077794{margin-bottom: 0px !important;}\u00bb][vc_column_text]<\/p>\n<p style=\"text-align: center;\"><span style=\"color: #ffffff;\">r\u00e9sistant<\/span><br \/>\n<span style=\"color: #ffffff;\">\u00e0 la corrosion (VCI)<\/span><\/p>\n<p>[\/vc_column_text][\/vc_column_inner][\/vc_row_inner][\/vc_column][\/vc_row][vc_row][vc_column][vc_empty_space][\/vc_column][\/vc_row]<\/p>\n","protected":false},"excerpt":{"rendered":"<p>[vc_row full_width=\u00bbstretch_row_content_no_spaces\u00bb css=\u00bb.vc_custom_1537455274661{background-image: url(https:\/\/www.arden-plast.com\/wp-content\/uploads\/2018\/09\/arden-plast-ppea-propyflex.jpg?id=1990) !important;background-position: center !important;background-repeat: no-repeat !important;background-size: cover !important;}\u00bb][vc_column css=\u00bb.vc_custom_1536071115588{padding-top: 0px !important;}\u00bb][vc_column_text el_class=\u00bbm-auto container blue-filter heavy\u00bb css=\u00bb.vc_custom_1542724121463{margin-top: 10rem !important;margin-bottom: 10rem !important;}\u00bb] El Propiflex, un polipropileno alveolar extruido [\/vc_column_text][\/vc_column][\/vc_row][vc_row&#8230;<\/p>\n","protected":false},"author":2,"featured_media":2663,"parent":0,"menu_order":0,"comment_status":"closed","ping_status":"closed","template":"","meta":{"footnotes":""},"class_list":["post-2782","page","type-page","status-publish","has-post-thumbnail","hentry"],"_links":{"self":[{"href":"https:\/\/www.arden-plast.com\/es\/wp-json\/wp\/v2\/pages\/2782\/"}],"collection":[{"href":"https:\/\/www.arden-plast.com\/es\/wp-json\/wp\/v2\/pages\/"}],"about":[{"href":"https:\/\/www.arden-plast.com\/es\/wp-json\/wp\/v2\/types\/page\/"}],"author":[{"embeddable":true,"href":"https:\/\/www.arden-plast.com\/es\/wp-json\/wp\/v2\/users\/2\/"}],"replies":[{"embeddable":true,"href":"https:\/\/www.arden-plast.com\/es\/wp-json\/wp\/v2\/comments\/?post=2782"}],"version-history":[{"count":3,"href":"https:\/\/www.arden-plast.com\/es\/wp-json\/wp\/v2\/pages\/2782\/revisions\/"}],"predecessor-version":[{"id":3299,"href":"https:\/\/www.arden-plast.com\/es\/wp-json\/wp\/v2\/pages\/2782\/revisions\/3299\/"}],"wp:featuredmedia":[{"embeddable":true,"href":"https:\/\/www.arden-plast.com\/es\/wp-json\/wp\/v2\/media\/2663\/"}],"wp:attachment":[{"href":"https:\/\/www.arden-plast.com\/es\/wp-json\/wp\/v2\/media\/?parent=2782"}],"curies":[{"name":"wp","href":"https:\/\/api.w.org\/{rel}","templated":true}]}}