{"id":2786,"date":"2018-06-28T17:08:08","date_gmt":"2018-06-28T15:08:08","guid":{"rendered":"https:\/\/www.arden-plast.com\/developpement-durable\/"},"modified":"2020-02-14T11:43:51","modified_gmt":"2020-02-14T10:43:51","slug":"desarrollo-sostenible","status":"publish","type":"page","link":"https:\/\/www.arden-plast.com\/es\/desarrollo-sostenible\/","title":{"rendered":"Desarrollo sostenible"},"content":{"rendered":"<p>[vc_row full_width=\u00bbstretch_row_content_no_spaces\u00bb][vc_column][vc_ele_ecology background=\u00bb2845&#8243; content_big=\u00bbJTNDaDIlM0UlM0NzcGFuJTIwc3R5bGUlM0QlMjJjb2xvciUzQSUyMCUyM2ZmZmZmZiUzQiUyMiUzRUFyZGVuJTIwUGxhc3QlMjBxdWllcmUlMjB0cmFiYWphciUyMGNhZGElMjBkJUMzJUFEYSUyMGVuJTIwZWwlMjBkZXNhcnJvbGxvJTIwc29zdGVuaWJsZSUyMHBvciUyMGVsJTIwJTNDc3BhbiUyMHN0eWxlJTNEJTIyY29sb3IlM0ElMjAlMjNmY2MwMDAlM0IlMjIlM0ViaWVuJTIwY29tJUMzJUJBbiUzQyUyRnNwYW4lM0UlM0MlMkZzcGFuJTNFJTNDJTJGaDIlM0U=\u00bb title1=\u00bbUN MATERIAL REUTILIZABLE\u00bb text1=\u00bbLa elecci\u00f3n priorizada de un material lavable, y por lo tanto, reutilizable de manera natural\u00bb title2=\u00bbUN MATERIAL RECICLABLE\u00bb text2=\u00bbTodos nuestros productos 100% PPEA son 100% reciclables\u00bb title3=\u00bbPRODUCTOS REUTILIZABLES\u00bb text3=\u00bbDesarrollo de soluciones de envases reutilizables durante a\u00f1os\u00bb title4=\u00bbDISE\u00d1O ENFOCADO AL AHORRO\u00bb text4=\u00bbDise\u00f1o orientado a meter m\u00e1s en menos: proteger mejor, m\u00e1s tiempo y con menos material\u00bb title5=\u00bbPRODUCCI\u00d3N AUSTERA\u00bb text5=\u00bbReciclamos y reutilizamos en l\u00ednea o en planta el 100% de los residuos de producci\u00f3n\u00bb title6=\u00bbCOMPROMISO RESPONSABLE\u00bb text6=\u00bbCompromiso colectivo permanente para la seguridad y la mejora de las condiciones de trabajo\u00bb][\/vc_ele_ecology][\/vc_column][\/vc_row][vc_row full_width=\u00bbstretch_row\u00bb content_placement=\u00bbmiddle\u00bb el_class=\u00bbcitation\u00bb][vc_column parallax=\u00bbcontent-moving\u00bb css=\u00bb.vc_custom_1532435501538{background-image: url(https:\/\/www.arden-plast.com\/wp-content\/uploads\/2018\/07\/bg-definition-350.jpg?id=305) !important;background-position: 0 0 !important;background-repeat: no-repeat !important;}\u00bb el_class=\u00bbbg-vertical-center\u00bb][vc_column_text]<\/p>\n<div class=\"container\">\n<p>* Envase reutilizable : \u201cTodo envase que ha sido concebido, dise\u00f1ado y comercializado para realizar m\u00faltiples circuitos o rotaciones a lo largo de su ciclo de vida, siendo rellenado o reutilizado con el mismo fin para el que fue concebido\u201d<\/p>\n<p><em>Fuente: Directiva europea 2018\/852 de 30 de mayo de 2018 relativa a envases<\/em><\/p>\n<\/div>\n<p>[\/vc_column_text][\/vc_column][\/vc_row][vc_row][vc_column el_class=\u00bbpt-0&#8243;][vc_column_text el_class=\u00bbm-auto container pt-0 p-0&#8243; css=\u00bb.vc_custom_1581677028564{padding-top: 9rem !important;padding-bottom: 9rem !important;}\u00bb]<\/p>\n<h4 class=\"no-under\" style=\"text-align: center; text-transform: uppercase; position: relative; line-height: 2.5rem;\"><span style=\"color: #000000;\"><em><strong>ES MEJOR PRODUCIR Y VENDER 1 VEZ UN PRODUCTO QUE SE REUTILIZAR\u00c1 100 VECES,<br class=\"d-none d-lg-block\" \/>QUE PRODUCIR Y VENDER 100 VECES UN PRODUCTO DE 1 SOLO USO<br \/>\n<\/strong><\/em><\/span><\/h4>\n<p style=\"text-align: right; padding-right: 33.33%; margin-top: 15px;\"><em><strong>Beno\u00eet d\u2019Harcourt, presidente<\/strong><br \/>\nMouzon, mars 2018<\/em><\/p>\n<p>[\/vc_column_text][\/vc_column][\/vc_row]<\/p>\n","protected":false},"excerpt":{"rendered":"<p>[vc_row full_width=\u00bbstretch_row_content_no_spaces\u00bb][vc_column][vc_ele_ecology background=\u00bb2845&#8243; content_big=\u00bbJTNDaDIlM0UlM0NzcGFuJTIwc3R5bGUlM0QlMjJjb2xvciUzQSUyMCUyM2ZmZmZmZiUzQiUyMiUzRUFyZGVuJTIwUGxhc3QlMjBxdWllcmUlMjB0cmFiYWphciUyMGNhZGElMjBkJUMzJUFEYSUyMGVuJTIwZWwlMjBkZXNhcnJvbGxvJTIwc29zdGVuaWJsZSUyMHBvciUyMGVsJTIwJTNDc3BhbiUyMHN0eWxlJTNEJTIyY29sb3IlM0ElMjAlMjNmY2MwMDAlM0IlMjIlM0ViaWVuJTIwY29tJUMzJUJBbiUzQyUyRnNwYW4lM0UlM0MlMkZzcGFuJTNFJTNDJTJGaDIlM0U=\u00bb title1=\u00bbUN MATERIAL REUTILIZABLE\u00bb text1=\u00bbLa elecci\u00f3n priorizada de un material lavable, y por lo tanto, reutilizable de manera natural\u00bb title2=\u00bbUN MATERIAL RECICLABLE\u00bb text2=\u00bbTodos nuestros productos 100% PPEA&#8230;<\/p>\n","protected":false},"author":2,"featured_media":2663,"parent":0,"menu_order":0,"comment_status":"closed","ping_status":"closed","template":"","meta":{"footnotes":""},"class_list":["post-2786","page","type-page","status-publish","has-post-thumbnail","hentry"],"_links":{"self":[{"href":"https:\/\/www.arden-plast.com\/es\/wp-json\/wp\/v2\/pages\/2786\/"}],"collection":[{"href":"https:\/\/www.arden-plast.com\/es\/wp-json\/wp\/v2\/pages\/"}],"about":[{"href":"https:\/\/www.arden-plast.com\/es\/wp-json\/wp\/v2\/types\/page\/"}],"author":[{"embeddable":true,"href":"https:\/\/www.arden-plast.com\/es\/wp-json\/wp\/v2\/users\/2\/"}],"replies":[{"embeddable":true,"href":"https:\/\/www.arden-plast.com\/es\/wp-json\/wp\/v2\/comments\/?post=2786"}],"version-history":[{"count":8,"href":"https:\/\/www.arden-plast.com\/es\/wp-json\/wp\/v2\/pages\/2786\/revisions\/"}],"predecessor-version":[{"id":3386,"href":"https:\/\/www.arden-plast.com\/es\/wp-json\/wp\/v2\/pages\/2786\/revisions\/3386\/"}],"wp:featuredmedia":[{"embeddable":true,"href":"https:\/\/www.arden-plast.com\/es\/wp-json\/wp\/v2\/media\/2663\/"}],"wp:attachment":[{"href":"https:\/\/www.arden-plast.com\/es\/wp-json\/wp\/v2\/media\/?parent=2786"}],"curies":[{"name":"wp","href":"https:\/\/api.w.org\/{rel}","templated":true}]}}