{"id":2794,"date":"2018-06-28T17:08:29","date_gmt":"2018-06-28T15:08:29","guid":{"rendered":"https:\/\/www.arden-plast.com\/valeurs\/"},"modified":"2018-11-20T16:20:40","modified_gmt":"2018-11-20T15:20:40","slug":"valores","status":"publish","type":"page","link":"https:\/\/www.arden-plast.com\/es\/valores\/","title":{"rendered":"Valores"},"content":{"rendered":"<p>[vc_row full_width=\u00bbstretch_row_content_no_spaces\u00bb css=\u00bb.vc_custom_1537456038928{background-image: url(https:\/\/www.arden-plast.com\/wp-content\/uploads\/2018\/09\/arden-plast-valeurs-engagements.jpg?id=1997) !important;background-position: center !important;background-repeat: no-repeat !important;background-size: cover !important;}\u00bb][vc_column el_class=\u00bbpt-0&#8243;][vc_column_text el_class=\u00bbm-auto container blue-filter heavy\u00bb css=\u00bb.vc_custom_1542726844945{margin-top: 10rem !important;margin-bottom: 10rem !important;}\u00bb]<\/p>\n<h2><span style=\"color: #ffffff;\">Arden Plast aporta a sus clientes una experiencia industrial <br class=\"d-none d-lg-block\" \/>de <span style=\"color: #ffc000;\">m\u00e1s de 30 a\u00f1os<\/span><\/span><\/h2>\n<p>[\/vc_column_text][\/vc_column][\/vc_row][vc_row full_width=\u00bbstretch_row_content_no_spaces\u00bb][vc_column css=\u00bb.vc_custom_1534765723710{margin-bottom: 2rem !important;}\u00bb][vc_column_text el_class=\u00bbcontainer m-auto\u00bb css=\u00bb.vc_custom_1542726862292{margin-bottom: 2rem !important;}\u00bb]<\/p>\n<h3 class=\"no-under\" style=\"text-align: center;\">Nuestra organizaci\u00f3n basada en la implicaci\u00f3n de nuestros trabajadores nos permite mantener un alto nivel de servicio que se apoya en un conjunto de valores<\/h3>\n<p>[\/vc_column_text][vc_row_inner equal_height=\u00bbyes\u00bb gap=\u00bb35&#8243; el_class=\u00bbcontainer m-auto\u00bb][vc_column_inner el_class=\u00bbval-item\u00bb width=\u00bb1\/3&#8243; css=\u00bb.vc_custom_1536221589426{background-color: #ffffff !important;}\u00bb][vc_single_image image=\u00bb2240&#8243; img_size=\u00bbfull\u00bb el_class=\u00bbico text-center d-flex align-items-center\u00bb][vc_column_text el_class=\u00bbtext-justify\u00bb]<\/p>\n<h3>Ingenio<\/h3>\n<p>Cuando transmita a nuestra oficina t\u00e9cnica sus necesidades, buscaremos la mejor soluci\u00f3n que le permita <strong>proteger m\u00e1s con menos<\/strong>.<\/p>\n<p>Nuestros proyectos previos, proyectos 2D y 3D con su DFN, prototipos r\u00e1pidos, le permitir\u00e1n validar<strong> sin p\u00e9rdida de tiempo<\/strong>.[\/vc_column_text][\/vc_column_inner][vc_column_inner el_class=\u00bbval-item\u00bb width=\u00bb1\/3&#8243; css=\u00bb.vc_custom_1536221597006{background-color: #ffffff !important;}\u00bb][vc_single_image image=\u00bb2242&#8243; img_size=\u00bbfull\u00bb el_class=\u00bbico text-center d-flex align-items-center\u00bb][vc_column_text el_class=\u00bbtext-justify\u00bb]<\/p>\n<h3>Reactividad<\/h3>\n<p>La capacidad de nuestras instalaciones industriales, que agrupan en una sola ubicaci\u00f3n oficina t\u00e9cnica, dise\u00f1o, extrusi\u00f3n, corte y conformado, nos permite ofrecer una<strong> reactividad reconocida entre nuestros clientes<\/strong>.[\/vc_column_text][\/vc_column_inner][vc_column_inner el_class=\u00bbval-item\u00bb width=\u00bb1\/3&#8243; css=\u00bb.vc_custom_1536221606977{background-color: #ffffff !important;}\u00bb][vc_single_image image=\u00bb2238&#8243; img_size=\u00bbfull\u00bb el_class=\u00bbico text-center d-flex align-items-center\u00bb][vc_column_text el_class=\u00bbtext-justify\u00bb]<\/p>\n<h3>Agilidad<\/h3>\n<p>Nos preocupamos de <strong>evitar lo superfluo<\/strong> en nuestros dise\u00f1os, nuestra organizaci\u00f3n y nuestros procesos: no cesamos trabajar en <strong>modo Lean<\/strong>.[\/vc_column_text][\/vc_column_inner][\/vc_row_inner][vc_row_inner equal_height=\u00bbyes\u00bb gap=\u00bb35&#8243; el_class=\u00bbcontainer m-auto\u00bb][vc_column_inner el_class=\u00bbval-item\u00bb width=\u00bb1\/3&#8243; css=\u00bb.vc_custom_1536221580676{background-color: #ffffff !important;}\u00bb][vc_single_image image=\u00bb2243&#8243; img_size=\u00bbfull\u00bb el_class=\u00bbico text-center d-flex align-items-center\u00bb][vc_column_text el_class=\u00bbtext-justify\u00bb]<\/p>\n<h3>Servicio<\/h3>\n<p>Nuestra raz\u00f3n de ser el es desarrollo sostenible de nuestra region, nuestro medio de vida es <strong>el servicio sostenible<\/strong> de nuestros clientes.<\/p>\n<p>Toda nuestra energ\u00eda se concentra en <strong>la escucha, la comprensi\u00f3n y la satisfacci\u00f3n<\/strong> duradera de sus necesidades de protecci\u00f3n y embalaje.<\/p>\n<p>Nuestro valor a\u00f1adido deber\u00e1 <strong>facilitar su vida<\/strong>.[\/vc_column_text][\/vc_column_inner][vc_column_inner el_class=\u00bbval-item\u00bb width=\u00bb1\/3&#8243; css=\u00bb.vc_custom_1536221572379{background-color: #ffffff !important;}\u00bb][vc_single_image image=\u00bb2241&#8243; img_size=\u00bbfull\u00bb el_class=\u00bbico text-center d-flex align-items-center\u00bb][vc_column_text el_class=\u00bbtext-justify\u00bb]<\/p>\n<h3>Responsabilidad<\/h3>\n<p>Nos comprometemos. Arden Plast firma :<\/p>\n<ul>\n<li>su\u00a0<strong>dise\u00f1o<\/strong><\/li>\n<li>sus <strong>productos<\/strong><\/li>\n<li>su <strong>servicio<\/strong><\/li>\n<\/ul>\n<p>[\/vc_column_text][\/vc_column_inner][vc_column_inner el_class=\u00bbval-item\u00bb width=\u00bb1\/3&#8243; css=\u00bb.vc_custom_1536221565647{background-color: #ffffff !important;}\u00bb][vc_single_image image=\u00bb2239&#8243; img_size=\u00bbfull\u00bb el_class=\u00bbico text-center d-flex align-items-center\u00bb][vc_column_text el_class=\u00bbtext-justify\u00bb]<\/p>\n<h3>Orgullo<\/h3>\n<p>Tenemos el honor de que nuestros clientes nos elijan para ayudarles a<strong> ser mejores<\/strong>.<\/p>\n<p>Nos mantenemos humildes ante el progreso que nos queda por lograr, pero queremos <strong>estar orgullosos cada d\u00eda<\/strong> de lo que hacemos.<\/p>\n<p>Solo trabajamos con <strong>colaboradores<\/strong>, <strong>clientes<\/strong> y <strong>proveedores<\/strong> que nos permitan conservar este <strong>orgullo<\/strong>.[\/vc_column_text][\/vc_column_inner][\/vc_row_inner][\/vc_column][\/vc_row]<\/p>\n","protected":false},"excerpt":{"rendered":"<p>[vc_row full_width=\u00bbstretch_row_content_no_spaces\u00bb css=\u00bb.vc_custom_1537456038928{background-image: url(https:\/\/www.arden-plast.com\/wp-content\/uploads\/2018\/09\/arden-plast-valeurs-engagements.jpg?id=1997) !important;background-position: center !important;background-repeat: no-repeat !important;background-size: cover !important;}\u00bb][vc_column el_class=\u00bbpt-0&#8243;][vc_column_text el_class=\u00bbm-auto container blue-filter heavy\u00bb css=\u00bb.vc_custom_1542726844945{margin-top: 10rem !important;margin-bottom: 10rem !important;}\u00bb] Arden Plast aporta a sus clientes una experiencia industrial&#8230;<\/p>\n","protected":false},"author":2,"featured_media":2663,"parent":0,"menu_order":0,"comment_status":"closed","ping_status":"closed","template":"","meta":{"footnotes":""},"class_list":["post-2794","page","type-page","status-publish","has-post-thumbnail","hentry"],"_links":{"self":[{"href":"https:\/\/www.arden-plast.com\/es\/wp-json\/wp\/v2\/pages\/2794\/"}],"collection":[{"href":"https:\/\/www.arden-plast.com\/es\/wp-json\/wp\/v2\/pages\/"}],"about":[{"href":"https:\/\/www.arden-plast.com\/es\/wp-json\/wp\/v2\/types\/page\/"}],"author":[{"embeddable":true,"href":"https:\/\/www.arden-plast.com\/es\/wp-json\/wp\/v2\/users\/2\/"}],"replies":[{"embeddable":true,"href":"https:\/\/www.arden-plast.com\/es\/wp-json\/wp\/v2\/comments\/?post=2794"}],"version-history":[{"count":2,"href":"https:\/\/www.arden-plast.com\/es\/wp-json\/wp\/v2\/pages\/2794\/revisions\/"}],"predecessor-version":[{"id":2797,"href":"https:\/\/www.arden-plast.com\/es\/wp-json\/wp\/v2\/pages\/2794\/revisions\/2797\/"}],"wp:featuredmedia":[{"embeddable":true,"href":"https:\/\/www.arden-plast.com\/es\/wp-json\/wp\/v2\/media\/2663\/"}],"wp:attachment":[{"href":"https:\/\/www.arden-plast.com\/es\/wp-json\/wp\/v2\/media\/?parent=2794"}],"curies":[{"name":"wp","href":"https:\/\/api.w.org\/{rel}","templated":true}]}}