{"id":2798,"date":"2018-07-05T09:27:15","date_gmt":"2018-07-05T07:27:15","guid":{"rendered":"https:\/\/www.arden-plast.com\/contact\/"},"modified":"2018-11-20T16:22:44","modified_gmt":"2018-11-20T15:22:44","slug":"contacto","status":"publish","type":"page","link":"https:\/\/www.arden-plast.com\/es\/contacto\/","title":{"rendered":"Contacto"},"content":{"rendered":"<p>[vc_row full_width=\u00bbstretch_row_content_no_spaces\u00bb css=\u00bb.vc_custom_1537479330176{background-image: url(https:\/\/www.arden-plast.com\/wp-content\/uploads\/2018\/09\/arden-plast-contact.jpg?id=1999) !important;background-position: center !important;background-repeat: no-repeat !important;background-size: cover !important;}\u00bb][vc_column el_class=\u00bbpt-0&#8243;][vc_column_text css=\u00bb.vc_custom_1542727305877{margin-top: 10rem !important;margin-bottom: 10rem !important;}\u00bb el_class=\u00bbm-auto container blue-filter heavy\u00bb]<\/p>\n<h2><span style=\"color: #ffffff;\">\u00bfUna necesidad, una duda, un proyecto? <span style=\"color: #fcc000;\">Contacte con nosotros<\/span><\/span><\/h2>\n<p>[\/vc_column_text][\/vc_column][\/vc_row][vc_row el_class=\u00bbpage-contact-row\u00bb][vc_column width=\u00bb2\/6&#8243;][vc_column_text]<\/p>\n<h3><strong>ARDEN PLAST<\/strong><\/h3>\n<p>Zone industrielle du Jard \u2013 BP 18 F<br \/>\n08210 MOUZON (France)[\/vc_column_text][vc_row_inner equal_height=\u00bbyes\u00bb content_placement=\u00bbmiddle\u00bb css=\u00bb.vc_custom_1534949663938{margin-bottom: 1.5rem !important;}\u00bb][vc_column_inner width=\u00bb1\/4&#8243; offset=\u00bbvc_col-md-3 vc_col-xs-3&#8243;][vc_icon icon_fontawesome=\u00bbfa fa-phone\u00bb color=\u00bbcustom\u00bb background_style=\u00bbrounded-outline\u00bb background_color=\u00bbcustom\u00bb size=\u00bbsm\u00bb custom_color=\u00bb#ffc000&#8243; el_class=\u00bbmb-0 coor-ico\u00bb custom_background_color=\u00bb#ffc000&#8243;][\/vc_column_inner][vc_column_inner width=\u00bb3\/4&#8243; offset=\u00bbvc_col-md-9 vc_col-xs-9&#8243;][vc_column_text el_class=\u00bbmb-1 coor-text\u00bb]<strong>+ 33 (0)3 24 26 15 13<\/strong>[\/vc_column_text][\/vc_column_inner][\/vc_row_inner][vc_row_inner equal_height=\u00bbyes\u00bb content_placement=\u00bbmiddle\u00bb css=\u00bb.vc_custom_1534949663938{margin-bottom: 1.5rem !important;}\u00bb][vc_column_inner width=\u00bb1\/4&#8243; offset=\u00bbvc_col-md-3 vc_col-xs-3&#8243;][vc_icon icon_fontawesome=\u00bbfa fa-envelope\u00bb color=\u00bbcustom\u00bb background_style=\u00bbrounded-outline\u00bb background_color=\u00bbcustom\u00bb size=\u00bbsm\u00bb custom_color=\u00bb#ffc000&#8243; el_class=\u00bbmb-0 coor-ico\u00bb custom_background_color=\u00bb#ffc000&#8243;][\/vc_column_inner][vc_column_inner width=\u00bb3\/4&#8243; offset=\u00bbvc_col-md-9 vc_col-xs-9&#8243;][vc_column_text el_class=\u00bbmb-1 coor-text\u00bb]<strong><a href=\"mailto:contact@ardenplast.fr\">contact@ardenplast.fr<\/a><\/strong>[\/vc_column_text][\/vc_column_inner][\/vc_row_inner][\/vc_column][vc_column width=\u00bb4\/6&#8243;]\n                <div class='gf_browser_gecko gform_wrapper gform-contact_wrapper' id='gform_wrapper_1' ><form method='post' enctype='multipart\/form-data'  id='gform_1' class='gform-contact' action='\/es\/wp-json\/wp\/v2\/pages\/2798\/'>\n                        <div class='gform_body'><ul id='gform_fields_1' class='gform_fields top_label form_sublabel_below description_below'><li id='field_1_13'  class='gfield gf_left_half mt-0 gfield_contains_required field_sublabel_below field_description_below hidden_label gfield_visibility_visible' ><label class='gfield_label' for='input_1_13' >Apellidos y nombre *<span class='gfield_required'>*<\/span><\/label><div class='ginput_container ginput_container_text'><input name='input_13' id='input_1_13' type='text' value='' class='medium'    placeholder='Apellidos y nombre *' aria-required=\"true\" aria-invalid=\"false\" \/><\/div><\/li><li id='field_1_4'  class='gfield gf_right_half mt-0 gfield_contains_required field_sublabel_below field_description_below hidden_label gfield_visibility_visible' ><label class='gfield_label' for='input_1_4' >Empresa *<span class='gfield_required'>*<\/span><\/label><div class='ginput_container ginput_container_text'><input name='input_4' id='input_1_4' type='text' value='' class='medium'    placeholder='Empresa *' aria-required=\"true\" aria-invalid=\"false\" \/><\/div><\/li><li id='field_1_14'  class='gfield gf_left_half pt-2 gfield_contains_required field_sublabel_below field_description_below hidden_label gfield_visibility_visible' ><label class='gfield_label' for='input_1_14' >Pays<span class='gfield_required'>*<\/span><\/label><div class='ginput_container ginput_container_select'><select name='input_14' id='input_1_14'  class='medium gfield_select'   aria-required=\"true\" aria-invalid=\"false\"><option value='Pays *' selected='selected'>Pays *<\/option><option value='France' >France<\/option><option value='Allemagne' >Allemagne<\/option><option value='Autriche' >Autriche<\/option><option value='Belgique' >Belgique<\/option><option value='Bulgarie' >Bulgarie<\/option><option value='Chypre' >Chypre<\/option><option value='Croatie' >Croatie<\/option><option value='Danemark' >Danemark<\/option><option value='l&#039;Espagne' >l&#039;Espagne<\/option><option value='Estonie' >Estonie<\/option><option value='Finlande' >Finlande<\/option><option value='Gr\u00e8ce' >Gr\u00e8ce<\/option><option value='Hongrie' >Hongrie<\/option><option value='Irlande' >Irlande<\/option><option value='Italie' >Italie<\/option><option value='Lettonie' >Lettonie<\/option><option value='Lituanie' >Lituanie<\/option><option value='Luxembourg' >Luxembourg<\/option><option value='Malte' >Malte<\/option><option value='Pays-Bas' >Pays-Bas<\/option><option value='Pologne' >Pologne<\/option><option value='Portugal' >Portugal<\/option><option value='R\u00e9publique tch\u00e8que' >R\u00e9publique tch\u00e8que<\/option><option value='Roumanie' >Roumanie<\/option><option value='Slovaquie' >Slovaquie<\/option><option value='Slov\u00e9nie' >Slov\u00e9nie<\/option><option value='Su\u00e8de' >Su\u00e8de<\/option><\/select><\/div><\/li><li id='field_1_15'  class='gfield gf_left_half pt-2 gfield_contains_required field_sublabel_below field_description_below hidden_label gfield_visibility_visible' ><label class='gfield_label' for='input_1_15' >D\u00e9partement<span class='gfield_required'>*<\/span><\/label><div class='ginput_container ginput_container_select'><select name='input_15' id='input_1_15'  class='medium gfield_select'   aria-required=\"true\" aria-invalid=\"false\"><option value='' selected='selected'>D\u00e9partement *<\/option><option value='01' >01<\/option><option value='02' >02<\/option><option value='03' >03<\/option><option value='04' >04<\/option><option value='05' >05<\/option><option value='06' >06<\/option><option value='07' >07<\/option><option value='08' >08<\/option><option value='09' >09<\/option><option value='10' >10<\/option><option value='11' >11<\/option><option value='12' >12<\/option><option value='13' >13<\/option><option value='14' >14<\/option><option value='15' >15<\/option><option value='16' >16<\/option><option value='17' >17<\/option><option value='18' >18<\/option><option value='19' >19<\/option><option value='20' >20<\/option><option value='21' >21<\/option><option value='22' >22<\/option><option value='23' >23<\/option><option value='24' >24<\/option><option value='25' >25<\/option><option value='26' >26<\/option><option value='27' >27<\/option><option value='28' >28<\/option><option value='29' >29<\/option><option value='30' >30<\/option><option value='31' >31<\/option><option value='32' >32<\/option><option value='33' >33<\/option><option value='34' >34<\/option><option value='35' >35<\/option><option value='36' >36<\/option><option value='37' >37<\/option><option value='38' >38<\/option><option value='39' >39<\/option><option value='40' >40<\/option><option value='41' >41<\/option><option value='42' >42<\/option><option value='43' >43<\/option><option value='44' >44<\/option><option value='45' >45<\/option><option value='46' >46<\/option><option value='47' >47<\/option><option value='48' >48<\/option><option value='49' >49<\/option><option value='50' >50<\/option><option value='51' >51<\/option><option value='52' >52<\/option><option value='53' >53<\/option><option value='54' >54<\/option><option value='55' >55<\/option><option value='56' >56<\/option><option value='57' >57<\/option><option value='58' >58<\/option><option value='59' >59<\/option><option value='60' >60<\/option><option value='61' >61<\/option><option value='62' >62<\/option><option value='63' >63<\/option><option value='64' >64<\/option><option value='65' >65<\/option><option value='66' >66<\/option><option value='67' >67<\/option><option value='68' >68<\/option><option value='69' >69<\/option><option value='70' >70<\/option><option value='71' >71<\/option><option value='72' >72<\/option><option value='73' >73<\/option><option value='74' >74<\/option><option value='75' >75<\/option><option value='76' >76<\/option><option value='77' >77<\/option><option value='78' >78<\/option><option value='79' >79<\/option><option value='80' >80<\/option><option value='81' >81<\/option><option value='82' >82<\/option><option value='83' >83<\/option><option value='84' >84<\/option><option value='85' >85<\/option><option value='86' >86<\/option><option value='87' >87<\/option><option value='88' >88<\/option><option value='89' >89<\/option><option value='90' >90<\/option><option value='91' >91<\/option><option value='92' >92<\/option><option value='93' >93<\/option><option value='94' >94<\/option><option value='95' >95<\/option><option value='96' >96<\/option><option value='97' >97<\/option><option value='98' >98<\/option><option value='99' >99<\/option><\/select><\/div><\/li><li id='field_1_5'  class='gfield gf_left_half gfield_contains_required field_sublabel_below field_description_below hidden_label gfield_visibility_visible' ><label class='gfield_label' for='input_1_5' >Tel\u00e9fono<span class='gfield_required'>*<\/span><\/label><div class='ginput_container ginput_container_phone'><input name='input_5' id='input_1_5' type='text' value='' class='medium'   placeholder='Tel\u00e9fono *' aria-required=\"true\" aria-invalid=\"false\" \/><\/div><\/li><li id='field_1_6'  class='gfield gf_right_half gfield_contains_required field_sublabel_below field_description_below hidden_label gfield_visibility_visible' ><label class='gfield_label' for='input_1_6' >E-mail<span class='gfield_required'>*<\/span><\/label><div class='ginput_container ginput_container_email'>\n                            <input name='input_6' id='input_1_6' type='text' value='' class='large'    placeholder='E-mail *' aria-required=\"true\" aria-invalid=\"false\"\/>\n                        <\/div><\/li><li id='field_1_7'  class='gfield w-100 gfield_contains_required field_sublabel_below field_description_below hidden_label gfield_visibility_visible' ><label class='gfield_label' for='input_1_7' >Asunto<span class='gfield_required'>*<\/span><\/label><div class='ginput_container ginput_container_text'><input name='input_7' id='input_1_7' type='text' value='' class='large'    placeholder='Asunto *' aria-required=\"true\" aria-invalid=\"false\" \/><\/div><\/li><li id='field_1_8'  class='gfield gfield_contains_required field_sublabel_below field_description_below hidden_label gfield_visibility_visible' ><label class='gfield_label' for='input_1_8' >Mensaje<span class='gfield_required'>*<\/span><\/label><div class='ginput_container ginput_container_textarea'><textarea name='input_8' id='input_1_8' class='textarea medium'   placeholder='Mensaje *' aria-required=\"true\" aria-invalid=\"false\"   rows='10' cols='50'><\/textarea><\/div><\/li><li id='field_1_9'  class='gfield input-rgpd-cons gfield_contains_required field_sublabel_below field_description_below hidden_label gfield_visibility_visible' ><label class='gfield_label'  >Consentimiento RGPD<span class='gfield_required'>*<\/span><\/label><div class='ginput_container ginput_container_checkbox'><ul class='gfield_checkbox' id='input_1_9'><li class='gchoice_1_9_1'>\n\t\t\t\t\t\t\t\t<input name='input_9.1' type='checkbox'  value='* Al enviar este formulario, acepto que la informaci\u00f3n que contien se utilice para permitir que se pongan en contacto conmigo.'  id='choice_1_9_1'   \/>\n\t\t\t\t\t\t\t\t<label for='choice_1_9_1' id='label_1_9_1'>* Al enviar este formulario, acepto que la informaci\u00f3n que contien se utilice para permitir que se pongan en contacto conmigo.<\/label>\n\t\t\t\t\t\t\t<\/li><\/ul><\/div><\/li><li id='field_1_12'  class='gfield text-justify gfield_html gfield_html_formatted gfield_no_follows_desc field_sublabel_below field_description_below gfield_visibility_visible' ><p style=\"color:#999;font-size:12px;\">Para conocer y ejercer sus derechos, de manera especial el de cancelaci\u00f3n de su consentimiento en el empleo de los datos recopilados en este formulario, consulte nuestras  <a href=\"https:\/\/www.arden-plast.com\/es\/menciones-legales\/\" title=\"menciones legales\" target=\"_blank\">menciones legales<\/a><\/p><\/li><li id='field_1_16'  class='gfield gform_validation_container field_sublabel_below field_description_below gfield_visibility_visible' ><label class='gfield_label' for='input_1_16' >Phone<\/label><div class='ginput_container'><input name='input_16' id='input_1_16' type='text' value='' \/><\/div><div class='gfield_description'>Este campo es un campo de validaci\u00f3n y debe quedar sin cambios.<\/div><\/li>\n                            <\/ul><\/div>\n        <div class='gform_footer top_label'> <button class='button btn-primary' id='gform_submit_button_1'><span>Enviar<\/span><\/button> \n            <input type='hidden' class='gform_hidden' name='is_submit_1' value='1' \/>\n            <input type='hidden' class='gform_hidden' name='gform_submit' value='1' \/>\n            \n            <input type='hidden' class='gform_hidden' name='gform_unique_id' value='' \/>\n            <input type='hidden' class='gform_hidden' name='state_1' value='WyJbXSIsImYzYjhjZmJiNzRiZTczZjI4MTczMDM2ODkwMjg2NDc4Il0=' \/>\n            <input type='hidden' class='gform_hidden' name='gform_target_page_number_1' id='gform_target_page_number_1' value='0' \/>\n            <input type='hidden' class='gform_hidden' name='gform_source_page_number_1' id='gform_source_page_number_1' value='1' \/>\n            <input type='hidden' name='gform_field_values' value='' \/>\n            \n        <\/div>\n                        <\/form>\n                        <\/div><script type='text\/javascript'> jQuery(document).bind('gform_post_render', function(event, formId, currentPage){if(formId == 1) {if(typeof Placeholders != 'undefined'){\n                        Placeholders.enable();\n                    }} } );jQuery(document).bind('gform_post_conditional_logic', function(event, formId, fields, isInit){} );<\/script><script type='text\/javascript'> jQuery(document).ready(function(){jQuery(document).trigger('gform_post_render', [1, 1]) } ); <\/script>[\/vc_column][\/vc_row][vc_row full_width=\u00bbstretch_row_content_no_spaces\u00bb el_class=\u00bbpage-contact-row\u00bb][vc_column][vc_gmaps link=\u00bb#E-8_JTNDaWZyYW1lJTIwc3JjJTNEJTIyaHR0cHMlM0ElMkYlMkZ3d3cuZ29vZ2xlLmNvbSUyRm1hcHMlMkZlbWJlZCUzRnBiJTNEJTIxMW0xOCUyMTFtMTIlMjExbTMlMjExZDI1ODUuOTExNzQ1MTM5NjkyJTIxMmQ1LjA3NjczNjc5NzMxNTQlMjEzZDQ5LjU5OTQxMzcyNDQ4ODcyJTIxMm0zJTIxMWYwJTIxMmYwJTIxM2YwJTIxM20yJTIxMWkxMDI0JTIxMmk3NjglMjE0ZjEzLjElMjEzbTMlMjExbTIlMjExczB4NDdlYTY3Mzg2YTQ2MDFjMyUyNTNBMHhlYmRiMGE4MzRjYWZjOWJhJTIxMnNBcmRlbiUyQlBsYXN0JTJCJTI4U0FTJTI5JTIxNWUwJTIxM20yJTIxMXNmciUyMTJzZnIlMjE0djE1MzQ0MjMwNjQxOTAlMjIlMjB3aWR0aCUzRCUyMjYwMCUyMiUyMGhlaWdodCUzRCUyMjQ1MCUyMiUyMGZyYW1lYm9yZGVyJTNEJTIyMCUyMiUyMHN0eWxlJTNEJTIyYm9yZGVyJTNBMCUyMiUyMGFsbG93ZnVsbHNjcmVlbiUzRSUzQyUyRmlmcmFtZSUzRQ==\u00bb css=\u00bb.vc_custom_1534944389573{border-top-width: 0px !important;border-right-width: 0px !important;border-bottom-width: 0px !important;border-left-width: 0px !important;padding-top: 0px !important;padding-right: 0px !important;padding-bottom: 0px !important;padding-left: 0px !important;}\u00bb][\/vc_column][\/vc_row]<\/p>\n","protected":false},"excerpt":{"rendered":"<p>[vc_row full_width=\u00bbstretch_row_content_no_spaces\u00bb css=\u00bb.vc_custom_1537479330176{background-image: url(https:\/\/www.arden-plast.com\/wp-content\/uploads\/2018\/09\/arden-plast-contact.jpg?id=1999) !important;background-position: center !important;background-repeat: no-repeat !important;background-size: cover !important;}\u00bb][vc_column el_class=\u00bbpt-0&#8243;][vc_column_text css=\u00bb.vc_custom_1542727305877{margin-top: 10rem !important;margin-bottom: 10rem !important;}\u00bb el_class=\u00bbm-auto container blue-filter heavy\u00bb] \u00bfUna necesidad, una duda, un proyecto? Contacte con nosotros&#8230;<\/p>\n","protected":false},"author":2,"featured_media":2663,"parent":0,"menu_order":0,"comment_status":"closed","ping_status":"closed","template":"","meta":{"footnotes":""},"class_list":["post-2798","page","type-page","status-publish","has-post-thumbnail","hentry"],"_links":{"self":[{"href":"https:\/\/www.arden-plast.com\/es\/wp-json\/wp\/v2\/pages\/2798\/"}],"collection":[{"href":"https:\/\/www.arden-plast.com\/es\/wp-json\/wp\/v2\/pages\/"}],"about":[{"href":"https:\/\/www.arden-plast.com\/es\/wp-json\/wp\/v2\/types\/page\/"}],"author":[{"embeddable":true,"href":"https:\/\/www.arden-plast.com\/es\/wp-json\/wp\/v2\/users\/2\/"}],"replies":[{"embeddable":true,"href":"https:\/\/www.arden-plast.com\/es\/wp-json\/wp\/v2\/comments\/?post=2798"}],"version-history":[{"count":2,"href":"https:\/\/www.arden-plast.com\/es\/wp-json\/wp\/v2\/pages\/2798\/revisions\/"}],"predecessor-version":[{"id":2801,"href":"https:\/\/www.arden-plast.com\/es\/wp-json\/wp\/v2\/pages\/2798\/revisions\/2801\/"}],"wp:featuredmedia":[{"embeddable":true,"href":"https:\/\/www.arden-plast.com\/es\/wp-json\/wp\/v2\/media\/2663\/"}],"wp:attachment":[{"href":"https:\/\/www.arden-plast.com\/es\/wp-json\/wp\/v2\/media\/?parent=2798"}],"curies":[{"name":"wp","href":"https:\/\/api.w.org\/{rel}","templated":true}]}}