{"id":2802,"date":"2018-07-05T09:27:08","date_gmt":"2018-07-05T07:27:08","guid":{"rendered":"https:\/\/www.arden-plast.com\/mentions-legales\/"},"modified":"2018-11-20T16:42:36","modified_gmt":"2018-11-20T15:42:36","slug":"menciones-legales","status":"publish","type":"page","link":"https:\/\/www.arden-plast.com\/es\/menciones-legales\/","title":{"rendered":"Menciones legales"},"content":{"rendered":"<p>[vc_row][vc_column][vc_column_text]<\/p>\n<div class=\"s-block-item s-repeatable-item s-block-sortable-item rich-text\">\n<div class=\"s-block-item-inner clearfix\">\n<div class=\" columns sixteen\">\n<div class=\"s-component s-text\">\n<div class=\"s-component-content s-font-body\">\n<h3><strong>ARDEN PLAST<\/strong><\/h3>\n<p>Zone industrielle du Jard \u2013 BP 18<br \/>\nF &#8211; 08210 MOUZON (France)<\/p>\n<p>T\u00e9l:\u00a0 \u00a0 \u00a0 \u00a0\u00a0<strong>+ 33 (0)3 24 26 15 13<\/strong><br \/>\nEmail:\u00a0 \u00a0<strong><a href=\"mailto:contact@ardenplast.fr\">contact@ardenplast.fr<\/a><\/strong><\/p>\n<p>&nbsp;<\/p>\n<h3>CONDICIONES DE EMPLEO<\/h3>\n<p>El sitio web accesible con la url siguiente: www.arden-plast.com se utiliza cumpliendo la legislaci\u00f3n francesa. El empleo de este sitio web se rige por las siguientes condiciones generales. Al emplear este sitio, reconoce que tiene conocimiento de estas condiciones y las acepta.<br \/>\nEstas podr\u00e1n modificarse en cualquier momento y sin aviso previo de Arden Plast.<br \/>\nArden Plast no podr\u00e1 ser considerado de ninguna manera responsable de un empleo inadecuado del servicio.<\/p>\n<h3>L\u00cdMITE DE RESPONSABILIDAD<\/h3>\n<p>La informaci\u00f3n contenida en este sitio web es tan precisa como es posible y el sitio se actualizar\u00e1 peri\u00f3dicamente, pero puede presentar inexactitudes, omisiones o lagunas. Si observa una laguna, error o lo que pudiera parecer un mal funcionamiento, por favor, ind\u00edquelo por email describiendo el problema de la manera m\u00e1s precisa posible (p\u00e1gina que presenta el problema, acci\u00f3n que lo desencadena, tipo de ordenador y navegador empleado, etc.).<\/p>\n<p>Cualquier contenido descargado se realizar\u00e1 a riesgo del usuario y bajo su \u00fanica responsabilidad. En consecuencia, Arden Plast no podr\u00e1 ser considerado responsable de cualquier da\u00f1o que sufra el ordenador del usuario o cualquier p\u00e9rdida de datos posteriores a la descarga.<\/p>\n<p>Las im\u00e1genes no son contractuales.<\/p>\n<p>Los enlaces del sitio web dirigidos a otros recursos presentes en Internet no podr\u00e1n comprometer la responsabilidad de Arden Plast.<\/p>\n<h3>LITIGIOS<\/h3>\n<p>Estas condiciones est\u00e1n sometidas a la legislaci\u00f3n francesa y cualquier protesta o litigio que pudiera surgir de la interpretaci\u00f3n o ejecuci\u00f3n de aquellas ser\u00e1n competencia exclusiva de los tribunales de los que depende Arden Plast. El idioma de referencia para la soluci\u00f3n de posibles contenciosos es el franc\u00e9s.<\/p>\n<h3>DERECHOS DE ACCESO<\/h3>\n<p>En aplicaci\u00f3n de esta ley, los internautas dispondr\u00e1n de derecho de acceso, rectificaci\u00f3n, modificaci\u00f3n y supresi\u00f3n de los datos que les afecten personalmente, as\u00ed como un derecho de petici\u00f3n de cancelaci\u00f3n de su consentimiento en el empleo de los datos recogidos. Este derecho podr\u00e1 ejercerse por v\u00eda postal ante Arden Plast o por v\u00eda electr\u00f3nica a la siguiente direcci\u00f3n de email: contact@ardenplast.fr.<br \/>\nLa informaci\u00f3n personal recogida no se confiar\u00e1 en ning\u00fan caso a terceros, salvo para la prestaci\u00f3n del servicio que el internauta haya solicitado.<\/p>\n<h3>CONFIDENCIALIDAD<\/h3>\n<p>Sus datos personales son confidenciales y no se comunicar\u00e1n en ning\u00fan caso a terceros, salvo para la prestaci\u00f3n del servicio.<\/p>\n<h3>PROPIEDAD INTELECTUAL<\/h3>\n<p>Todo el contenido de este sitio web, incluyendo, de manera no limitativa, gr\u00e1ficos, im\u00e1genes, textos, v\u00eddeos, animaciones, sonidos, logos, gifs e iconos y su forma son propiedad exclusiva de Arden Plast a excepci\u00f3n de las marcas, logos o contenidos que pertenezcan a otras empresas colaboradoras o autores.<br \/>\nCualquier reproducci\u00f3n, distribuci\u00f3n, modificaci\u00f3n, adaptaci\u00f3n, transmisi\u00f3n o publicaci\u00f3n, incluso parcial, de estos diferentes elementos est\u00e1 estrictamente prohibida sin el acuerdo expreso por escrito de Arden Plast. Esta representaci\u00f3n o reproducci\u00f3n por cualquier procedimiento se considerar\u00e1 una usurpaci\u00f3n de la propiedad intelectual sancionada por los art\u00edculos L.3335-2 y siguientes del C\u00f3digo de la Propiedad Intelectual franc\u00e9s. No respetar esta prohibici\u00f3n constituir\u00e1 una usurpaci\u00f3n de la propiedad intelectual que podr\u00e1 comprometer la responsabilidad civil y penal del usurpador. Adem\u00e1s, los propietarios de los contenidos copiados podr\u00edan iniciar una acci\u00f3n ante los Tribunales en su contra.<\/p>\n<p>Arden Plast es propietario de los \u00abderechos de productores de bases de datos\u00bb contemplados en el Libro III, T\u00edtulo IV del C\u00f3digo de la Propiedad Intelectual franc\u00e9s (Ley n\u00ba 98-536 de 1 de julio de 1998) sobre derechos de autor y bases de datos.<\/p>\n<p>Los usuarios y visitantes del sitio web podr\u00e1n crear un enlace de la direcci\u00f3n de este sitio pero solo de la p\u00e1gina de inicio, accesible en la URL siguiente: www.ardenplast.fr, a condici\u00f3n de que se abra en una nueva ventana. Queda prohibido un enlace en particular hacia otras p\u00e1ginas (enlace profundo), as\u00ed como abrir este sitio en un encuadre (framing) salvo autorizaci\u00f3n expresa y previa de Arden Plast.<br \/>\nPara cualquier solicitud de autorizaci\u00f3n o informaci\u00f3n, contacte con nosotros por email: www.ardenplast.fr. Existen condiciones espec\u00edficas para la prensa.<\/p>\n<p>Por otra parte, el dise\u00f1o de este sitio web ha requerido acudir a fuentes externas de las que hemos adquirido derechos o cuyos derechos de uso son abiertos.<\/p>\n<h3>DISE\u00d1ADOR DEL SITIO WEB Y CARTA GR\u00c1FICA<\/h3>\n<p>Business Aptitude<br \/>\nForgeval-1er \u00e9tage<br \/>\n30, rue des Fr\u00e8res Danna<br \/>\n59300 Valenciennes<br \/>\nFrancia<br \/>\nwww.business-aptitude.com<\/p>\n<h3>ALOJAMIENTO SITIO WEB<\/h3>\n<p>OVH<br \/>\n2 rue Kellermann<br \/>\n59100 Roubaix<br \/>\nFrancia<\/p>\n<h3>CR\u00c9DITOS DE IMAGEN, ICONOS<\/h3>\n<p>SHUTTERSTOCK<br \/>\nFLATICON<br \/>\nFONTAWESOME<br \/>\nArden Plast<\/p>\n<h3>CONDICIONES DE SERVICIO<\/h3>\n<p>Este sitio se ofrece en lenguajes HTML5 y CSS3, para un mejor confort de empleo y un grafismo m\u00e1s agradable, le recomendamos recurrir a navegadores modernos como Safari, Firefox, Chrome, etc.<\/p>\n<h3>INFORMACI\u00d3N Y EXCLUSI\u00d3N<\/h3>\n<p>Arden Plast pone en juego todos los medios de los que dispone para garantizar una informaci\u00f3n y una actualizaci\u00f3n fiables de sus sitios web. Sin embargo, podr\u00edan tener lugar errores u omisiones. El internauta deber\u00e1, as\u00ed pues, asegurarse de la exactitud de la informaci\u00f3n ante Arden Plast e indicar cualquier modificaci\u00f3n que considere \u00fatil. Arden Plast no ser\u00e1 en ning\u00fan caso responsable del empleo que se haga de esta informaci\u00f3n y de cualquier perjuicio directo o indirecto que pudiera desprenderse de ello.<\/p>\n<h3>COOKIES<\/h3>\n<p>Por necesidades estad\u00edsticas y de visualizaci\u00f3n, este sitio utiliza cookies. Se trata de peque\u00f1os archivos de texto que se almacenan en su disco duro para guardar datos t\u00e9cnicos sobre su navegaci\u00f3n. Algunas partes de este sitio no funcionar\u00e1n si no acepta estas cookies.<\/p>\n<p>Las cookies se emplean en estad\u00edsticas del sitio a trav\u00e9s del servicio de Google Analytics. Estas cookies permiten medir de manera an\u00f3nima y agregada la audiencia de los contenidos presentes en el sitio y mejorar su funcionamiento.<\/p>\n<p>Tiene la posibilidad de ejercer sus derechos en materia de gesti\u00f3n de cookies desde la cinta que se muestra en su primera visita.<br \/>\nTambi\u00e9n es posible que los usuarios del sitio expresen sus elecciones en materia de gesti\u00f3n de cookies directamente configurando su navegador o su sistema operativo.<\/p>\n<p>La aceptaci\u00f3n o el rechazo de las cookies en la cinta que se muestra en su primera visita se guarda por un a\u00f1o. Si contin\u00faa visitando el sitio sin haber manifestado su aceptaci\u00f3n o rechazo de las cookies a trav\u00e9s de la cinta aceptar\u00e1 el empleo de las cookies por 30 d\u00edas.<\/p>\n<h3>ENLACES<\/h3>\n<p>El sitio web de Arden Plast puede ofrecer enlaces hacia otros sitios o recursos disponibles en Internet.<\/p>\n<p>Arden Plast no dispone de medios de control de los sitios en conexi\u00f3n con sus sitios de Internet. Arden Plast no podr\u00e1 responder de la disponibilidad de tales sitios y fuentes externas ni garantizarla. No ser\u00e1 considerada responsable de cualquier da\u00f1o de cualquier naturaleza originado por el contenido de estos sitios o fuentes externas y de manera especial de la informaci\u00f3n, productos o servicios que ofrezcan o del empleo que pueda hacerse de estos elementos. Los riesgos relacionados con este empleo incumbir\u00e1n solo al internauta, que deber\u00e1 adaptarse a sus condiciones de empleo.<\/p>\n<p>Los usuarios, abonados y visitantes del sitio web de Arden Plast no podr\u00e1n crear un enlace a este sitio sin autorizaci\u00f3n expresa y previa de Arden Plast.<\/p>\n<p>En la hip\u00f3tesis de que un usuario o visitante deseara crear un enlace a uno de los sitios web de Arden Plast, deber\u00e1 dirigir un email accesible al sitio para formular su petici\u00f3n. Arden Plast se reserva el derecho de aceptar o rechazar un enlace sin necesidad de justificar su decisi\u00f3n.<\/p>\n<h3>B\u00daSQUEDA<\/h3>\n<p>Por otra parte, el reenv\u00edo a un sitio web para completar la b\u00fasqueda de informaci\u00f3n no significar\u00e1 de ninguna manera que Arden Plast reconozca o acepte la responsabilidad de su contenido o empleo.<\/p>\n<h3>PRECAUCIONES DE EMPLEO<\/h3>\n<p>Deber\u00e1, por lo tanto, tomar las precauciones de empleo necesarias para asegurarse de que lo que seleccione para utilizar no contenga errores o incluso elementos de naturaleza destructora como virus, troyanos, etc.<\/p>\n<h3>RESPONSABILIDAD<\/h3>\n<p>No se otorgar\u00e1 ninguna garant\u00eda al cliente, a quien le incumbir\u00e1 la obligaci\u00f3n de formular con claridad sus necesidades y el deber de informarse. Si apareciera informaci\u00f3n inexacta facilitada por Arden Plast, el cliente deber\u00e1 realizar todas las comprobaciones de coherencia o veracidad de los resultados obtenidos. Arden Plast no ser\u00e1 responsable, de ninguna manera y frente a terceros, del empleo que realice el cliente de la informaci\u00f3n o de su ausencia en sus productos, incluidos cualquiera de sus sitios web.<\/p>\n<h3>CONTACTO<\/h3>\n<p>Arden Plast est\u00e1 a su disposici\u00f3n para todos sus comentarios o sugerencias.<br \/>\nPuede escribirnos en franc\u00e9s por correo electr\u00f3nico a www.ardenplast.fr y utilizar nuestro formulario de contacto en la web.<\/p>\n<\/div>\n<\/div>\n<\/div>\n<\/div>\n<\/div>\n<p>[\/vc_column_text][\/vc_column][\/vc_row]<\/p>\n","protected":false},"excerpt":{"rendered":"<p>[vc_row][vc_column][vc_column_text] ARDEN PLAST Zone industrielle du Jard \u2013 BP 18 F &#8211; 08210 MOUZON (France) T\u00e9l:\u00a0 \u00a0 \u00a0 \u00a0\u00a0+ 33 (0)3 24 26 15 13 Email:\u00a0 \u00a0contact@ardenplast.fr &nbsp; CONDICIONES DE&#8230;<\/p>\n","protected":false},"author":2,"featured_media":2663,"parent":0,"menu_order":0,"comment_status":"closed","ping_status":"closed","template":"","meta":{"footnotes":""},"class_list":["post-2802","page","type-page","status-publish","has-post-thumbnail","hentry"],"_links":{"self":[{"href":"https:\/\/www.arden-plast.com\/es\/wp-json\/wp\/v2\/pages\/2802\/"}],"collection":[{"href":"https:\/\/www.arden-plast.com\/es\/wp-json\/wp\/v2\/pages\/"}],"about":[{"href":"https:\/\/www.arden-plast.com\/es\/wp-json\/wp\/v2\/types\/page\/"}],"author":[{"embeddable":true,"href":"https:\/\/www.arden-plast.com\/es\/wp-json\/wp\/v2\/users\/2\/"}],"replies":[{"embeddable":true,"href":"https:\/\/www.arden-plast.com\/es\/wp-json\/wp\/v2\/comments\/?post=2802"}],"version-history":[{"count":3,"href":"https:\/\/www.arden-plast.com\/es\/wp-json\/wp\/v2\/pages\/2802\/revisions\/"}],"predecessor-version":[{"id":2807,"href":"https:\/\/www.arden-plast.com\/es\/wp-json\/wp\/v2\/pages\/2802\/revisions\/2807\/"}],"wp:featuredmedia":[{"embeddable":true,"href":"https:\/\/www.arden-plast.com\/es\/wp-json\/wp\/v2\/media\/2663\/"}],"wp:attachment":[{"href":"https:\/\/www.arden-plast.com\/es\/wp-json\/wp\/v2\/media\/?parent=2802"}],"curies":[{"name":"wp","href":"https:\/\/api.w.org\/{rel}","templated":true}]}}