{"id":2809,"date":"2018-07-05T09:27:41","date_gmt":"2018-07-05T07:27:41","guid":{"rendered":"https:\/\/www.arden-plast.com\/politique-de-confidentialite\/"},"modified":"2018-11-20T16:48:47","modified_gmt":"2018-11-20T15:48:47","slug":"politica-de-confidencialidad","status":"publish","type":"page","link":"https:\/\/www.arden-plast.com\/es\/politica-de-confidencialidad\/","title":{"rendered":"Pol\u00edtica de confidencialidad"},"content":{"rendered":"<p>Bienvenido al sitio web de ARDEN PLAST (desde ahora denominado \u00abSitio\u00bb), editado por la empresa ARDEN PLAST.<\/p>\n<p>Al utilizar nuestro sitio, puede transmitir a ARDEN PLAST datos personales (nombre, apellidos, correo electr\u00f3nico, etc.) de manera especial mediante los formularios de contacto y de pedido que aparecen en el Sitio.<\/p>\n<h3>1. FINALIDADES DEL TRATAMIENTO DE DATOS PERSONALES<\/h3>\n<p>Los datos personales recopilados a trav\u00e9s del Sitio son necesarios para responder a su mensaje o petici\u00f3n.<\/p>\n<p>La informaci\u00f3n se\u00f1alada con un asterisco ser\u00e1 necesaria para responder a sus mensajes o peticiones, a menos que no se indique como facultativa. A falta de la informaci\u00f3n solicitada, ARDEN PLAST no podr\u00e1 procesar su petici\u00f3n.<\/p>\n<p>Esta informaci\u00f3n ser\u00e1 objeto de un tratamiento informatizado bajo la responsabilidad de ARDEN PLAST y se destinar\u00e1 exclusivamente a esta \u00faltima para respuesta a su mensaje o petici\u00f3n.<\/p>\n<p>Los datos de car\u00e1cter personal solo ser\u00e1n visibles para las personas habilitadas.<\/p>\n<h3>2. PER\u00cdODO DE CONSERVACI\u00d3N DE DATOS<\/h3>\n<p>De conformidad con la normativa aplicable, los datos de car\u00e1cter personal solo se conservar\u00e1n en forma identificable durante un per\u00edodo que no exceder\u00e1 el necesario para la finalidad por la que se recogieron y se trataron.<\/p>\n<p>A este t\u00edtulo, los datos de car\u00e1cter personal recogidos a trav\u00e9s del Sitio se conservar\u00e1n en una base activa el tiempo necesario para cumplir las finalidades contempladas m\u00e1s arriba y durante un per\u00edodo de tres (3) a\u00f1os tras su \u00faltimo contacto con ARDEN PLAST.<\/p>\n<h3>3. EJERCICIO DE LOS DERECHOS DE ACCESO, RECTIFICACI\u00d3N Y OPOSIC\u00d3N A LOS TRATAMIENTOS Y DIRECTRICES ANTICIPADOS<\/h3>\n<p>De conformidad con la normativa aplicable, disfruta del derecho de acceso, rectificaci\u00f3n y supresi\u00f3n de los datos que le afecten, del derecho a la limitaci\u00f3n del tratamiento de estos datos, del derecho a oponerse a su empleo y portabilidad y del derecho a formular directrices relativas a la conservaci\u00f3n, eliminaci\u00f3n y comunicaci\u00f3n de sus datos de car\u00e1cter personal tras su defunci\u00f3n.<\/p>\n<p>Puede ejercer sus derechos dirigiendo un correo a ARDEN PLAST Zone industrielle du Jard \u2013 F08210 MOUZON (Francia) o un correo electr\u00f3nico a contact@ardenplast.com.<\/p>\n<p>Podr\u00e1 solicit\u00e1rsele la fotocopia de su carnet de identidad en funci\u00f3n de la naturaleza de su solicitud.<\/p>\n<p>Dispone tambi\u00e9n del derecho de presentar reclamaci\u00f3n ante la CNIL.<\/p>\n<h3>4. POL\u00cdTICA DE COOKIES<\/h3>\n<h4>QUI\u00c9NES SOMOS<\/h4>\n<p>Esta r\u00fabrica le permite conocer m\u00e1s sobre el origen y el empleo de la informaci\u00f3n de navegaci\u00f3n tratada durante su consulta en el Sitio y sus derechos.<\/p>\n<p>Al realizar la consulta al Sitio, puede grabarse informaci\u00f3n sobre la navegaci\u00f3n del terminal de los internautas (ordenador, tablet, smartphone, etc.) por dicho Sitio en archivos \u00abcookies\u00bb instalados en el terminal, a reserva de la elecci\u00f3n que el internauta exprese sobre las cookies y que puede modificar en cualquier momento.<\/p>\n<h4>UTILIDAD DE LAS COOKIES DE ESTE SITIO<\/h4>\n<p>Solo el emisor de una cookie puede leer o modificar la informaci\u00f3n que contiene.<\/p>\n<p>Las cookies emitidas sobre el Sitio<\/p>\n<p>Cuando un internauta se conecta al Sitio, ARDEN PLAST puede, a reserva de la elecci\u00f3n del internauta, instalar diversas cookies en su terminal para reconocer el navegador de su terminal durante el per\u00edodo de validez de la cookie en cuesti\u00f3n. Las cookies que se emiten se emplear\u00e1n para los fines descritos a continuaci\u00f3n a reserva de la elecci\u00f3n del internauta, que puede expresar en cualquier momento.<\/p>\n<p>Las cookies permiten:<\/p>\n<p>\u2013 establecer estad\u00edsticas y vol\u00famenes de frecuencia y empleo de los diversos elementos que componen el Sitio (apartados y contenidos visitados, recorridos) que permitir\u00e1n a ARDEN PLAST mejorar el inter\u00e9s y la ergonom\u00eda de sus servicios;<\/p>\n<p>adaptar la presentaci\u00f3n del Sitio a las preferencias de visualizaci\u00f3n del terminal del internauta (idioma utilizado, resoluci\u00f3n de pantalla, sistema operativo utilizado, etc.) durante sus visitas al Sitio, seg\u00fan los materiales y aplicaciones de visualizaci\u00f3n o lectura que este terminal contenga;<br \/>\nmemorizar informaci\u00f3n relativa a un formulario que el internauta complete en el Sitio;<\/p>\n<p>El cuadro siguiente detalla las cookies que utiliza ARDEN PLAST:<\/p>\n<p>Nombre de la cookie: Google Analytics<br \/>\nEditor de la cookie: Google<br \/>\nFinalidad de la cookie: Medir la audiencia<\/p>\n<h4>SU ELECCI\u00d3N SOBRE LAS COOKIES<\/h4>\n<p>De conformidad con la normativa denominada \u00abInform\u00e1tica y libertades\u00bb, ARDEN PLAST recoger\u00e1 el consentimiento del internauta previo al almacenamiento de las cookies de medici\u00f3n de audiencia.<\/p>\n<p>Se ofrecen varias posibilidades para gestionar las cookies. Cualquier configuraci\u00f3n realizada podr\u00e1 modificar la navegaci\u00f3n del internauta en Internet y sus condiciones de acceso a determinados servicios que requieran el empleo de cookies.<\/p>\n<p>El internauta podr\u00e1 realizar la elecci\u00f3n en cualquier momento y expresar y modificar sus deseos en materia de cookies, por los medios descritos a continuaci\u00f3n.<\/p>\n<p>Elecciones que ofrece el navegador<\/p>\n<p>El internauta podr\u00e1 configurar su navegador de tal manera que las cookies se guarden en su terminal o que, al contrario, se rechacen, bien sistem\u00e1ticamente, bien seg\u00fan el emisor. El internauta podr\u00e1 tambi\u00e9n configurar su navegador de manera que se le proponga de manera puntual la aceptaci\u00f3n o el rechazo, antes de que una cookie pueda quedar guardada en su terminal.<\/p>\n<h4>C\u00f3mo ejercer su elecci\u00f3n seg\u00fan el navegador que utilice<\/h4>\n<p>Para la gesti\u00f3n de las cookies y su elecci\u00f3n, cada navegador tiene una configuraci\u00f3n diferente. Esta gesti\u00f3n se describe en el men\u00fa de ayuda de su navegador, que le permitir\u00e1 saber de qu\u00e9 manera puede modificar sus deseos en materia de cookies.<\/p>\n<p>Para Internet Explorer\u2122: http:\/\/windows.microsoft.com\/fr-FR\/windows-vista\/Block-or-allow-cookies<\/p>\n<p>Safari\u2122: http:\/\/docs.info.apple.com\/article.html?path=Safari\/3.0\/fr\/9277.html,<\/p>\n<p>Chrome\u2122: http:\/\/support.google.com\/chrome\/bin\/answer.py?hl=fr&amp;hlrm=en&amp;answer=95647,<\/p>\n<p>Firefox\u2122: http:\/\/support.mozilla.org\/fr\/kb\/Activer%20et%20d%C3%A9sactiver%20les%20cookies,<\/p>\n<p>Opera\u2122: http:\/\/help.opera.com\/Windows\/10.20\/fr\/cookies.html<\/p>\n<h4>Configuraci\u00f3n del sistema operativo de su smartphone<\/h4>\n<p>Tiene la posibilidad de controlar el almacenamiento de cookies en su smartphone, en las pol\u00edticas del sistema operativo.<\/p>\n<p>En iOS: https:\/\/support.apple.com\/fr-fr\/HT201265<\/p>\n<p>En Android: https:\/\/support.google.com\/chrome\/topic\/3434352<\/p>\n<p>Rechazo de cookies directamente en el sitio del editor<\/p>\n<p>Algunos editores de cookies del Sitio ofrecen a los internautas la posibilidad de configurar el almacenamiento de la cookie que ofrecen.<\/p>\n<h4>Elecciones ofrecidas por las soluciones en l\u00ednea<\/h4>\n<p>Tambi\u00e9n tiene la posiblidad de oponerse al almacenamiento de cookies accediendo al sitio Internet http:\/\/www.youronlinechoices.com\/fr\/controler-ses-cookies\/\u00a0.<\/p>\n<p>Para m\u00e1s informaci\u00f3n sobre las cookies, puede consultar el sitio web de la CNIL.<\/p>\n","protected":false},"excerpt":{"rendered":"<p>Bienvenido al sitio web de ARDEN PLAST (desde ahora denominado \u00abSitio\u00bb), editado por la empresa ARDEN PLAST. Al utilizar nuestro sitio, puede transmitir a ARDEN PLAST datos personales (nombre, apellidos,&#8230;<\/p>\n","protected":false},"author":2,"featured_media":0,"parent":0,"menu_order":0,"comment_status":"closed","ping_status":"closed","template":"","meta":{"footnotes":""},"class_list":["post-2809","page","type-page","status-publish","hentry"],"_links":{"self":[{"href":"https:\/\/www.arden-plast.com\/es\/wp-json\/wp\/v2\/pages\/2809\/"}],"collection":[{"href":"https:\/\/www.arden-plast.com\/es\/wp-json\/wp\/v2\/pages\/"}],"about":[{"href":"https:\/\/www.arden-plast.com\/es\/wp-json\/wp\/v2\/types\/page\/"}],"author":[{"embeddable":true,"href":"https:\/\/www.arden-plast.com\/es\/wp-json\/wp\/v2\/users\/2\/"}],"replies":[{"embeddable":true,"href":"https:\/\/www.arden-plast.com\/es\/wp-json\/wp\/v2\/comments\/?post=2809"}],"version-history":[{"count":2,"href":"https:\/\/www.arden-plast.com\/es\/wp-json\/wp\/v2\/pages\/2809\/revisions\/"}],"predecessor-version":[{"id":2811,"href":"https:\/\/www.arden-plast.com\/es\/wp-json\/wp\/v2\/pages\/2809\/revisions\/2811\/"}],"wp:attachment":[{"href":"https:\/\/www.arden-plast.com\/es\/wp-json\/wp\/v2\/media\/?parent=2809"}],"curies":[{"name":"wp","href":"https:\/\/api.w.org\/{rel}","templated":true}]}}